{"id":4017,"date":"2019-12-11T15:30:53","date_gmt":"2019-12-11T14:30:53","guid":{"rendered":"https:\/\/www.jotunheimenhuskylodge.no\/group-adventures\/"},"modified":"2019-12-11T15:30:53","modified_gmt":"2019-12-11T14:30:53","slug":"group-adventures","status":"publish","type":"page","link":"https:\/\/www.jotunheimenhuskylodge.no\/en\/group-adventures\/","title":{"rendered":"Group adventures"},"content":{"rendered":"        <div class=\"c-gb-media\">\r\n        <div class=\"c-gb-media__image-wrapper\">\r\n            <figure class=\"c-gb-media__image\">\r\n                <img decoding=\"async\" src=\"https:\/\/www.jotunheimenhuskylodge.no\/wp-content\/uploads\/2019\/11\/P1012388_sharpen-scaled.jpg\" alt=\"Gruppetur i Jotunheimen\" \/>\r\n                                    <figcaption>OLYMPUS DIGITAL CAMERA<\/figcaption>\r\n                            <\/figure>\r\n        <\/div>\r\n    <\/div>\r\n            <h2 class=\"c-gb-heading\">\r\n            Group adventures        <\/h2>\r\n        <div class=\"c-gb-paragraph\">\r\n        <p>At Jotunheimen Husky Lodge we live for teamwork. Getting 30 huskies to move in the same direction is demanding \u2013 and extremely fun. A bit like running a business, a workplace or getting a group of friends to dance to the same tune. <\/p>\n<p>If you want to experience Jotunheimen \u2013 and each other \u2013 in a slightly different way, we\u2019 re happy to customize the event to your needs.<\/p>\n            <\/div>\r\n    <div class=\"c-gb-cta\">\r\n        <a\r\n            target=\"\"\r\n            href=\"https:\/\/www.jotunheimenhuskylodge.no\/kontakt\/\"\r\n            class=\"c-btn c-btn--alt\">\r\n            <span class=\"c-label\">\r\n                Ta kontakt for gruppeturer            <\/span>\r\n        <\/a>\r\n    <\/div>\r\n","protected":false},"excerpt":{"rendered":"","protected":false},"author":8,"featured_media":0,"parent":0,"menu_order":0,"comment_status":"closed","ping_status":"closed","template":"","meta":{"_acf_changed":false,"footnotes":""},"class_list":["post-4017","page","type-page","status-publish","hentry"],"acf":[],"yoast_head":"<!-- This site is optimized with the Yoast SEO plugin v27.3 - https:\/\/yoast.com\/product\/yoast-seo-wordpress\/ -->\n<title>Group adventures - Jotunheimen Husky Lodge<\/title>\n<meta name=\"description\" content=\"\u00c5 f\u00e5 30 huskyer til \u00e5 dra i samme retning er krevende og moro. Litt som \u00e5 lede en bedrift, eller f\u00f8lelsen n\u00e5r det virkelig svinger i vennegjengen.\" \/>\n<meta name=\"robots\" content=\"index, follow, max-snippet:-1, max-image-preview:large, max-video-preview:-1\" \/>\n<link rel=\"canonical\" href=\"https:\/\/www.jotunheimenhuskylodge.no\/en\/group-adventures\/\" \/>\n<meta property=\"og:locale\" content=\"en_US\" \/>\n<meta property=\"og:type\" content=\"article\" \/>\n<meta property=\"og:title\" content=\"Group adventures - Jotunheimen Husky Lodge\" \/>\n<meta property=\"og:description\" content=\"\u00c5 f\u00e5 30 huskyer til \u00e5 dra i samme retning er krevende og moro. Litt som \u00e5 lede en bedrift, eller f\u00f8lelsen n\u00e5r det virkelig svinger i vennegjengen.\" \/>\n<meta property=\"og:url\" content=\"https:\/\/www.jotunheimenhuskylodge.no\/en\/group-adventures\/\" \/>\n<meta property=\"og:site_name\" content=\"Jotunheimen Husky Lodge\" \/>\n<meta name=\"twitter:card\" content=\"summary_large_image\" \/>\n<script type=\"application\/ld+json\" class=\"yoast-schema-graph\">{\"@context\":\"https:\\\/\\\/schema.org\",\"@graph\":[{\"@type\":\"WebPage\",\"@id\":\"https:\\\/\\\/www.jotunheimenhuskylodge.no\\\/en\\\/group-adventures\\\/\",\"url\":\"https:\\\/\\\/www.jotunheimenhuskylodge.no\\\/en\\\/group-adventures\\\/\",\"name\":\"Group adventures - Jotunheimen Husky Lodge\",\"isPartOf\":{\"@id\":\"https:\\\/\\\/www.jotunheimenhuskylodge.no\\\/en\\\/#website\"},\"datePublished\":\"2019-12-11T14:30:53+00:00\",\"description\":\"\u00c5 f\u00e5 30 huskyer til \u00e5 dra i samme retning er krevende og moro. Litt som \u00e5 lede en bedrift, eller f\u00f8lelsen n\u00e5r det virkelig svinger i vennegjengen.\",\"breadcrumb\":{\"@id\":\"https:\\\/\\\/www.jotunheimenhuskylodge.no\\\/en\\\/group-adventures\\\/#breadcrumb\"},\"inLanguage\":\"en-US\",\"potentialAction\":[{\"@type\":\"ReadAction\",\"target\":[\"https:\\\/\\\/www.jotunheimenhuskylodge.no\\\/en\\\/group-adventures\\\/\"]}]},{\"@type\":\"BreadcrumbList\",\"@id\":\"https:\\\/\\\/www.jotunheimenhuskylodge.no\\\/en\\\/group-adventures\\\/#breadcrumb\",\"itemListElement\":[{\"@type\":\"ListItem\",\"position\":1,\"name\":\"Hjem\",\"item\":\"https:\\\/\\\/www.jotunheimenhuskylodge.no\\\/en\\\/\"},{\"@type\":\"ListItem\",\"position\":2,\"name\":\"Group adventures\"}]},{\"@type\":\"WebSite\",\"@id\":\"https:\\\/\\\/www.jotunheimenhuskylodge.no\\\/en\\\/#website\",\"url\":\"https:\\\/\\\/www.jotunheimenhuskylodge.no\\\/en\\\/\",\"name\":\"Jotunheimen Husky Lodge\",\"description\":\"Din dr\u00f8m \u2013 v\u00e5r lidenskap\",\"potentialAction\":[{\"@type\":\"SearchAction\",\"target\":{\"@type\":\"EntryPoint\",\"urlTemplate\":\"https:\\\/\\\/www.jotunheimenhuskylodge.no\\\/en\\\/?s={search_term_string}\"},\"query-input\":{\"@type\":\"PropertyValueSpecification\",\"valueRequired\":true,\"valueName\":\"search_term_string\"}}],\"inLanguage\":\"en-US\"}]}<\/script>\n<!-- \/ Yoast SEO plugin. -->","yoast_head_json":{"title":"Group adventures - Jotunheimen Husky Lodge","description":"\u00c5 f\u00e5 30 huskyer til \u00e5 dra i samme retning er krevende og moro. Litt som \u00e5 lede en bedrift, eller f\u00f8lelsen n\u00e5r det virkelig svinger i vennegjengen.","robots":{"index":"index","follow":"follow","max-snippet":"max-snippet:-1","max-image-preview":"max-image-preview:large","max-video-preview":"max-video-preview:-1"},"canonical":"https:\/\/www.jotunheimenhuskylodge.no\/en\/group-adventures\/","og_locale":"en_US","og_type":"article","og_title":"Group adventures - Jotunheimen Husky Lodge","og_description":"\u00c5 f\u00e5 30 huskyer til \u00e5 dra i samme retning er krevende og moro. Litt som \u00e5 lede en bedrift, eller f\u00f8lelsen n\u00e5r det virkelig svinger i vennegjengen.","og_url":"https:\/\/www.jotunheimenhuskylodge.no\/en\/group-adventures\/","og_site_name":"Jotunheimen Husky Lodge","twitter_card":"summary_large_image","schema":{"@context":"https:\/\/schema.org","@graph":[{"@type":"WebPage","@id":"https:\/\/www.jotunheimenhuskylodge.no\/en\/group-adventures\/","url":"https:\/\/www.jotunheimenhuskylodge.no\/en\/group-adventures\/","name":"Group adventures - Jotunheimen Husky Lodge","isPartOf":{"@id":"https:\/\/www.jotunheimenhuskylodge.no\/en\/#website"},"datePublished":"2019-12-11T14:30:53+00:00","description":"\u00c5 f\u00e5 30 huskyer til \u00e5 dra i samme retning er krevende og moro. Litt som \u00e5 lede en bedrift, eller f\u00f8lelsen n\u00e5r det virkelig svinger i vennegjengen.","breadcrumb":{"@id":"https:\/\/www.jotunheimenhuskylodge.no\/en\/group-adventures\/#breadcrumb"},"inLanguage":"en-US","potentialAction":[{"@type":"ReadAction","target":["https:\/\/www.jotunheimenhuskylodge.no\/en\/group-adventures\/"]}]},{"@type":"BreadcrumbList","@id":"https:\/\/www.jotunheimenhuskylodge.no\/en\/group-adventures\/#breadcrumb","itemListElement":[{"@type":"ListItem","position":1,"name":"Hjem","item":"https:\/\/www.jotunheimenhuskylodge.no\/en\/"},{"@type":"ListItem","position":2,"name":"Group adventures"}]},{"@type":"WebSite","@id":"https:\/\/www.jotunheimenhuskylodge.no\/en\/#website","url":"https:\/\/www.jotunheimenhuskylodge.no\/en\/","name":"Jotunheimen Husky Lodge","description":"Din dr\u00f8m \u2013 v\u00e5r lidenskap","potentialAction":[{"@type":"SearchAction","target":{"@type":"EntryPoint","urlTemplate":"https:\/\/www.jotunheimenhuskylodge.no\/en\/?s={search_term_string}"},"query-input":{"@type":"PropertyValueSpecification","valueRequired":true,"valueName":"search_term_string"}}],"inLanguage":"en-US"}]}},"_links":{"self":[{"href":"https:\/\/www.jotunheimenhuskylodge.no\/en\/wp-json\/wp\/v2\/pages\/4017","targetHints":{"allow":["GET"]}}],"collection":[{"href":"https:\/\/www.jotunheimenhuskylodge.no\/en\/wp-json\/wp\/v2\/pages"}],"about":[{"href":"https:\/\/www.jotunheimenhuskylodge.no\/en\/wp-json\/wp\/v2\/types\/page"}],"author":[{"embeddable":true,"href":"https:\/\/www.jotunheimenhuskylodge.no\/en\/wp-json\/wp\/v2\/users\/8"}],"replies":[{"embeddable":true,"href":"https:\/\/www.jotunheimenhuskylodge.no\/en\/wp-json\/wp\/v2\/comments?post=4017"}],"version-history":[{"count":1,"href":"https:\/\/www.jotunheimenhuskylodge.no\/en\/wp-json\/wp\/v2\/pages\/4017\/revisions"}],"predecessor-version":[{"id":4019,"href":"https:\/\/www.jotunheimenhuskylodge.no\/en\/wp-json\/wp\/v2\/pages\/4017\/revisions\/4019"}],"wp:attachment":[{"href":"https:\/\/www.jotunheimenhuskylodge.no\/en\/wp-json\/wp\/v2\/media?parent=4017"}],"curies":[{"name":"wp","href":"https:\/\/api.w.org\/{rel}","templated":true}]}}