{"id":4011,"date":"2019-12-11T15:19:52","date_gmt":"2019-12-11T14:19:52","guid":{"rendered":"https:\/\/www.jotunheimenhuskylodge.no\/jotunheimen-husky-lodge\/"},"modified":"2019-12-11T15:19:52","modified_gmt":"2019-12-11T14:19:52","slug":"jotunheimen-husky-lodge","status":"publish","type":"page","link":"https:\/\/www.jotunheimenhuskylodge.no\/en\/jotunheimen-husky-lodge\/","title":{"rendered":"Jotunheimen Husky Lodge"},"content":{"rendered":"        <div class=\"c-gb-media\">\r\n        <div class=\"c-gb-media__image-wrapper\">\r\n            <figure class=\"c-gb-media__image\">\r\n                <img decoding=\"async\" src=\"https:\/\/www.jotunheimenhuskylodge.no\/wp-content\/uploads\/2019\/11\/HuskyLodge-23-of-197-scaled.jpg\" alt=\"\u00d8yvind, Vilja og Trine tilbyr hundekj\u00f8ring\" \/>\r\n                            <\/figure>\r\n        <\/div>\r\n    <\/div>\r\n    <div class=\"c-gb-paragraph\">\r\n        <p>The hosts at Jotunheimen Husky Lodge are a family of three: Vilja (2 years old), mother Trine and father \u00d8yvind.<\/p>\n<p>When joining us for a dog sled ride in Sjodalen or other parts of Jotunheimen, you\u2019re guaranteed the company of one or several of us.<\/p>\n<p>With experience from dog sledding in Alaska, Svalbard, Alta and Dovrefjell, we open the doors to our family life with our own husky lodge in the magnificent and snowy Jotunheimen.<\/p>\n            <\/div>\r\n        <div class=\"c-gb-media c-gb-media--alt\">\r\n        <div class=\"c-gb-media__image-wrapper\">\r\n            <figure class=\"c-gb-media__image\">\r\n                <img decoding=\"async\" src=\"https:\/\/www.jotunheimenhuskylodge.no\/wp-content\/uploads\/2019\/11\/HuskyLodge-147-of-197-scaled.jpg\" alt=\"Husky og eier koser seg\" \/>\r\n                            <\/figure>\r\n        <\/div>\r\n    <\/div>\r\n            <h2 class=\"c-gb-heading\">\r\n            \u00d8yvind Jakobsen        <\/h2>\r\n        <div class=\"c-gb-paragraph\">\r\n        <p>Leader of the dogs and the dog mushers at Jotunheimen Husky Lodge, participates on most trips. Skilled professional, both at the kennels and in the kitchen!<\/p>\n            <\/div>\r\n        <div class=\"c-gb-media\">\r\n        <div class=\"c-gb-media__image-wrapper\">\r\n            <figure class=\"c-gb-media__image\">\r\n                <img decoding=\"async\" src=\"https:\/\/www.jotunheimenhuskylodge.no\/wp-content\/uploads\/2019\/11\/HuskyLodge-79-of-197-1-scaled-e1625855580762.jpg\" alt=\"\" \/>\r\n                            <\/figure>\r\n        <\/div>\r\n    <\/div>\r\n            <h2 class=\"c-gb-heading\">\r\n            Trine Marie Fl\u00e5tten        <\/h2>\r\n        <div class=\"c-gb-paragraph\">\r\n        <p>Hostess at Jotunheimen Husky Lodge, mother, teacher \u2013 and dog musher with great experience from all over the Northern hemisphere. Lucky you for joining Trine on a ride!<\/p>\n            <\/div>\r\n        <div class=\"c-gb-media c-gb-media--alt\">\r\n        <div class=\"c-gb-media__image-wrapper\">\r\n            <figure class=\"c-gb-media__image\">\r\n                <img decoding=\"async\" src=\"https:\/\/www.jotunheimenhuskylodge.no\/wp-content\/uploads\/2019\/11\/HuskyLodge-103-of-197-scaled.jpg\" alt=\"Lur jente\" \/>\r\n                            <\/figure>\r\n        <\/div>\r\n    <\/div>\r\n            <h2 class=\"c-gb-heading\">\r\n            Vilja        <\/h2>\r\n        <div class=\"c-gb-paragraph\">\r\n        <p>The Top Dog and the ray of sunshine of the whole husky lodge.<\/p>\n            <\/div>\r\n        <div class=\"c-gb-media\">\r\n        <div class=\"c-gb-media__image-wrapper\">\r\n            <figure class=\"c-gb-media__image\">\r\n                <img decoding=\"async\" src=\"https:\/\/www.jotunheimenhuskylodge.no\/wp-content\/uploads\/2019\/11\/paje-victoria-NMvfAxqy1sw-unsplash-scaled.jpg\" alt=\"\" \/>\r\n                            <\/figure>\r\n        <\/div>\r\n    <\/div>\r\n            <h1 class=\"c-gb-heading\">\r\n            The area around\r\nJotunheimen Husky Lodge        <\/h1>\r\n        <div class=\"c-gb-paragraph\">\r\n        <p>Jotunheimen Husky Lodge and the wilderness camp is located close to Northern Europe&#8217;s most visited national park.<\/p>\n<p>Around us on all sides we have adventurous nature, unique attractions and dining experiences: Besseggen, Galdh\u00f8piggen, the rafting river Sjoa, Glittertind, Rondane, Brimiland, the food mecca Lom, the lakeside ski-paradise Lemonsj\u00f8en and the moose farm Glittersj\u00e5, to name a few.<\/p>\n<p>Easily accessible at Randsverk north in Gudbrandsdalen, the lodge offers three self-service apartments with 20 beds in total. Just behind the lodge you\u2019ll find the atmospheric wilderness camp and husky kennel with 30 playful dogs who are happy to become your best friends.<\/p>\n<p>Whether you want to go skiing, hiking, on snowshoes, take a bikeride or join us on dog sledding \u2013 you can hardly find a better starting point: At Jotunheimen Husky Lodge, Jotunheimen is literarily at your feet (or paws).<\/p>\n            <\/div>\r\n","protected":false},"excerpt":{"rendered":"","protected":false},"author":4,"featured_media":0,"parent":0,"menu_order":0,"comment_status":"closed","ping_status":"closed","template":"","meta":{"_acf_changed":false,"footnotes":""},"class_list":["post-4011","page","type-page","status-publish","hentry"],"acf":[],"yoast_head":"<!-- This site is optimized with the Yoast SEO plugin v27.3 - https:\/\/yoast.com\/product\/yoast-seo-wordpress\/ -->\n<title>Jotunheimen Husky Lodge - Jotunheimen Husky Lodge<\/title>\n<meta name=\"description\" content=\"Vertskapet p\u00e5 Jotunheimen Husky Lodge er Vilja, Trine og \u00d8yvind. Bli med oss p\u00e5 hundekj\u00f8ring i Sjodalen\u00a0eller andre deler av Jotunheimen.\" \/>\n<meta name=\"robots\" content=\"index, follow, max-snippet:-1, max-image-preview:large, max-video-preview:-1\" \/>\n<link rel=\"canonical\" href=\"https:\/\/www.jotunheimenhuskylodge.no\/en\/jotunheimen-husky-lodge\/\" \/>\n<meta property=\"og:locale\" content=\"en_US\" \/>\n<meta property=\"og:type\" content=\"article\" \/>\n<meta property=\"og:title\" content=\"Jotunheimen Husky Lodge - Jotunheimen Husky Lodge\" \/>\n<meta property=\"og:description\" content=\"Vertskapet p\u00e5 Jotunheimen Husky Lodge er Vilja, Trine og \u00d8yvind. Bli med oss p\u00e5 hundekj\u00f8ring i Sjodalen\u00a0eller andre deler av Jotunheimen.\" \/>\n<meta property=\"og:url\" content=\"https:\/\/www.jotunheimenhuskylodge.no\/en\/jotunheimen-husky-lodge\/\" \/>\n<meta property=\"og:site_name\" content=\"Jotunheimen Husky Lodge\" \/>\n<meta property=\"og:image\" content=\"https:\/\/www.jotunheimenhuskylodge.no\/wp-content\/uploads\/2021\/02\/6Y5A9458.jpg\" \/>\n\t<meta property=\"og:image:width\" content=\"1920\" \/>\n\t<meta property=\"og:image:height\" content=\"1280\" \/>\n\t<meta property=\"og:image:type\" content=\"image\/jpeg\" \/>\n<meta name=\"twitter:card\" content=\"summary_large_image\" \/>\n<script type=\"application\/ld+json\" class=\"yoast-schema-graph\">{\"@context\":\"https:\\\/\\\/schema.org\",\"@graph\":[{\"@type\":\"WebPage\",\"@id\":\"https:\\\/\\\/www.jotunheimenhuskylodge.no\\\/en\\\/jotunheimen-husky-lodge\\\/\",\"url\":\"https:\\\/\\\/www.jotunheimenhuskylodge.no\\\/en\\\/jotunheimen-husky-lodge\\\/\",\"name\":\"Jotunheimen Husky Lodge - Jotunheimen Husky Lodge\",\"isPartOf\":{\"@id\":\"https:\\\/\\\/www.jotunheimenhuskylodge.no\\\/en\\\/#website\"},\"datePublished\":\"2019-12-11T14:19:52+00:00\",\"description\":\"Vertskapet p\u00e5 Jotunheimen Husky Lodge er Vilja, Trine og \u00d8yvind. Bli med oss p\u00e5 hundekj\u00f8ring i Sjodalen\u00a0eller andre deler av Jotunheimen.\",\"breadcrumb\":{\"@id\":\"https:\\\/\\\/www.jotunheimenhuskylodge.no\\\/en\\\/jotunheimen-husky-lodge\\\/#breadcrumb\"},\"inLanguage\":\"en-US\",\"potentialAction\":[{\"@type\":\"ReadAction\",\"target\":[\"https:\\\/\\\/www.jotunheimenhuskylodge.no\\\/en\\\/jotunheimen-husky-lodge\\\/\"]}]},{\"@type\":\"BreadcrumbList\",\"@id\":\"https:\\\/\\\/www.jotunheimenhuskylodge.no\\\/en\\\/jotunheimen-husky-lodge\\\/#breadcrumb\",\"itemListElement\":[{\"@type\":\"ListItem\",\"position\":1,\"name\":\"Hjem\",\"item\":\"https:\\\/\\\/www.jotunheimenhuskylodge.no\\\/en\\\/\"},{\"@type\":\"ListItem\",\"position\":2,\"name\":\"Jotunheimen Husky Lodge\"}]},{\"@type\":\"WebSite\",\"@id\":\"https:\\\/\\\/www.jotunheimenhuskylodge.no\\\/en\\\/#website\",\"url\":\"https:\\\/\\\/www.jotunheimenhuskylodge.no\\\/en\\\/\",\"name\":\"Jotunheimen Husky Lodge\",\"description\":\"Din dr\u00f8m \u2013 v\u00e5r lidenskap\",\"potentialAction\":[{\"@type\":\"SearchAction\",\"target\":{\"@type\":\"EntryPoint\",\"urlTemplate\":\"https:\\\/\\\/www.jotunheimenhuskylodge.no\\\/en\\\/?s={search_term_string}\"},\"query-input\":{\"@type\":\"PropertyValueSpecification\",\"valueRequired\":true,\"valueName\":\"search_term_string\"}}],\"inLanguage\":\"en-US\"}]}<\/script>\n<!-- \/ Yoast SEO plugin. -->","yoast_head_json":{"title":"Jotunheimen Husky Lodge - Jotunheimen Husky Lodge","description":"Vertskapet p\u00e5 Jotunheimen Husky Lodge er Vilja, Trine og \u00d8yvind. Bli med oss p\u00e5 hundekj\u00f8ring i Sjodalen\u00a0eller andre deler av Jotunheimen.","robots":{"index":"index","follow":"follow","max-snippet":"max-snippet:-1","max-image-preview":"max-image-preview:large","max-video-preview":"max-video-preview:-1"},"canonical":"https:\/\/www.jotunheimenhuskylodge.no\/en\/jotunheimen-husky-lodge\/","og_locale":"en_US","og_type":"article","og_title":"Jotunheimen Husky Lodge - Jotunheimen Husky Lodge","og_description":"Vertskapet p\u00e5 Jotunheimen Husky Lodge er Vilja, Trine og \u00d8yvind. Bli med oss p\u00e5 hundekj\u00f8ring i Sjodalen\u00a0eller andre deler av Jotunheimen.","og_url":"https:\/\/www.jotunheimenhuskylodge.no\/en\/jotunheimen-husky-lodge\/","og_site_name":"Jotunheimen Husky Lodge","og_image":[{"width":1920,"height":1280,"url":"https:\/\/www.jotunheimenhuskylodge.no\/wp-content\/uploads\/2021\/02\/6Y5A9458.jpg","type":"image\/jpeg"}],"twitter_card":"summary_large_image","schema":{"@context":"https:\/\/schema.org","@graph":[{"@type":"WebPage","@id":"https:\/\/www.jotunheimenhuskylodge.no\/en\/jotunheimen-husky-lodge\/","url":"https:\/\/www.jotunheimenhuskylodge.no\/en\/jotunheimen-husky-lodge\/","name":"Jotunheimen Husky Lodge - Jotunheimen Husky Lodge","isPartOf":{"@id":"https:\/\/www.jotunheimenhuskylodge.no\/en\/#website"},"datePublished":"2019-12-11T14:19:52+00:00","description":"Vertskapet p\u00e5 Jotunheimen Husky Lodge er Vilja, Trine og \u00d8yvind. Bli med oss p\u00e5 hundekj\u00f8ring i Sjodalen\u00a0eller andre deler av Jotunheimen.","breadcrumb":{"@id":"https:\/\/www.jotunheimenhuskylodge.no\/en\/jotunheimen-husky-lodge\/#breadcrumb"},"inLanguage":"en-US","potentialAction":[{"@type":"ReadAction","target":["https:\/\/www.jotunheimenhuskylodge.no\/en\/jotunheimen-husky-lodge\/"]}]},{"@type":"BreadcrumbList","@id":"https:\/\/www.jotunheimenhuskylodge.no\/en\/jotunheimen-husky-lodge\/#breadcrumb","itemListElement":[{"@type":"ListItem","position":1,"name":"Hjem","item":"https:\/\/www.jotunheimenhuskylodge.no\/en\/"},{"@type":"ListItem","position":2,"name":"Jotunheimen Husky Lodge"}]},{"@type":"WebSite","@id":"https:\/\/www.jotunheimenhuskylodge.no\/en\/#website","url":"https:\/\/www.jotunheimenhuskylodge.no\/en\/","name":"Jotunheimen Husky Lodge","description":"Din dr\u00f8m \u2013 v\u00e5r lidenskap","potentialAction":[{"@type":"SearchAction","target":{"@type":"EntryPoint","urlTemplate":"https:\/\/www.jotunheimenhuskylodge.no\/en\/?s={search_term_string}"},"query-input":{"@type":"PropertyValueSpecification","valueRequired":true,"valueName":"search_term_string"}}],"inLanguage":"en-US"}]}},"_links":{"self":[{"href":"https:\/\/www.jotunheimenhuskylodge.no\/en\/wp-json\/wp\/v2\/pages\/4011","targetHints":{"allow":["GET"]}}],"collection":[{"href":"https:\/\/www.jotunheimenhuskylodge.no\/en\/wp-json\/wp\/v2\/pages"}],"about":[{"href":"https:\/\/www.jotunheimenhuskylodge.no\/en\/wp-json\/wp\/v2\/types\/page"}],"author":[{"embeddable":true,"href":"https:\/\/www.jotunheimenhuskylodge.no\/en\/wp-json\/wp\/v2\/users\/4"}],"replies":[{"embeddable":true,"href":"https:\/\/www.jotunheimenhuskylodge.no\/en\/wp-json\/wp\/v2\/comments?post=4011"}],"version-history":[{"count":1,"href":"https:\/\/www.jotunheimenhuskylodge.no\/en\/wp-json\/wp\/v2\/pages\/4011\/revisions"}],"predecessor-version":[{"id":4013,"href":"https:\/\/www.jotunheimenhuskylodge.no\/en\/wp-json\/wp\/v2\/pages\/4011\/revisions\/4013"}],"wp:attachment":[{"href":"https:\/\/www.jotunheimenhuskylodge.no\/en\/wp-json\/wp\/v2\/media?parent=4011"}],"curies":[{"name":"wp","href":"https:\/\/api.w.org\/{rel}","templated":true}]}}