{"id":4000,"date":"2019-12-11T15:13:58","date_gmt":"2019-12-11T14:13:58","guid":{"rendered":"https:\/\/www.jotunheimenhuskylodge.no\/the-mountain-village-randsverk\/"},"modified":"2019-12-11T15:13:58","modified_gmt":"2019-12-11T14:13:58","slug":"the-mountain-village-randsverk","status":"publish","type":"page","link":"https:\/\/www.jotunheimenhuskylodge.no\/en\/about-us\/the-mountain-village-randsverk\/","title":{"rendered":"The mountain village Randsverk"},"content":{"rendered":"                <h2 class=\"c-gb-heading\">\r\n            The gateway to Northern Europe&#8217;s most popular mountains.        <\/h2>\r\n        <div class=\"c-gb-paragraph\">\r\n        <p><strong>750 meters above sea level, where Gudbrandsdalen and Valdres meet, lies the small and rich mountain village Randsverk.<\/strong><\/p>\n<p>Here you\u2019ll find a caf\u00e9, Coop Market grocery store, tourist information, camping site \u2013 and Jotunheimen Husky Lodge. The ski resort Lemonsj\u00f8 Alpinsenter is just five minutes away. You also have several very high-quality dining places in a half hour radius.<\/p>\n<p>Around Randsverk there are idyllic cultural valleys, vast mountain areas, glittering mountain lakes, fascinating glaciers and the highest mountains in Northern Europe. Besseggen, Glittertind and Galdh\u00f8piggen are all around us and it is a short distance to Jotunheimen National Park directly from Randsverk and Jotunheimen Husky Lodge.<\/p>\n<p><strong>Getting there:<\/strong><\/p>\n<ul>\n<li>From Lillehammer (south): Follow the State highway E6 through Gudbrandsdalen to Sjoa. Continue on Country road 257 through Heidal to Randsverk.<\/li>\n<li>From V\u00e5g\u00e5 (north): Follow National road 51 to Lemonsj\u00f8en and further on to Randsverk.<\/li>\n<li>From Beitost\u00f8len (west): Take National road 51 over Valdresflye and through Sjodalen to Randsverk.<\/li>\n<li>Express bus to V\u00e5g\u00e5mo all year round, and to Randsverk in high season summer and winter.<\/li>\n<\/ul>\n<p><strong>Distances:<\/strong><\/p>\n<ul>\n<li>Oslo: 3 hours and 45 min<\/li>\n<li>Trondheim: 3 hours and 45 min<\/li>\n<li>Lillehammer: 1,5 hours<\/li>\n<li>Otta: 45 minutes<\/li>\n<li>Lom: 45 minutes<\/li>\n<li>Beitost\u00f8len: 45 minutes<\/li>\n<li>V\u00e5g\u00e5: 30 minutes<\/li>\n<\/ul>\n<p><strong>Partners:<\/strong><\/p>\n<p>&nbsp;<\/p>\n<ul>\n<li><a href=\"https:\/\/raftingsjoa.no\" target=\"_blank\" rel=\"noopener\">Go Rafting Sjoa<\/a><\/li>\n<li><a href=\"http:\/\/sjodalenhyttetun.no\" target=\"_blank\" rel=\"noopener\">Sjodalen Hyttetun<\/a><\/li>\n<\/ul>\n<p>&nbsp;<\/p>\n            <\/div>\r\n","protected":false},"excerpt":{"rendered":"","protected":false},"author":8,"featured_media":12889,"parent":12567,"menu_order":0,"comment_status":"closed","ping_status":"closed","template":"","meta":{"_acf_changed":false,"footnotes":""},"class_list":["post-4000","page","type-page","status-publish","has-post-thumbnail","hentry"],"acf":[],"yoast_head":"<!-- This site is optimized with the Yoast SEO plugin v27.1.1 - https:\/\/yoast.com\/product\/yoast-seo-wordpress\/ -->\n<title>The mountain village Randsverk - Jotunheimen Husky Lodge<\/title>\n<meta name=\"description\" content=\"750 meters above sea level, where Gudbrandsdalen and Valdres meet, lies the small and rich mountain village Randsverk.\" \/>\n<meta name=\"robots\" content=\"index, follow, max-snippet:-1, max-image-preview:large, max-video-preview:-1\" \/>\n<link rel=\"canonical\" href=\"https:\/\/www.jotunheimenhuskylodge.no\/en\/about-us\/the-mountain-village-randsverk\/\" \/>\n<meta property=\"og:locale\" content=\"en_US\" \/>\n<meta property=\"og:type\" content=\"article\" \/>\n<meta property=\"og:title\" content=\"The mountain village Randsverk - Jotunheimen Husky Lodge\" \/>\n<meta property=\"og:description\" content=\"750 meters above sea level, where Gudbrandsdalen and Valdres meet, lies the small and rich mountain village Randsverk.\" \/>\n<meta property=\"og:url\" content=\"https:\/\/www.jotunheimenhuskylodge.no\/en\/about-us\/the-mountain-village-randsverk\/\" \/>\n<meta property=\"og:site_name\" content=\"Jotunheimen Husky Lodge\" \/>\n<meta name=\"twitter:card\" content=\"summary_large_image\" \/>\n<script type=\"application\/ld+json\" class=\"yoast-schema-graph\">{\"@context\":\"https:\/\/schema.org\",\"@graph\":[{\"@type\":\"WebPage\",\"@id\":\"https:\/\/www.jotunheimenhuskylodge.no\/en\/about-us\/the-mountain-village-randsverk\/\",\"url\":\"https:\/\/www.jotunheimenhuskylodge.no\/en\/about-us\/the-mountain-village-randsverk\/\",\"name\":\"The mountain village Randsverk - Jotunheimen Husky Lodge\",\"isPartOf\":{\"@id\":\"https:\/\/www.jotunheimenhuskylodge.no\/en\/#website\"},\"primaryImageOfPage\":{\"@id\":\"https:\/\/www.jotunheimenhuskylodge.no\/en\/about-us\/the-mountain-village-randsverk\/#primaryimage\"},\"image\":{\"@id\":\"https:\/\/www.jotunheimenhuskylodge.no\/en\/about-us\/the-mountain-village-randsverk\/#primaryimage\"},\"thumbnailUrl\":\"https:\/\/www.jotunheimenhuskylodge.no\/wp-content\/uploads\/2023\/06\/forsiden-rotasjon-innkjoring.jpg\",\"datePublished\":\"2019-12-11T14:13:58+00:00\",\"description\":\"750 meters above sea level, where Gudbrandsdalen and Valdres meet, lies the small and rich mountain village Randsverk.\",\"breadcrumb\":{\"@id\":\"https:\/\/www.jotunheimenhuskylodge.no\/en\/about-us\/the-mountain-village-randsverk\/#breadcrumb\"},\"inLanguage\":\"en-US\",\"potentialAction\":[{\"@type\":\"ReadAction\",\"target\":[\"https:\/\/www.jotunheimenhuskylodge.no\/en\/about-us\/the-mountain-village-randsverk\/\"]}]},{\"@type\":\"ImageObject\",\"inLanguage\":\"en-US\",\"@id\":\"https:\/\/www.jotunheimenhuskylodge.no\/en\/about-us\/the-mountain-village-randsverk\/#primaryimage\",\"url\":\"https:\/\/www.jotunheimenhuskylodge.no\/wp-content\/uploads\/2023\/06\/forsiden-rotasjon-innkjoring.jpg\",\"contentUrl\":\"https:\/\/www.jotunheimenhuskylodge.no\/wp-content\/uploads\/2023\/06\/forsiden-rotasjon-innkjoring.jpg\",\"width\":1080,\"height\":608},{\"@type\":\"BreadcrumbList\",\"@id\":\"https:\/\/www.jotunheimenhuskylodge.no\/en\/about-us\/the-mountain-village-randsverk\/#breadcrumb\",\"itemListElement\":[{\"@type\":\"ListItem\",\"position\":1,\"name\":\"Hjem\",\"item\":\"https:\/\/www.jotunheimenhuskylodge.no\/en\/\"},{\"@type\":\"ListItem\",\"position\":2,\"name\":\"The mountain village Randsverk\"}]},{\"@type\":\"WebSite\",\"@id\":\"https:\/\/www.jotunheimenhuskylodge.no\/en\/#website\",\"url\":\"https:\/\/www.jotunheimenhuskylodge.no\/en\/\",\"name\":\"Jotunheimen Husky Lodge\",\"description\":\"Din dr\u00f8m \u2013 v\u00e5r lidenskap\",\"potentialAction\":[{\"@type\":\"SearchAction\",\"target\":{\"@type\":\"EntryPoint\",\"urlTemplate\":\"https:\/\/www.jotunheimenhuskylodge.no\/en\/?s={search_term_string}\"},\"query-input\":{\"@type\":\"PropertyValueSpecification\",\"valueRequired\":true,\"valueName\":\"search_term_string\"}}],\"inLanguage\":\"en-US\"}]}<\/script>\n<!-- \/ Yoast SEO plugin. -->","yoast_head_json":{"title":"The mountain village Randsverk - Jotunheimen Husky Lodge","description":"750 meters above sea level, where Gudbrandsdalen and Valdres meet, lies the small and rich mountain village Randsverk.","robots":{"index":"index","follow":"follow","max-snippet":"max-snippet:-1","max-image-preview":"max-image-preview:large","max-video-preview":"max-video-preview:-1"},"canonical":"https:\/\/www.jotunheimenhuskylodge.no\/en\/about-us\/the-mountain-village-randsverk\/","og_locale":"en_US","og_type":"article","og_title":"The mountain village Randsverk - Jotunheimen Husky Lodge","og_description":"750 meters above sea level, where Gudbrandsdalen and Valdres meet, lies the small and rich mountain village Randsverk.","og_url":"https:\/\/www.jotunheimenhuskylodge.no\/en\/about-us\/the-mountain-village-randsverk\/","og_site_name":"Jotunheimen Husky Lodge","twitter_card":"summary_large_image","schema":{"@context":"https:\/\/schema.org","@graph":[{"@type":"WebPage","@id":"https:\/\/www.jotunheimenhuskylodge.no\/en\/about-us\/the-mountain-village-randsverk\/","url":"https:\/\/www.jotunheimenhuskylodge.no\/en\/about-us\/the-mountain-village-randsverk\/","name":"The mountain village Randsverk - Jotunheimen Husky Lodge","isPartOf":{"@id":"https:\/\/www.jotunheimenhuskylodge.no\/en\/#website"},"primaryImageOfPage":{"@id":"https:\/\/www.jotunheimenhuskylodge.no\/en\/about-us\/the-mountain-village-randsverk\/#primaryimage"},"image":{"@id":"https:\/\/www.jotunheimenhuskylodge.no\/en\/about-us\/the-mountain-village-randsverk\/#primaryimage"},"thumbnailUrl":"https:\/\/www.jotunheimenhuskylodge.no\/wp-content\/uploads\/2023\/06\/forsiden-rotasjon-innkjoring.jpg","datePublished":"2019-12-11T14:13:58+00:00","description":"750 meters above sea level, where Gudbrandsdalen and Valdres meet, lies the small and rich mountain village Randsverk.","breadcrumb":{"@id":"https:\/\/www.jotunheimenhuskylodge.no\/en\/about-us\/the-mountain-village-randsverk\/#breadcrumb"},"inLanguage":"en-US","potentialAction":[{"@type":"ReadAction","target":["https:\/\/www.jotunheimenhuskylodge.no\/en\/about-us\/the-mountain-village-randsverk\/"]}]},{"@type":"ImageObject","inLanguage":"en-US","@id":"https:\/\/www.jotunheimenhuskylodge.no\/en\/about-us\/the-mountain-village-randsverk\/#primaryimage","url":"https:\/\/www.jotunheimenhuskylodge.no\/wp-content\/uploads\/2023\/06\/forsiden-rotasjon-innkjoring.jpg","contentUrl":"https:\/\/www.jotunheimenhuskylodge.no\/wp-content\/uploads\/2023\/06\/forsiden-rotasjon-innkjoring.jpg","width":1080,"height":608},{"@type":"BreadcrumbList","@id":"https:\/\/www.jotunheimenhuskylodge.no\/en\/about-us\/the-mountain-village-randsverk\/#breadcrumb","itemListElement":[{"@type":"ListItem","position":1,"name":"Hjem","item":"https:\/\/www.jotunheimenhuskylodge.no\/en\/"},{"@type":"ListItem","position":2,"name":"The mountain village Randsverk"}]},{"@type":"WebSite","@id":"https:\/\/www.jotunheimenhuskylodge.no\/en\/#website","url":"https:\/\/www.jotunheimenhuskylodge.no\/en\/","name":"Jotunheimen Husky Lodge","description":"Din dr\u00f8m \u2013 v\u00e5r lidenskap","potentialAction":[{"@type":"SearchAction","target":{"@type":"EntryPoint","urlTemplate":"https:\/\/www.jotunheimenhuskylodge.no\/en\/?s={search_term_string}"},"query-input":{"@type":"PropertyValueSpecification","valueRequired":true,"valueName":"search_term_string"}}],"inLanguage":"en-US"}]}},"_links":{"self":[{"href":"https:\/\/www.jotunheimenhuskylodge.no\/en\/wp-json\/wp\/v2\/pages\/4000","targetHints":{"allow":["GET"]}}],"collection":[{"href":"https:\/\/www.jotunheimenhuskylodge.no\/en\/wp-json\/wp\/v2\/pages"}],"about":[{"href":"https:\/\/www.jotunheimenhuskylodge.no\/en\/wp-json\/wp\/v2\/types\/page"}],"author":[{"embeddable":true,"href":"https:\/\/www.jotunheimenhuskylodge.no\/en\/wp-json\/wp\/v2\/users\/8"}],"replies":[{"embeddable":true,"href":"https:\/\/www.jotunheimenhuskylodge.no\/en\/wp-json\/wp\/v2\/comments?post=4000"}],"version-history":[{"count":1,"href":"https:\/\/www.jotunheimenhuskylodge.no\/en\/wp-json\/wp\/v2\/pages\/4000\/revisions"}],"predecessor-version":[{"id":4002,"href":"https:\/\/www.jotunheimenhuskylodge.no\/en\/wp-json\/wp\/v2\/pages\/4000\/revisions\/4002"}],"up":[{"embeddable":true,"href":"https:\/\/www.jotunheimenhuskylodge.no\/en\/wp-json\/wp\/v2\/pages\/12567"}],"wp:featuredmedia":[{"embeddable":true,"href":"https:\/\/www.jotunheimenhuskylodge.no\/en\/wp-json\/wp\/v2\/media\/12889"}],"wp:attachment":[{"href":"https:\/\/www.jotunheimenhuskylodge.no\/en\/wp-json\/wp\/v2\/media?parent=4000"}],"curies":[{"name":"wp","href":"https:\/\/api.w.org\/{rel}","templated":true}]}}