{"id":12599,"date":"2023-03-02T08:55:25","date_gmt":"2023-03-02T07:55:25","guid":{"rendered":"https:\/\/www.jotunheimenhuskylodge.no\/?page_id=12599"},"modified":"2025-12-01T19:29:53","modified_gmt":"2025-12-01T18:29:53","slug":"home","status":"publish","type":"page","link":"https:\/\/www.jotunheimenhuskylodge.no\/en\/","title":{"rendered":"Home"},"content":{"rendered":"\r\n        <section class=\"l-hero\">\r\n        <ul class=\"l-hero__slides\">\r\n                                            <li class=\"c-hero swiper-slide\" style=\"background-image: url('https:\/\/www.jotunheimenhuskylodge.no\/wp-content\/uploads\/2021\/02\/6Y5A9458.jpg');\">\r\n                    <div class=\"c-hero__content\">\r\n                        <div class=\"l-inner\">\r\n                            <div class=\"c-hero__title c-wysiwyg\">\r\n                                <h1 style=\"text-align: left;\">Your dream &#8211; our passion<\/h1>\n<p>At Jotunheimen Husky Lodge we offer<br \/>\nHusky sledding tours in Northern Europe<br \/>\nMost iconic mountain area &#8211; all year round!<\/p>\n<p>Carriage driving in the summer months,<br \/>\nsledding through the winter.<\/p>\n<p>At the lodge you spend the night in a high standard<br \/>\nApartments with hiking enthusiasts and playful sled dogs<br \/>\nas the nearest neighbors. The wilderness is calling!<\/p>\n                            <\/div>\r\n                        <\/div>\r\n                    <\/div>\r\n                    <div class=\"c-hero__decor\">\r\n                    <\/div>\r\n                    <div class=\"c-hero__gradient\">\r\n                    <\/div>\r\n                <\/li>\r\n                    <\/ul>\r\n            <\/section>\r\n\n\n\r\n<section class=\"l-card l-card--lightblue\">\r\n    <div class=\"l-card__content\">\r\n        <div class=\"c-card\">\r\n            <div class=\"c-card__inner\">\r\n                <h2 class=\"c-card__title\">\r\n                    Book your winter adventure!                <\/h2>\r\n                <div class=\"c-card__content c-wysiwyg\">\r\n                    <p>Huskies are amazing animals. Jotunheimen is a magical mountain area. At the husky lodge, our lives are closely intertwined with both, and we would love for you to experience the dogs, the mountains, and our daily life in Northern Europe&#8217;s most popular mountain region.<\/p>\n<p>All winter \u2013 from November well into May \u2013 we offer:<\/p>\n<ul>\n<li>Half-day trips<\/li>\n<li>Full-day sled trips with your own husky team<\/li>\n<li>Evening trips with stargazing<\/li>\n<li>Long expeditions in Jotunheimen \u2013 easily accessible from all of Southern Norway and Scandinavia!<\/li>\n<\/ul>\n                <\/div>\r\n                                    <a href=\"https:\/\/online.bookvisit.com\/extras?channelid=57c1231e-b7af-454f-a874-5903b1c2bf73&#038;langid=2\" class=\"c-card__cta c-btn c-btn--alt\">\r\n                        <span class=\"c-label\">\r\n                            Book Husky Tour                        <\/span>\r\n                    <\/a>\r\n                            <\/div>\r\n        <\/div>\r\n    <\/div>\r\n    <div class=\"l-card__image\">\r\n        <div class=\"l-card__decor l-card__decor--top-left\">\r\n        <\/div>\r\n        <img decoding=\"async\" src=\"https:\/\/www.jotunheimenhuskylodge.no\/wp-content\/uploads\/2019\/11\/hund7-1024x768_2.jpg\" alt=\"hund7-1024x768_2\" \/>\r\n    <\/div>\r\n<\/section>\r\n\n\n\r\n<section class=\"l-card l-card--lightblue l-card--alt\">\r\n    <div class=\"l-card__content\">\r\n        <div class=\"c-card\">\r\n            <div class=\"c-card__inner\">\r\n                <h2 class=\"c-card__title\">\r\n                    New! Winter night dog sledding with stargazing                <\/h2>\r\n                <div class=\"c-card__content c-wysiwyg\">\r\n                    <p>An adventure you&#8217;ll never forget! Join a five hour guided tour that combines the best of winter outdoor activities and astronomy \u2013 with dog sledding through Jotunheimen&#8217;s winter landscape, astro-guiding under the starry sky, and serving of warm local food.<\/p>\n<p>The tour is offered in January and February.<\/p>\n                <\/div>\r\n                                    <a href=\"https:\/\/www.jotunheimenhuskylodge.no\/en\/stjernetur\/\" class=\"c-card__cta c-btn\">\r\n                        <span class=\"c-label\">\r\n                            Read more                        <\/span>\r\n                    <\/a>\r\n                            <\/div>\r\n        <\/div>\r\n    <\/div>\r\n    <div class=\"l-card__image\">\r\n        <div class=\"l-card__decor l-card__decor--top-right\">\r\n        <\/div>\r\n        <img decoding=\"async\" src=\"https:\/\/www.jotunheimenhuskylodge.no\/wp-content\/uploads\/2025\/11\/Det-ville-ekstra-Markedsforing-1.png\" alt=\"Det ville ekstra Markedsf\u00f8ring\" \/>\r\n    <\/div>\r\n<\/section>\r\n\n\n\r\n<section class=\"l-card l-card--lightblue\">\r\n    <div class=\"l-card__content\">\r\n        <div class=\"c-card\">\r\n            <div class=\"c-card__inner\">\r\n                <h2 class=\"c-card__title\">\r\n                    Accomodation                <\/h2>\r\n                <div class=\"c-card__content c-wysiwyg\">\r\n                    <p>Is there a better feeling than waking up in Jotunheimen, surrounded by magical pine forests, magnificent mountains and good friends on two and four legs?<\/p>\n<p>Jotunheimen Husky Lodge consists of four self-catering apartments of a high standard with a living room, kitchen and bathroom. A total of 22 beds. During the summer months, we also rent out a pleasant log cabin in the yard.<\/p>\n                <\/div>\r\n                                    <a href=\"https:\/\/online.bookvisit.com\/extras?channelid=57c1231e-b7af-454f-a874-5903b1c2bf73&#038;langid=2\" class=\"c-card__cta c-btn\">\r\n                        <span class=\"c-label\">\r\n                            Book accomodation                        <\/span>\r\n                    <\/a>\r\n                            <\/div>\r\n        <\/div>\r\n    <\/div>\r\n    <div class=\"l-card__image\">\r\n        <div class=\"l-card__decor l-card__decor--top-left\">\r\n        <\/div>\r\n        <img decoding=\"async\" src=\"https:\/\/www.jotunheimenhuskylodge.no\/wp-content\/uploads\/2023\/02\/image00014-scaled.jpeg\" alt=\"image00014\" \/>\r\n    <\/div>\r\n<\/section>\r\n\n\n\r\n<section class=\"l-card l-card--lighterblue l-card--alt\">\r\n    <div class=\"l-card__content\">\r\n        <div class=\"c-card\">\r\n            <div class=\"c-card__inner\">\r\n                <h2 class=\"c-card__title\">\r\n                    Your dream &#8211; our passion                <\/h2>\r\n                <div class=\"c-card__content c-wysiwyg\">\r\n                    <p>While dog sledding or staying at Jotunheimen Husky Lodge, you&#8217;re in the best of hands. The hosts are a family of four, Vilja, Billie, mother Trine and father \u00d8yvind.<\/p>\n<p>With experience from dog sledding in Alaska, Svalbard, Alta and Dovrefjell, we open the doors to our family life at our husky lodge in the magnificent and snowy Jotunheimen. When joining our dog sled trips, you&#8217;re guaranteed company from one or several of us.<\/p>\n                <\/div>\r\n                            <\/div>\r\n        <\/div>\r\n    <\/div>\r\n    <div class=\"l-card__image\">\r\n        <div class=\"l-card__decor l-card__decor--bottom-right\">\r\n        <\/div>\r\n        <img decoding=\"async\" src=\"https:\/\/www.jotunheimenhuskylodge.no\/wp-content\/uploads\/2019\/11\/Guidene-scaled.jpg\" alt=\"Guidene\" \/>\r\n    <\/div>\r\n<\/section>\r\n\n\n\r\n<section class=\"l-card l-card--lightgreen\">\r\n    <div class=\"l-card__content\">\r\n        <div class=\"c-card\">\r\n            <div class=\"c-card__inner\">\r\n                <h2 class=\"c-card__title\">\r\n                    Summer Adventure at Jotunheimen Husky Lodge                <\/h2>\r\n                <div class=\"c-card__content c-wysiwyg\">\r\n                    <p><strong>We welcome guests who love hiking and dogs all year round! During the summer months, we offer dog sledding with a cart \u2013 and puppy cuddles in the dog yard at the lodge every day!<\/strong><\/p>\n                <\/div>\r\n                                    <a href=\"https:\/\/online.bookvisit.com\/accommodation?channelId=57c1231e-b7af-454f-a874-5903b1c2bf73\" class=\"c-card__cta c-btn c-btn--alt\">\r\n                        <span class=\"c-label\">\r\n                            Book opphold                        <\/span>\r\n                    <\/a>\r\n                            <\/div>\r\n        <\/div>\r\n    <\/div>\r\n    <div class=\"l-card__image\">\r\n        <div class=\"l-card__decor l-card__decor--bottom-left\">\r\n        <\/div>\r\n        <img decoding=\"async\" src=\"https:\/\/www.jotunheimenhuskylodge.no\/wp-content\/uploads\/2022\/06\/6Y5A9705.jpg\" alt=\"6Y5A9705\" \/>\r\n    <\/div>\r\n<\/section>\r\n\n\n\r\n<section class=\"l-card l-card--lightblue l-card--alt\">\r\n    <div class=\"l-card__content\">\r\n        <div class=\"c-card\">\r\n            <div class=\"c-card__inner\">\r\n                <h2 class=\"c-card__title\">\r\n                    Carriage ride with huskies                <\/h2>\r\n                <div class=\"c-card__content c-wysiwyg\">\r\n                    <p>Experience the summer variant of dog sledding with a sled in winter. We let you join us in harnessing up the huskies, then roll out on a few kilometers ride with your own carriage, all-terrain wheels and four-legged traction galore.<\/p>\n<p>A different kind of hiking experience where you get close to both dogs and the magnificient Jotunheimen mountains.<\/p>\n                <\/div>\r\n                                    <a href=\"https:\/\/online.bookvisit.com\/extras?channelid=57c1231e-b7af-454f-a874-5903b1c2bf73&#038;langid=2\" class=\"c-card__cta c-btn\">\r\n                        <span class=\"c-label\">\r\n                            Welcome to the kennel                        <\/span>\r\n                    <\/a>\r\n                            <\/div>\r\n        <\/div>\r\n    <\/div>\r\n    <div class=\"l-card__image\">\r\n        <div class=\"l-card__decor l-card__decor--bottom-right\">\r\n        <\/div>\r\n        <img decoding=\"async\" src=\"https:\/\/www.jotunheimenhuskylodge.no\/wp-content\/uploads\/2024\/10\/Skjermbilde-2024-10-31-081950.jpg\" alt=\"Skjermbilde 2024-10-31 081950\" \/>\r\n    <\/div>\r\n<\/section>\r\n\n\n\r\n<section class=\"l-card l-card--lightblue\">\r\n    <div class=\"l-card__content\">\r\n        <div class=\"c-card\">\r\n            <div class=\"c-card__inner\">\r\n                <h2 class=\"c-card__title\">\r\n                    Puppy cuddle or stroll                <\/h2>\r\n                <div class=\"c-card__content c-wysiwyg\">\r\n                    <p>Every day this summer, we invite you to a puppy cuddle inside and outside the dog yard at Jotunheimen Husky Lodge. Perfect highland fun for anyone who loves puppies!<\/p>\n<ul>\n<li>9 am &#8211; 11 am: Puppy cuddle and feeding for overnight guests<\/li>\n<li>10 am &#8211; 2 pm: Puppy cuddle for guests on day visits<\/li>\n<li>19 &#8211; 21: Puppy cuddle and feeding for overnight guests<\/li>\n<\/ul>\n<p>200 NOK\/person for visitors.<\/p>\n<p>PS! Do you want to go for a hike with puppies? Every day we go for a fun stroll with a playful, four-legged company. Online booking.<\/p>\n                <\/div>\r\n                                    <a href=\"https:\/\/online.bookvisit.com\/extras?channelid=57c1231e-b7af-454f-a874-5903b1c2bf73&#038;langid=2\" class=\"c-card__cta c-btn\">\r\n                        <span class=\"c-label\">\r\n                            Book puppy cuddle or stroll                        <\/span>\r\n                    <\/a>\r\n                            <\/div>\r\n        <\/div>\r\n    <\/div>\r\n    <div class=\"l-card__image\">\r\n        <div class=\"l-card__decor l-card__decor--bottom-right\">\r\n        <\/div>\r\n        <img decoding=\"async\" src=\"https:\/\/www.jotunheimenhuskylodge.no\/wp-content\/uploads\/2020\/05\/FullSizeR1_05-scaled.jpg\" alt=\"FullSizeR1_05\" \/>\r\n    <\/div>\r\n<\/section>\r\n\n\n\r\n<section class=\"l-card l-card--lightblue l-card--alt\">\r\n    <div class=\"l-card__content\">\r\n        <div class=\"c-card\">\r\n            <div class=\"c-card__inner\">\r\n                <h2 class=\"c-card__title\">\r\n                    Summit hike with huskies | Rindhovda og Trollh\u00f8e                <\/h2>\r\n                <div class=\"c-card__content c-wysiwyg\">\r\n                    <p>At Jotunheimen Husky Lodge we live life close to about fifty hiking enthusiasts &#8211; and Jotunheimen itself. Do you want to join a trip with two- and four-legged? Every Saturday and Sunday we take some of the huskies on a summit trip. Feel free to join us!<\/p>\n                <\/div>\r\n                                    <a href=\"https:\/\/online.bookvisit.com\/extras?channelid=57c1231e-b7af-454f-a874-5903b1c2bf73&#038;langid=2\" class=\"c-card__cta c-btn\">\r\n                        <span class=\"c-label\">\r\n                            Book summit hike with husky                        <\/span>\r\n                    <\/a>\r\n                            <\/div>\r\n        <\/div>\r\n    <\/div>\r\n    <div class=\"l-card__image\">\r\n        <div class=\"l-card__decor l-card__decor--bottom-right\">\r\n        <\/div>\r\n        <img decoding=\"async\" src=\"https:\/\/www.jotunheimenhuskylodge.no\/wp-content\/uploads\/2024\/07\/374531351_789410373184741_4051389785377743705_n.jpg\" alt=\"374531351_789410373184741_4051389785377743705_n\" \/>\r\n    <\/div>\r\n<\/section>\r\n\n\n\r\n<section class=\"l-card l-card--lightblue\">\r\n    <div class=\"l-card__content\">\r\n        <div class=\"c-card\">\r\n            <div class=\"c-card__inner\">\r\n                <h2 class=\"c-card__title\">\r\n                    Outdoor life and mountain adventures                <\/h2>\r\n                <div class=\"c-card__content c-wysiwyg\">\r\n                    <p>P\u00e5 Jotunheimen Husky Lodge lever vi livet tett p\u00e5 et femtitalls turglade huskyer. P\u00e5 tunet v\u00e5rt finner du stemningsfull grillhytte, gapahuk med b\u00e5lpanne og en hundeg\u00e5rd full av liv \u00e5ret rundt. Kort vei til fuglekikkert\u00e5rn, toppturer, rafting, matbutikk og og serveringssteder \u2013 og en halvtime til Gjende og Besseggen. Velkommen!<\/p>\n                <\/div>\r\n                                    <a href=\"https:\/\/www.jotunheimenhuskylodge.no\/en\/the-kennel-the-heart-of-the-lodge\/\" class=\"c-card__cta c-btn\">\r\n                        <span class=\"c-label\">\r\n                            Welcome to the kennel                        <\/span>\r\n                    <\/a>\r\n                            <\/div>\r\n        <\/div>\r\n    <\/div>\r\n    <div class=\"l-card__image\">\r\n        <div class=\"l-card__decor l-card__decor--bottom-left\">\r\n        <\/div>\r\n        <img decoding=\"async\" src=\"https:\/\/www.jotunheimenhuskylodge.no\/wp-content\/uploads\/2024\/07\/305533313_1007963643218481_5270164024742646997_n.jpg\" alt=\"305533313_1007963643218481_5270164024742646997_n\" \/>\r\n    <\/div>\r\n<\/section>\r\n\n\n\n<figure class=\"wp-block-video\"><video height=\"720\" style=\"aspect-ratio: 1280 \/ 720;\" width=\"1280\" controls src=\"https:\/\/www.jotunheimenhuskylodge.no\/wp-content\/uploads\/2021\/10\/10000000_574645767014860_4635411469685403637_n.mp4\"><\/video><\/figure>\n","protected":false},"excerpt":{"rendered":"","protected":false},"author":8,"featured_media":9238,"parent":0,"menu_order":0,"comment_status":"closed","ping_status":"closed","template":"","meta":{"_acf_changed":false,"footnotes":""},"class_list":["post-12599","page","type-page","status-publish","has-post-thumbnail","hentry"],"acf":[],"yoast_head":"<!-- This site is optimized with the Yoast SEO plugin v27.3 - https:\/\/yoast.com\/product\/yoast-seo-wordpress\/ -->\n<title>Home - Jotunheimen Husky Lodge<\/title>\n<meta name=\"robots\" content=\"index, follow, max-snippet:-1, max-image-preview:large, max-video-preview:-1\" \/>\n<link rel=\"canonical\" href=\"https:\/\/www.jotunheimenhuskylodge.no\/en\/\" \/>\n<meta property=\"og:locale\" content=\"en_US\" \/>\n<meta property=\"og:type\" content=\"article\" \/>\n<meta property=\"og:title\" content=\"Home - Jotunheimen Husky Lodge\" \/>\n<meta property=\"og:url\" content=\"https:\/\/www.jotunheimenhuskylodge.no\/en\/\" \/>\n<meta property=\"og:site_name\" content=\"Jotunheimen Husky Lodge\" \/>\n<meta property=\"article:modified_time\" content=\"2025-12-01T18:29:53+00:00\" \/>\n<meta property=\"og:image\" content=\"https:\/\/www.jotunheimenhuskylodge.no\/wp-content\/uploads\/2021\/02\/6Y5A9458.jpg\" \/>\n\t<meta property=\"og:image:width\" content=\"1920\" \/>\n\t<meta property=\"og:image:height\" content=\"1280\" \/>\n\t<meta property=\"og:image:type\" content=\"image\/jpeg\" \/>\n<meta name=\"twitter:card\" content=\"summary_large_image\" \/>\n<meta name=\"twitter:label1\" content=\"Est. reading time\" \/>\n\t<meta name=\"twitter:data1\" content=\"1 minute\" \/>\n<script type=\"application\/ld+json\" class=\"yoast-schema-graph\">{\"@context\":\"https:\\\/\\\/schema.org\",\"@graph\":[{\"@type\":\"WebPage\",\"@id\":\"https:\\\/\\\/www.jotunheimenhuskylodge.no\\\/en\\\/\",\"url\":\"https:\\\/\\\/www.jotunheimenhuskylodge.no\\\/en\\\/\",\"name\":\"Home - Jotunheimen Husky Lodge\",\"isPartOf\":{\"@id\":\"https:\\\/\\\/www.jotunheimenhuskylodge.no\\\/en\\\/#website\"},\"primaryImageOfPage\":{\"@id\":\"https:\\\/\\\/www.jotunheimenhuskylodge.no\\\/en\\\/#primaryimage\"},\"image\":{\"@id\":\"https:\\\/\\\/www.jotunheimenhuskylodge.no\\\/en\\\/#primaryimage\"},\"thumbnailUrl\":\"https:\\\/\\\/www.jotunheimenhuskylodge.no\\\/wp-content\\\/uploads\\\/2021\\\/02\\\/6Y5A9458.jpg\",\"datePublished\":\"2023-03-02T07:55:25+00:00\",\"dateModified\":\"2025-12-01T18:29:53+00:00\",\"breadcrumb\":{\"@id\":\"https:\\\/\\\/www.jotunheimenhuskylodge.no\\\/en\\\/#breadcrumb\"},\"inLanguage\":\"en-US\",\"potentialAction\":[{\"@type\":\"ReadAction\",\"target\":[\"https:\\\/\\\/www.jotunheimenhuskylodge.no\\\/en\\\/\"]}]},{\"@type\":\"ImageObject\",\"inLanguage\":\"en-US\",\"@id\":\"https:\\\/\\\/www.jotunheimenhuskylodge.no\\\/en\\\/#primaryimage\",\"url\":\"https:\\\/\\\/www.jotunheimenhuskylodge.no\\\/wp-content\\\/uploads\\\/2021\\\/02\\\/6Y5A9458.jpg\",\"contentUrl\":\"https:\\\/\\\/www.jotunheimenhuskylodge.no\\\/wp-content\\\/uploads\\\/2021\\\/02\\\/6Y5A9458.jpg\",\"width\":1920,\"height\":1280},{\"@type\":\"BreadcrumbList\",\"@id\":\"https:\\\/\\\/www.jotunheimenhuskylodge.no\\\/en\\\/#breadcrumb\",\"itemListElement\":[{\"@type\":\"ListItem\",\"position\":1,\"name\":\"Hjem\",\"item\":\"https:\\\/\\\/www.jotunheimenhuskylodge.no\\\/en\\\/\"},{\"@type\":\"ListItem\",\"position\":2,\"name\":\"Home\"}]},{\"@type\":\"WebSite\",\"@id\":\"https:\\\/\\\/www.jotunheimenhuskylodge.no\\\/en\\\/#website\",\"url\":\"https:\\\/\\\/www.jotunheimenhuskylodge.no\\\/en\\\/\",\"name\":\"Jotunheimen Husky Lodge\",\"description\":\"Din dr\u00f8m \u2013 v\u00e5r lidenskap\",\"potentialAction\":[{\"@type\":\"SearchAction\",\"target\":{\"@type\":\"EntryPoint\",\"urlTemplate\":\"https:\\\/\\\/www.jotunheimenhuskylodge.no\\\/en\\\/?s={search_term_string}\"},\"query-input\":{\"@type\":\"PropertyValueSpecification\",\"valueRequired\":true,\"valueName\":\"search_term_string\"}}],\"inLanguage\":\"en-US\"}]}<\/script>\n<!-- \/ Yoast SEO plugin. -->","yoast_head_json":{"title":"Home - Jotunheimen Husky Lodge","robots":{"index":"index","follow":"follow","max-snippet":"max-snippet:-1","max-image-preview":"max-image-preview:large","max-video-preview":"max-video-preview:-1"},"canonical":"https:\/\/www.jotunheimenhuskylodge.no\/en\/","og_locale":"en_US","og_type":"article","og_title":"Home - Jotunheimen Husky Lodge","og_url":"https:\/\/www.jotunheimenhuskylodge.no\/en\/","og_site_name":"Jotunheimen Husky Lodge","article_modified_time":"2025-12-01T18:29:53+00:00","og_image":[{"width":1920,"height":1280,"url":"https:\/\/www.jotunheimenhuskylodge.no\/wp-content\/uploads\/2021\/02\/6Y5A9458.jpg","type":"image\/jpeg"}],"twitter_card":"summary_large_image","twitter_misc":{"Est. reading time":"1 minute"},"schema":{"@context":"https:\/\/schema.org","@graph":[{"@type":"WebPage","@id":"https:\/\/www.jotunheimenhuskylodge.no\/en\/","url":"https:\/\/www.jotunheimenhuskylodge.no\/en\/","name":"Home - Jotunheimen Husky Lodge","isPartOf":{"@id":"https:\/\/www.jotunheimenhuskylodge.no\/en\/#website"},"primaryImageOfPage":{"@id":"https:\/\/www.jotunheimenhuskylodge.no\/en\/#primaryimage"},"image":{"@id":"https:\/\/www.jotunheimenhuskylodge.no\/en\/#primaryimage"},"thumbnailUrl":"https:\/\/www.jotunheimenhuskylodge.no\/wp-content\/uploads\/2021\/02\/6Y5A9458.jpg","datePublished":"2023-03-02T07:55:25+00:00","dateModified":"2025-12-01T18:29:53+00:00","breadcrumb":{"@id":"https:\/\/www.jotunheimenhuskylodge.no\/en\/#breadcrumb"},"inLanguage":"en-US","potentialAction":[{"@type":"ReadAction","target":["https:\/\/www.jotunheimenhuskylodge.no\/en\/"]}]},{"@type":"ImageObject","inLanguage":"en-US","@id":"https:\/\/www.jotunheimenhuskylodge.no\/en\/#primaryimage","url":"https:\/\/www.jotunheimenhuskylodge.no\/wp-content\/uploads\/2021\/02\/6Y5A9458.jpg","contentUrl":"https:\/\/www.jotunheimenhuskylodge.no\/wp-content\/uploads\/2021\/02\/6Y5A9458.jpg","width":1920,"height":1280},{"@type":"BreadcrumbList","@id":"https:\/\/www.jotunheimenhuskylodge.no\/en\/#breadcrumb","itemListElement":[{"@type":"ListItem","position":1,"name":"Hjem","item":"https:\/\/www.jotunheimenhuskylodge.no\/en\/"},{"@type":"ListItem","position":2,"name":"Home"}]},{"@type":"WebSite","@id":"https:\/\/www.jotunheimenhuskylodge.no\/en\/#website","url":"https:\/\/www.jotunheimenhuskylodge.no\/en\/","name":"Jotunheimen Husky Lodge","description":"Din dr\u00f8m \u2013 v\u00e5r lidenskap","potentialAction":[{"@type":"SearchAction","target":{"@type":"EntryPoint","urlTemplate":"https:\/\/www.jotunheimenhuskylodge.no\/en\/?s={search_term_string}"},"query-input":{"@type":"PropertyValueSpecification","valueRequired":true,"valueName":"search_term_string"}}],"inLanguage":"en-US"}]}},"_links":{"self":[{"href":"https:\/\/www.jotunheimenhuskylodge.no\/en\/wp-json\/wp\/v2\/pages\/12599","targetHints":{"allow":["GET"]}}],"collection":[{"href":"https:\/\/www.jotunheimenhuskylodge.no\/en\/wp-json\/wp\/v2\/pages"}],"about":[{"href":"https:\/\/www.jotunheimenhuskylodge.no\/en\/wp-json\/wp\/v2\/types\/page"}],"author":[{"embeddable":true,"href":"https:\/\/www.jotunheimenhuskylodge.no\/en\/wp-json\/wp\/v2\/users\/8"}],"replies":[{"embeddable":true,"href":"https:\/\/www.jotunheimenhuskylodge.no\/en\/wp-json\/wp\/v2\/comments?post=12599"}],"version-history":[{"count":78,"href":"https:\/\/www.jotunheimenhuskylodge.no\/en\/wp-json\/wp\/v2\/pages\/12599\/revisions"}],"predecessor-version":[{"id":13304,"href":"https:\/\/www.jotunheimenhuskylodge.no\/en\/wp-json\/wp\/v2\/pages\/12599\/revisions\/13304"}],"wp:featuredmedia":[{"embeddable":true,"href":"https:\/\/www.jotunheimenhuskylodge.no\/en\/wp-json\/wp\/v2\/media\/9238"}],"wp:attachment":[{"href":"https:\/\/www.jotunheimenhuskylodge.no\/en\/wp-json\/wp\/v2\/media?parent=12599"}],"curies":[{"name":"wp","href":"https:\/\/api.w.org\/{rel}","templated":true}]}}