{"id":4914,"date":"2019-12-23T10:28:30","date_gmt":"2019-12-23T09:28:30","guid":{"rendered":"https:\/\/www.jotunheimenhuskylodge.no\/?page_id=4914"},"modified":"2019-12-23T10:34:52","modified_gmt":"2019-12-23T09:34:52","slug":"datenschultz-bestimmungen","status":"publish","type":"page","link":"https:\/\/www.jotunheimenhuskylodge.no\/de\/datenschultz-bestimmungen\/","title":{"rendered":"Datenschultz-Bestimmungen"},"content":{"rendered":"    <div class=\"c-gb-paragraph\">\r\n        <p><em>Diese Datenschutzerkl\u00e4rung wurde am 19. Dezember 2019 ver\u00f6ffentlicht.<\/em><\/p>\n<p>Die Jotunheimen Husky Lodge (im Folgenden: JHL) respektiert die Privatsph\u00e4re der Besucher ihrer Website. Wir stellen sicher, dass die Informationen, die Sie uns zur Verf\u00fcgung stellen, vertraulich behandelt werden.<\/p>\n<p>Diese Datenschutzrichtlinie gilt f\u00fcr Produkte, mobile Anwendungen, Dienste und Websites unter www.jotunheimenhuskylodge.no (&#8222;Website&#8220;) (insgesamt &#8222;Dienste&#8220;) von JHL und erl\u00e4utert, wer wir sind, wie wir personenbezogene Daten \u00fcber Sie sammeln, weitergeben und verwenden und wie Sie Ihre Datenschutzrechte aus\u00fcben k\u00f6nnen. Sie m\u00fcssen sich der Tatsache bewusst sein, dass JHL nicht f\u00fcr die Datenschutzrichtlinien anderer Websites und Dritter verantwortlich ist. Durch die Nutzung der Dienste best\u00e4tigen Sie, dass Sie die Datenschutzbestimmungen akzeptieren.<\/p>\n<h2>Welche pers\u00f6nlichen Daten sammelt JHL und warum?<\/h2>\n<p>Die personenbezogenen Daten, die wir m\u00f6glicherweise \u00fcber Sie sammeln, lassen sich grob in die folgenden Kategorien einteilen:<\/p>\n<p>&#8211; Angaben, die Sie freiwillig machen Bestimmte Teile unserer Dienste k\u00f6nnen Sie auffordern, freiwillig personenbezogene Daten anzugeben. So k\u00f6nnen wir beispielsweise Ihre Kontaktdaten wie den vollst\u00e4ndigen Namen, die Telefonnummer, die E-Mail-Adresse und das Geburtsdatum anfordern, um mit Ihnen zu korrespondieren oder um sie zu verarbeiten und stellen Sie sicher, dass Ihre Buchung erfolgt, dass Sie ein Konto bei uns anmelden, die von Ihnen angeforderten Dienste und Informationen bereitstellen, z. B. Details zu Ihrer Buchung, eine Notfall-Kontaktnummer f\u00fcr Sie haben, falls erforderlich, Marketingmitteilungen von uns abonnieren und \/ oder \u00fcbermitteln Anfragen an uns. M\u00f6glicherweise m\u00fcssen Sie auch Ihre Zahlungsinformationen (wie Kreditkartennummer, Name des Karteninhabers und Ablaufdatum) angeben, um eine Zahlung vorzunehmen.<\/p>\n<p>Die pers\u00f6nlichen Informationen, um die Sie gebeten werden, und die Gr\u00fcnde, warum Sie gebeten werden, sie bereitzustellen, werden Ihnen an dem Punkt klargestellt, an dem wir Sie um die Angabe Ihrer pers\u00f6nlichen Informationen bitten. Auf Wunsch halten wir Sie \u00fcber unseren E-Mail-Service \u00fcber unsere neuesten und attraktivsten Angebote auf dem Laufenden.<\/p>\n<p>&#8211; Informationen, die wir automatisch sammeln Wenn Sie unsere Website besuchen, erfassen wir m\u00f6glicherweise bestimmte Informationen automatisch von Ihrem Ger\u00e4t. In einigen L\u00e4ndern, einschlie\u00dflich der L\u00e4nder des Europ\u00e4ischen Wirtschaftsraums, k\u00f6nnen diese Informationen gem\u00e4\u00df den geltenden Datenschutzgesetzen als personenbezogene Daten betrachtet werden.<\/p>\n<p>Insbesondere k\u00f6nnen die Informationen, die wir automatisch erfassen, Informationen wie Ihre IP-Adresse, den Ger\u00e4tetyp, eindeutige Ger\u00e4teidentifikationsnummern, den Browsertyp, einen breiten geografischen Standort (z. B. Standort auf Landes- oder Stadtebene) und andere technische Informationen enthalten. M\u00f6glicherweise erfassen wir auch Informationen dar\u00fcber, wie Ihr Ger\u00e4t mit unserer Website interagiert hat, einschlie\u00dflich der aufgerufenen Seiten und der angeklickten Links.<\/p>\n<p>Durch das Sammeln dieser Informationen k\u00f6nnen wir die Besucher, die unsere Website besuchen, besser verstehen, woher sie kommen und welche Inhalte auf unserer Website f\u00fcr sie von Interesse sind.<\/p>\n<p>Wir verwenden diese Informationen f\u00fcr interne Analysezwecke und zur Verbesserung der Qualit\u00e4t und Relevanz unserer Website f\u00fcr unsere Besucher.<\/p>\n<p>Einige dieser Informationen werden m\u00f6glicherweise mithilfe von Cookies und \u00e4hnlichen Verfolgungstechnologien erfasst, wie weiter unten unter der \u00dcberschrift \u201eCookies und \u00e4hnliche Verfolgungstechnologien\u201c erl\u00e4utert.<\/p>\n<p>&#8211; Informationen, die wir aus Quellen Dritter erhalten<\/p>\n<p>Von Zeit zu Zeit erhalten wir m\u00f6glicherweise pers\u00f6nliche Informationen \u00fcber Sie aus Quellen Dritter, jedoch nur dann, wenn wir \u00fcberpr\u00fcft haben, dass diese Dritten entweder Ihre Zustimmung haben oder gesetzlich dazu berechtigt oder verpflichtet sind, Ihre pers\u00f6nlichen Informationen an uns weiterzugeben.<\/p>\n<p>Im Allgemeinen verwenden wir die von Ihnen erfassten pers\u00f6nlichen Daten nur f\u00fcr die in dieser Datenschutzerkl\u00e4rung beschriebenen Zwecke oder f\u00fcr Zwecke, die wir Ihnen zum Zeitpunkt der Erfassung Ihrer pers\u00f6nlichen Daten erl\u00e4utern. Wir k\u00f6nnen Ihre personenbezogenen Daten jedoch auch f\u00fcr andere Zwecke verwenden, die nicht mit den Zwecken unvereinbar sind, die wir Ihnen mitgeteilt haben (z. B. zu statistischen Zwecken), sofern dies nach den geltenden Datenschutzgesetzen zul\u00e4ssig ist.<\/p>\n<h2>Rechtsgrundlage f\u00fcr die Verarbeitung personenbezogener Daten (nur f\u00fcr EWR-Besucher)<\/h2>\n<p>Wenn Sie Besucher des Europ\u00e4ischen Wirtschaftsraums sind, h\u00e4ngt unsere Rechtsgrundlage f\u00fcr die Erhebung und Verwendung der oben beschriebenen personenbezogenen Daten von den betreffenden personenbezogenen Daten und dem spezifischen Kontext ab, in dem wir sie erheben.<\/p>\n<p>Wir erfassen personenbezogene Daten von Ihnen jedoch normalerweise nur, wenn wir Ihre Einwilligung dazu haben, wenn wir die personenbezogenen Daten ben\u00f6tigen, um einen Vertrag mit Ihnen abzuschlie\u00dfen, oder wenn die Verarbeitung in unserem berechtigten Interesse liegt und nicht durch Ihre Datenschutzinteressen au\u00dfer Kraft gesetzt wird oder Grundrechte und Grundfreiheiten. In einigen F\u00e4llen sind wir m\u00f6glicherweise auch gesetzlich verpflichtet, personenbezogene Daten von Ihnen zu erheben, oder ben\u00f6tigen die personenbezogenen Daten auf andere Weise, um Ihre oder die lebenswichtigen Interessen einer anderen Person zu sch\u00fctzen. Wenn wir Sie auffordern, personenbezogene Daten bereitzustellen, um einer gesetzlichen Anforderung zu entsprechen oder einen Vertrag mit Ihnen abzuschlie\u00dfen, werden wir dies zum ma\u00dfgeblichen Zeitpunkt klarstellen und Sie dar\u00fcber informieren, ob die Bereitstellung Ihrer personenbezogenen Daten obligatorisch ist oder nicht (sowie von die m\u00f6glichen Konsequenzen, wenn Sie Ihre pers\u00f6nlichen Daten nicht angeben).<\/p>\n<p>Wenn wir Ihre personenbezogenen Daten unter Berufung auf unsere berechtigten Interessen (oder die von Dritten) erheben und verwenden, werden wir Sie zum ma\u00dfgeblichen Zeitpunkt dar\u00fcber informieren, um welche berechtigten Interessen es sich handelt.<\/p>\n<p>Wenn Sie Fragen zu der Rechtsgrundlage haben oder weitere Informationen ben\u00f6tigen, auf der wir Ihre personenbezogenen Daten erheben und verwenden, kontaktieren Sie uns bitte \u00fcber die unter der \u00dcberschrift \u201eKontakt\u201c angegebenen Kontaktdaten.<\/p>\n<h2>Wie verwenden wir Ihre pers\u00f6nlichen Daten?<\/h2>\n<p>Wir werden Sie immer dar\u00fcber informieren, warum wir Ihre pers\u00f6nlichen Daten ben\u00f6tigen und wie wir diese Informationen verwenden. JHL wird diese Informationen ohne Ihre ausdr\u00fcckliche Zustimmung unter keinen Umst\u00e4nden an Dritte weitergeben, au\u00dfer:<\/p>\n<p>&#8211; an unsere Konzernunternehmen, Drittdienstleister und Partner, die Datenverarbeitungsdienste f\u00fcr uns bereitstellen (zum Beispiel zur Unterst\u00fctzung der Bereitstellung, Bereitstellung von Funktionen oder zur Verbesserung der Sicherheit unserer Website oder f\u00fcr Ihre Unterkunft eingesetzter Dritter), B. Beherbergungsbetriebe) oder Personen, die auf andere Weise personenbezogene Daten f\u00fcr Zwecke verarbeiten, die in dieser Datenschutzrichtlinie beschrieben sind oder die Ihnen bei der Erfassung Ihrer personenbezogenen Daten mitgeteilt werden. Darunter sind folgende Partner:<\/p>\n<ul>\n<li>booking.com<\/li>\n<li>Rechnungssoftware<\/li>\n<\/ul>\n<p>&#8211; an eine zust\u00e4ndige Strafverfolgungsbeh\u00f6rde, Aufsichtsbeh\u00f6rde, Regierungsbeh\u00f6rde, ein Gericht oder einen anderen Dritten, wenn wir der Ansicht sind, dass eine Offenlegung erforderlich ist (i) um geltendes Recht oder geltende Vorschriften zu erf\u00fcllen, (ii) um unsere gesetzlichen Rechte auszu\u00fcben, zu begr\u00fcnden oder zu verteidigen, oder (iii) um Ihre vitalen Interessen oder die einer anderen Person zu sch\u00fctzen;<\/p>\n<h2>Wie geht JHL bei Wettbewerben oder Werbeaktionen mit Daten um?<\/h2>\n<p>Wenn Sie auf ein Gewinnspiel oder eine Werbeaktion antworten, werden Sie nach Ihrem Namen, Ihrer Adresse und Ihrer E-Mail-Adresse gefragt. Diese Daten werden im Zusammenhang mit der Aktion verwendet, um die Gewinner des Wettbewerbs \u00fcber ihren Preis zu informieren und die Reaktion auf die Aktion zu messen.<\/p>\n<h2>Wie geht JHL mit Sicherheit und Qualit\u00e4t um?<\/h2>\n<p>Wir ergreifen geeignete technische und organisatorische Ma\u00dfnahmen, um die Qualit\u00e4t und Integrit\u00e4t der personenbezogenen Daten zu sch\u00fctzen, die wir \u00fcber Sie sammeln und verarbeiten. Die von uns verwendeten Ma\u00dfnahmen sollen ein Sicherheitsniveau bieten, das dem Risiko der Verarbeitung Ihrer pers\u00f6nlichen Daten angemessen ist. Zu unseren spezifischen Ma\u00dfnahmen geh\u00f6ren die Verwendung von Firewalls und die PCI-Konformit\u00e4t.<\/p>\n<p>Wir werden uns sehr um Ihre Informationen k\u00fcmmern. Die Informationen, die Sie bei der Buchung einer Reise oder beim Abonnieren des Newsletters angeben, werden sicher in unserer Datenbank gespeichert.<\/p>\n<h2>Vorratsdatenspeicherung<\/h2>\n<p>Wir bewahren personenbezogene Daten, die wir von Ihnen sammeln, auf, wenn wir dies aus legitimen Gr\u00fcnden tun m\u00fcssen (zum Beispiel, um Ihnen einen von Ihnen angeforderten Service zu bieten oder um die geltenden rechtlichen, steuerlichen oder buchhalterischen Anforderungen zu erf\u00fcllen).<\/p>\n<p>Wenn wir keine legitimen Gesch\u00e4ftsanforderungen f\u00fcr die Verarbeitung Ihrer pers\u00f6nlichen Daten haben, werden wir diese entweder l\u00f6schen oder anonymisieren. Wenn dies nicht m\u00f6glich ist (zum Beispiel, weil Ihre pers\u00f6nlichen Daten in Sicherungsarchiven gespeichert wurden), werden wir Ihre Daten sicher speichern personenbezogene Daten und isolieren Sie diese von jeglicher weiteren Verarbeitung, bis eine L\u00f6schung m\u00f6glich ist.<\/p>\n<h2>Cookies<\/h2>\n<p>Wir sammeln Informationen f\u00fcr die Forschung, um einen besseren Einblick in unsere Kunden zu erhalten und unsere Dienstleistungen entsprechend anpassen zu k\u00f6nnen.<\/p>\n<p>Wir verwenden Cookies und \u00e4hnliche Tracking-Technologien (zusammenfassend \u201eCookies\u201c), um pers\u00f6nliche Informationen \u00fcber Sie zu sammeln und zu verwenden (einschlie\u00dflich zur Schaltung von interessenbezogener Werbung). Wir verwenden diese Informationen, um Ihre Nutzung der Website aufzuzeichnen, um Reports \u00fcber die Websiteaktivit\u00e4ten zusammenzustellen und um weitere mit der Websitenutzung und der Internetnutzung verbundene Dienstleistungen zu erbringen. Weitere Informationen zu den von uns verwendeten Cookies, warum und wie Sie Cookies kontrollieren k\u00f6nnen, finden Sie in unserer <a href=\"https:\/\/www.jotunheimenhuskylodge.no\/de\/cookie-richtlinie\/\">Cookie-Richtlinie<\/a><\/p>\n<h2>\u00c4nderungen<\/h2>\n<p>Diese Datenschutzerkl\u00e4rung wird an die Nutzung und die auf dieser Website verf\u00fcgbaren Optionen angepasst. Jegliche \u00c4nderungen und \/ oder Erg\u00e4nzungen dieser Website k\u00f6nnen zu \u00c4nderungen dieser Datenschutzerkl\u00e4rung f\u00fchren. Es ist daher ratsam, diese Datenschutzerkl\u00e4rung regelm\u00e4\u00dfig zu \u00fcberpr\u00fcfen.<\/p>\n<h2>Anpassen oder Abbestellen des Newsletter-Service<\/h2>\n<p>Oben in jeder E-Mail finden Sie eine Option zum \u00c4ndern Ihrer Daten oder zum Abbestellen.<\/p>\n<h2>Kommunikation anpassen oder abbestellen<\/h2>\n<p>Sie k\u00f6nnen uns jederzeit kontaktieren, um Ihre Daten zu \u00e4ndern oder sie aus unseren Dateien zu l\u00f6schen. Siehe unten stehende Kontaktdaten.<\/p>\n<h2>Ihre Datenschutzrechte<\/h2>\n<p>Sie haben folgende Datenschutzrechte:<\/p>\n<p>&#8211; Wenn Sie auf Ihre pers\u00f6nlichen Daten zugreifen, diese korrigieren, aktualisieren oder deren L\u00f6schung anfordern m\u00f6chten, k\u00f6nnen Sie dies jederzeit tun, indem Sie uns \u00fcber die unter der \u00dcberschrift \u201eSo erreichen Sie uns\u201c angegebenen Kontaktdaten kontaktieren.<\/p>\n<p>&#8211; Wenn Sie in der Europ\u00e4ischen Union ans\u00e4ssig sind, k\u00f6nnen Sie der Verarbeitung Ihrer personenbezogenen Daten widersprechen, uns auffordern, die Verarbeitung Ihrer personenbezogenen Daten einzuschr\u00e4nken, oder die Portabilit\u00e4t Ihrer personenbezogenen Daten beantragen. Sie k\u00f6nnen diese Rechte auch hier aus\u00fcben, indem Sie uns \u00fcber die unter der \u00dcberschrift \u201eSo erreichen Sie uns\u201c angegebenen Kontaktdaten kontaktieren.<\/p>\n<p>&#8211; Sie haben das Recht, Marketing-Mitteilungen, die wir Ihnen senden, jederzeit zu widerrufen. Sie k\u00f6nnen dieses Recht aus\u00fcben, indem Sie in den Marketing-E-Mails, die wir Ihnen senden, auf den Link \u201eAbbestellen\u201c oder \u201eAbbestellen\u201c klicken. Wenn Sie sich von anderen Marketingformen (wie Postmarketing oder Telemarketing) abmelden m\u00f6chten, setzen Sie sich bitte mit uns in Verbindung. Die Kontaktdaten finden Sie unter der \u00dcberschrift \u201eSo erreichen Sie uns\u201c.<\/p>\n<p>&#8211; Wenn wir Ihre personenbezogenen Daten mit Ihrer Zustimmung erfasst und verarbeitet haben, k\u00f6nnen Sie Ihre Zustimmung jederzeit widerrufen. Ein Widerruf Ihrer Einwilligung hat keinen Einfluss auf die Rechtm\u00e4\u00dfigkeit einer Verarbeitung, die wir vor Ihrem Widerruf durchgef\u00fchrt haben, und auch nicht auf die Verarbeitung Ihrer personenbezogenen Daten, die unter Berufung auf andere rechtm\u00e4\u00dfige Verarbeitungsgr\u00fcnde als die Einwilligung durchgef\u00fchrt wurden.<\/p>\n<p>&#8211; Sie haben das Recht, sich bei einer Datenschutzbeh\u00f6rde \u00fcber die Erhebung und Verwendung Ihrer personenbezogenen Daten zu beschweren. Weitere Informationen erhalten Sie von Ihrer \u00f6rtlichen Datenschutzbeh\u00f6rde. (Die Kontaktdaten der Datenschutzbeh\u00f6rden im Europ\u00e4ischen Wirtschaftsraum finden Sie hier.)<\/p>\n<p>Wir beantworten alle Anfragen von Personen, die ihre Datenschutzrechte in \u00dcbereinstimmung mit den geltenden Datenschutzgesetzen aus\u00fcben m\u00f6chten.<\/p>\n<h2>Aktualisierungen dieser Datenschutzerkl\u00e4rung<\/h2>\n<p>Wir k\u00f6nnen diese Datenschutzrichtlinie von Zeit zu Zeit aktualisieren, wenn sich rechtliche, technische oder gesch\u00e4ftliche Entwicklungen \u00e4ndern. Wenn wir unsere Datenschutzrichtlinie aktualisieren, werden wir geeignete Ma\u00dfnahmen ergreifen, um Sie entsprechend der Bedeutung der von uns vorgenommenen \u00c4nderungen zu informieren. Wir werden Ihre Zustimmung zu wesentlichen \u00c4nderungen der Datenschutzrichtlinie einholen, wenn und soweit dies nach den geltenden Datenschutzgesetzen erforderlich ist.<\/p>\n<p>Sie k\u00f6nnen sehen, wann diese Datenschutzrichtlinie zuletzt aktualisiert wurde, indem Sie das Datum der letzten Aktualisierung \u00fcberpr\u00fcfen, das oben in dieser Datenschutzrichtlinie angezeigt wird.<\/p>\n<h2>Fragen und Feedback<\/h2>\n<p>Wir pr\u00fcfen regelm\u00e4\u00dfig, ob wir diese Datenschutzerkl\u00e4rung einhalten. Wenn Sie Fragen zu dieser Datenschutzrichtlinie haben, k\u00f6nnen Sie sich an uns wenden:<\/p>\n<h2>Jotunheimen Husky Lodge<\/h2>\n<p>Gesch\u00e4ftsf\u00fchrer \u00d8yvind Jakobsen<br \/>\nTelefon: +47 920 97 942<br \/>\nE-mail: post@jotunheimenhuskylodge.no<br \/>\nAdresse: Sjodalsvegen 201, 2683 Tessanden<\/p>\n            <\/div>\r\n","protected":false},"excerpt":{"rendered":"","protected":false},"author":8,"featured_media":0,"parent":0,"menu_order":0,"comment_status":"closed","ping_status":"closed","template":"","meta":{"_acf_changed":false,"footnotes":""},"class_list":["post-4914","page","type-page","status-publish","hentry"],"acf":[],"yoast_head":"<!-- This site is optimized with the Yoast SEO plugin v27.3 - https:\/\/yoast.com\/product\/yoast-seo-wordpress\/ -->\n<title>Datenschultz-Bestimmungen - Jotunheimen Husky Lodge<\/title>\n<meta name=\"robots\" content=\"noindex, nofollow\" \/>\n<meta property=\"og:locale\" content=\"de_DE\" \/>\n<meta property=\"og:type\" content=\"article\" \/>\n<meta property=\"og:title\" content=\"Datenschultz-Bestimmungen - Jotunheimen Husky Lodge\" \/>\n<meta property=\"og:url\" content=\"https:\/\/www.jotunheimenhuskylodge.no\/de\/datenschultz-bestimmungen\/\" \/>\n<meta property=\"og:site_name\" content=\"Jotunheimen Husky Lodge\" \/>\n<meta property=\"article:modified_time\" content=\"2019-12-23T09:34:52+00:00\" \/>\n<meta name=\"twitter:card\" content=\"summary_large_image\" \/>\n<script type=\"application\/ld+json\" class=\"yoast-schema-graph\">{\"@context\":\"https:\\\/\\\/schema.org\",\"@graph\":[{\"@type\":\"WebPage\",\"@id\":\"https:\\\/\\\/www.jotunheimenhuskylodge.no\\\/de\\\/datenschultz-bestimmungen\\\/\",\"url\":\"https:\\\/\\\/www.jotunheimenhuskylodge.no\\\/de\\\/datenschultz-bestimmungen\\\/\",\"name\":\"Datenschultz-Bestimmungen - Jotunheimen Husky Lodge\",\"isPartOf\":{\"@id\":\"https:\\\/\\\/www.jotunheimenhuskylodge.no\\\/de\\\/#website\"},\"datePublished\":\"2019-12-23T09:28:30+00:00\",\"dateModified\":\"2019-12-23T09:34:52+00:00\",\"breadcrumb\":{\"@id\":\"https:\\\/\\\/www.jotunheimenhuskylodge.no\\\/de\\\/datenschultz-bestimmungen\\\/#breadcrumb\"},\"inLanguage\":\"de\",\"potentialAction\":[{\"@type\":\"ReadAction\",\"target\":[\"https:\\\/\\\/www.jotunheimenhuskylodge.no\\\/de\\\/datenschultz-bestimmungen\\\/\"]}]},{\"@type\":\"BreadcrumbList\",\"@id\":\"https:\\\/\\\/www.jotunheimenhuskylodge.no\\\/de\\\/datenschultz-bestimmungen\\\/#breadcrumb\",\"itemListElement\":[{\"@type\":\"ListItem\",\"position\":1,\"name\":\"Hjem\",\"item\":\"https:\\\/\\\/www.jotunheimenhuskylodge.no\\\/de\\\/\"},{\"@type\":\"ListItem\",\"position\":2,\"name\":\"Datenschultz-Bestimmungen\"}]},{\"@type\":\"WebSite\",\"@id\":\"https:\\\/\\\/www.jotunheimenhuskylodge.no\\\/de\\\/#website\",\"url\":\"https:\\\/\\\/www.jotunheimenhuskylodge.no\\\/de\\\/\",\"name\":\"Jotunheimen Husky Lodge\",\"description\":\"Din dr\u00f8m \u2013 v\u00e5r lidenskap\",\"potentialAction\":[{\"@type\":\"SearchAction\",\"target\":{\"@type\":\"EntryPoint\",\"urlTemplate\":\"https:\\\/\\\/www.jotunheimenhuskylodge.no\\\/de\\\/?s={search_term_string}\"},\"query-input\":{\"@type\":\"PropertyValueSpecification\",\"valueRequired\":true,\"valueName\":\"search_term_string\"}}],\"inLanguage\":\"de\"}]}<\/script>\n<!-- \/ Yoast SEO plugin. -->","yoast_head_json":{"title":"Datenschultz-Bestimmungen - Jotunheimen Husky Lodge","robots":{"index":"noindex","follow":"nofollow"},"og_locale":"de_DE","og_type":"article","og_title":"Datenschultz-Bestimmungen - Jotunheimen Husky Lodge","og_url":"https:\/\/www.jotunheimenhuskylodge.no\/de\/datenschultz-bestimmungen\/","og_site_name":"Jotunheimen Husky Lodge","article_modified_time":"2019-12-23T09:34:52+00:00","twitter_card":"summary_large_image","schema":{"@context":"https:\/\/schema.org","@graph":[{"@type":"WebPage","@id":"https:\/\/www.jotunheimenhuskylodge.no\/de\/datenschultz-bestimmungen\/","url":"https:\/\/www.jotunheimenhuskylodge.no\/de\/datenschultz-bestimmungen\/","name":"Datenschultz-Bestimmungen - Jotunheimen Husky Lodge","isPartOf":{"@id":"https:\/\/www.jotunheimenhuskylodge.no\/de\/#website"},"datePublished":"2019-12-23T09:28:30+00:00","dateModified":"2019-12-23T09:34:52+00:00","breadcrumb":{"@id":"https:\/\/www.jotunheimenhuskylodge.no\/de\/datenschultz-bestimmungen\/#breadcrumb"},"inLanguage":"de","potentialAction":[{"@type":"ReadAction","target":["https:\/\/www.jotunheimenhuskylodge.no\/de\/datenschultz-bestimmungen\/"]}]},{"@type":"BreadcrumbList","@id":"https:\/\/www.jotunheimenhuskylodge.no\/de\/datenschultz-bestimmungen\/#breadcrumb","itemListElement":[{"@type":"ListItem","position":1,"name":"Hjem","item":"https:\/\/www.jotunheimenhuskylodge.no\/de\/"},{"@type":"ListItem","position":2,"name":"Datenschultz-Bestimmungen"}]},{"@type":"WebSite","@id":"https:\/\/www.jotunheimenhuskylodge.no\/de\/#website","url":"https:\/\/www.jotunheimenhuskylodge.no\/de\/","name":"Jotunheimen Husky Lodge","description":"Din dr\u00f8m \u2013 v\u00e5r lidenskap","potentialAction":[{"@type":"SearchAction","target":{"@type":"EntryPoint","urlTemplate":"https:\/\/www.jotunheimenhuskylodge.no\/de\/?s={search_term_string}"},"query-input":{"@type":"PropertyValueSpecification","valueRequired":true,"valueName":"search_term_string"}}],"inLanguage":"de"}]}},"_links":{"self":[{"href":"https:\/\/www.jotunheimenhuskylodge.no\/de\/wp-json\/wp\/v2\/pages\/4914","targetHints":{"allow":["GET"]}}],"collection":[{"href":"https:\/\/www.jotunheimenhuskylodge.no\/de\/wp-json\/wp\/v2\/pages"}],"about":[{"href":"https:\/\/www.jotunheimenhuskylodge.no\/de\/wp-json\/wp\/v2\/types\/page"}],"author":[{"embeddable":true,"href":"https:\/\/www.jotunheimenhuskylodge.no\/de\/wp-json\/wp\/v2\/users\/8"}],"replies":[{"embeddable":true,"href":"https:\/\/www.jotunheimenhuskylodge.no\/de\/wp-json\/wp\/v2\/comments?post=4914"}],"version-history":[{"count":4,"href":"https:\/\/www.jotunheimenhuskylodge.no\/de\/wp-json\/wp\/v2\/pages\/4914\/revisions"}],"predecessor-version":[{"id":4921,"href":"https:\/\/www.jotunheimenhuskylodge.no\/de\/wp-json\/wp\/v2\/pages\/4914\/revisions\/4921"}],"wp:attachment":[{"href":"https:\/\/www.jotunheimenhuskylodge.no\/de\/wp-json\/wp\/v2\/media?parent=4914"}],"curies":[{"name":"wp","href":"https:\/\/api.w.org\/{rel}","templated":true}]}}