{"id":4906,"date":"2019-12-23T10:22:47","date_gmt":"2019-12-23T09:22:47","guid":{"rendered":"https:\/\/www.jotunheimenhuskylodge.no\/?page_id=4906"},"modified":"2019-12-23T10:25:40","modified_gmt":"2019-12-23T09:25:40","slug":"cookie-richtlinie","status":"publish","type":"page","link":"https:\/\/www.jotunheimenhuskylodge.no\/de\/cookie-richtlinie\/","title":{"rendered":"Cookie-Richtlinie"},"content":{"rendered":"    <div class=\"c-gb-paragraph\">\r\n        <h2><em>Diese Cookie-Richtlinie wurde am 19. Dezember 2019 ver\u00f6ffentlicht.<\/em><\/h2>\n<p><strong>Was sind Cookies?<\/strong><\/p>\n<p>Cookies sind kleine Daten (Speicherdateien), die von besuchten Websites \u00fcber Ihren Browser auf Ihrem Computer oder Ihrem Ger\u00e4t gespeichert werden. Wie es bei fast allen Websites \u00fcblich ist, verwendet diese Website Cookies, um Ihre Erfahrung zu verbessern, indem Sie sich Ihre Einstellungen merken und andere Cookie-basierte Funktionen (z. B. Analysen) entweder f\u00fcr einen einzelnen Besuch (durch ein &#8222;Sitzungs-Cookie&#8220;) oder f\u00fcr mehrere Wiederholungen aktivieren Besuche (mit einem &#8222;dauerhaften Cookie&#8220;).<\/p>\n<p><strong>Unsere Cookies<\/strong><\/p>\n<p>Jotunheimen Husky Lodge verwendet Cookies f\u00fcr verschiedene Zwecke.<\/p>\n<ul>\n<li>Wenn Sie Daten \u00fcber ein Formular wie das auf Kontaktseiten, Kommentarformularen oder einem Blogabonnement \u00fcbermitteln, werden m\u00f6glicherweise Cookies gesetzt, um Ihre Benutzerdaten f\u00fcr zuk\u00fcnftige Korrespondenz zu speichern.<\/li>\n<li>Wenn Sie Informationen \u00fcber ein Live-Chat-Widget \u00fcbermitteln, werden m\u00f6glicherweise Cookies gesetzt, um Ihre Benutzerdaten zu speichern und eine Unterhaltung fortzusetzen, wenn Sie das n\u00e4chste Mal zur Website zur\u00fcckkehren.<\/li>\n<li>Wenn Sie Artikel \u00fcber E-Commerce kaufen, k\u00f6nnen Cookies gesetzt werden, um Ihnen das Hinzuf\u00fcgen von Produkten zu Ihrem Warenkorb, die Anzeige der richtigen Seite f\u00fcr das von Ihnen verwendete Ger\u00e4t, die \u00dcberpr\u00fcfung Ihrer Daten bei der Bestellung und die Abwicklung der Zahlung f\u00fcr eine Bestellung zu erm\u00f6glichen bestellen.<\/li>\n<\/ul>\n<p><strong>Cookies von Drittanbietern<\/strong><\/p>\n<p>In besonderen F\u00e4llen verwenden wir auch Cookies von vertrauensw\u00fcrdigen Dritten wie Google Analytics. Mithilfe von Analysen von Drittanbietern wird die Nutzung dieser Website nachverfolgt und gemessen, sodass wir weiterhin ansprechende Inhalte erstellen k\u00f6nnen.<\/p>\n<p><strong>Cookies verwalten<\/strong><\/p>\n<p>Wenn Sie zum ersten Mal auf die Website zugreifen, erhalten Sie m\u00f6glicherweise eine Meldung, in der Sie darauf hingewiesen werden, dass Cookies und \u00e4hnliche Technologien verwendet werden. Indem Sie auf &#8222;Akzeptieren&#8220; klicken, die Nachricht schlie\u00dfen oder die Website weiter durchsuchen, best\u00e4tigen Sie, dass Sie die in dieser Cookie-Richtlinie beschriebene Verwendung dieser Technologien verstehen und ihr zustimmen.<\/p>\n<p>Sie k\u00f6nnen die Einwilligung jederzeit widerrufen. In den meisten Browsern k\u00f6nnen Sie die Annahme von Cookies ablehnen. Sie k\u00f6nnen Cookies auch aus Ihren Browsereinstellungen entfernen. Beachten Sie, dass das Deaktivieren von Cookies die Funktionalit\u00e4t dieser und vieler anderer von Ihnen besuchter Websites beeintr\u00e4chtigen kann. Aus diesem Grund wird empfohlen, Cookies nicht zu deaktivieren.<\/p>\n<p><strong>Informationen zum Verwalten, Blockieren oder L\u00f6schen von Cookies f\u00fcr die beliebtesten Browser finden Sie unter den folgenden Links:<\/strong><\/p>\n<ul>\n<li><strong>Firefox<\/strong><\/li>\n<li><strong>Chrome<\/strong><\/li>\n<li><strong>Internet Explorer<\/strong><\/li>\n<li><strong>Safari<\/strong><\/li>\n<\/ul>\n<p>Weitere Informationen zum Verwalten und L\u00f6schen von Cookies finden Sie unter <u>www.aboutcookies.org<\/u>. Weitere Informationen zu Ihren Auswahlm\u00f6glichkeiten hinsichtlich der Verwendung Ihrer Webbrowsert\u00e4tigkeit f\u00fcr interessenbezogene Werbung finden Sie auf der folgenden Website: <u>www.networkadvertising.org<\/u><\/p>\n<p><strong>Die Jotunheimen Husky Lodge verwendet die folgenden Cookies<\/strong><\/p>\n<p>Durch den Besuch unserer Website erkl\u00e4ren Sie sich damit einverstanden, dass diese Cookies in Ihrem Browser gespeichert werden. Sie k\u00f6nnen m\u00f6glicherweise Cookies in Ihrem Browser deaktivieren und unsere Seiten trotzdem besuchen, jedoch mit eingeschr\u00e4nkter Funktionalit\u00e4t.<\/p>\n<p><strong>Google Analytics<\/strong><\/p>\n<p>Google Analytics wird verwendet, um das Nutzerverhalten auf unserer Website aufzuzeichnen und zu analysieren. Wir tun dies, um den Inhalt und das Design so anzupassen, dass Sie eine noch bessere Benutzererfahrung auf www.jotunheimenhuskylodge.no erhalten.<\/p>\n<p>Gem\u00e4\u00df den Google Analytics-Richtlinien von Google werden keine pers\u00f6nlichen Informationen \u00fcber Sie als Nutzer erfasst. Die erhobenen Daten werden auf den Servern von Google gespeichert. Weitere Informationen dar\u00fcber, wie Google Daten sammelt und sch\u00fctzt, finden Sie hier:<\/p>\n<p><a href=\"http:\/\/www.google.com\/intl\/no\/policies\/privacy\/\">Datenschutzbestimmungen &#8211; Datenschutz und Nutzungsbedingungen<\/a><\/p>\n<p>Das Google Analytics-Cookie wird nach 24 Monaten automatisch gel\u00f6scht, wenn Sie nicht zur Website zur\u00fcckkehren. Sie k\u00f6nnen gegen jede Registrierung in Google Analytics reservieren, indem Sie ein Add-On in Ihrem Browser installieren:<\/p>\n<p><a href=\"https:\/\/tools.google.com\/dlpage\/gaoptout\">Google Analytics-Deaktivierungs-Browser-Add-on<\/a><\/p>\n<p><strong>Online kaufen<\/strong><\/p>\n<p>Jotunheimen Husky Lodge verwenden Cookies bei der Buchung von Reisen und nutzen unsere Online-Buchungsfunktion. In keinem dieser Verzeichnisse werden personenbezogene Daten gespeichert.<\/p>\n<p><strong>Dies sind die Cookies, die Jotunheimen Husky Lodge im Online-Shop verwenden:<\/strong><\/p>\n<ul>\n<li>woocommerce_cart_hash und woocommerce_items_in_cart. Sitzungskapseln, mit denen Sie feststellen k\u00f6nnen, dass sich der Warenkorb \u00e4ndert.<\/li>\n<li>wp_woocommerce_session_. Zwei Tage gelagert. Eindeutiger Code f\u00fcr jeden Kunden, mit dem Warenkorbinformationen abgerufen werden k\u00f6nnen.<\/li>\n<li>tk_ai. Speichert eine zuf\u00e4llig generierte anonyme ID. Wird nur zur Verfolgung der Nutzung verwendet.<\/li>\n<li>Kasse l\u00f6schen (Name, Preis, Menge). Versand an Klarna, um die Zahlung abzuschlie\u00dfen.<\/li>\n<\/ul>\n<p><strong>Haben Sie Fragen zu unserer Verwendung von Cookies? Kontaktieren Sie uns unter +47 920 97 942 oder post@jotunheimenhuskylodge.no.<\/strong><\/p>\n            <\/div>\r\n","protected":false},"excerpt":{"rendered":"","protected":false},"author":8,"featured_media":0,"parent":0,"menu_order":0,"comment_status":"closed","ping_status":"closed","template":"","meta":{"_acf_changed":false,"footnotes":""},"class_list":["post-4906","page","type-page","status-publish","hentry"],"acf":[],"yoast_head":"<!-- This site is optimized with the Yoast SEO plugin v27.3 - https:\/\/yoast.com\/product\/yoast-seo-wordpress\/ -->\n<title>Cookie-Richtlinie - Jotunheimen Husky Lodge<\/title>\n<meta name=\"robots\" content=\"noindex, nofollow\" \/>\n<meta property=\"og:locale\" content=\"de_DE\" \/>\n<meta property=\"og:type\" content=\"article\" \/>\n<meta property=\"og:title\" content=\"Cookie-Richtlinie - Jotunheimen Husky Lodge\" \/>\n<meta property=\"og:url\" content=\"https:\/\/www.jotunheimenhuskylodge.no\/de\/cookie-richtlinie\/\" \/>\n<meta property=\"og:site_name\" content=\"Jotunheimen Husky Lodge\" \/>\n<meta property=\"article:modified_time\" content=\"2019-12-23T09:25:40+00:00\" \/>\n<meta name=\"twitter:card\" content=\"summary_large_image\" \/>\n<script type=\"application\/ld+json\" class=\"yoast-schema-graph\">{\"@context\":\"https:\\\/\\\/schema.org\",\"@graph\":[{\"@type\":\"WebPage\",\"@id\":\"https:\\\/\\\/www.jotunheimenhuskylodge.no\\\/de\\\/cookie-richtlinie\\\/\",\"url\":\"https:\\\/\\\/www.jotunheimenhuskylodge.no\\\/de\\\/cookie-richtlinie\\\/\",\"name\":\"Cookie-Richtlinie - Jotunheimen Husky Lodge\",\"isPartOf\":{\"@id\":\"https:\\\/\\\/www.jotunheimenhuskylodge.no\\\/de\\\/#website\"},\"datePublished\":\"2019-12-23T09:22:47+00:00\",\"dateModified\":\"2019-12-23T09:25:40+00:00\",\"breadcrumb\":{\"@id\":\"https:\\\/\\\/www.jotunheimenhuskylodge.no\\\/de\\\/cookie-richtlinie\\\/#breadcrumb\"},\"inLanguage\":\"de\",\"potentialAction\":[{\"@type\":\"ReadAction\",\"target\":[\"https:\\\/\\\/www.jotunheimenhuskylodge.no\\\/de\\\/cookie-richtlinie\\\/\"]}]},{\"@type\":\"BreadcrumbList\",\"@id\":\"https:\\\/\\\/www.jotunheimenhuskylodge.no\\\/de\\\/cookie-richtlinie\\\/#breadcrumb\",\"itemListElement\":[{\"@type\":\"ListItem\",\"position\":1,\"name\":\"Hjem\",\"item\":\"https:\\\/\\\/www.jotunheimenhuskylodge.no\\\/de\\\/\"},{\"@type\":\"ListItem\",\"position\":2,\"name\":\"Cookie-Richtlinie\"}]},{\"@type\":\"WebSite\",\"@id\":\"https:\\\/\\\/www.jotunheimenhuskylodge.no\\\/de\\\/#website\",\"url\":\"https:\\\/\\\/www.jotunheimenhuskylodge.no\\\/de\\\/\",\"name\":\"Jotunheimen Husky Lodge\",\"description\":\"Din dr\u00f8m \u2013 v\u00e5r lidenskap\",\"potentialAction\":[{\"@type\":\"SearchAction\",\"target\":{\"@type\":\"EntryPoint\",\"urlTemplate\":\"https:\\\/\\\/www.jotunheimenhuskylodge.no\\\/de\\\/?s={search_term_string}\"},\"query-input\":{\"@type\":\"PropertyValueSpecification\",\"valueRequired\":true,\"valueName\":\"search_term_string\"}}],\"inLanguage\":\"de\"}]}<\/script>\n<!-- \/ Yoast SEO plugin. -->","yoast_head_json":{"title":"Cookie-Richtlinie - Jotunheimen Husky Lodge","robots":{"index":"noindex","follow":"nofollow"},"og_locale":"de_DE","og_type":"article","og_title":"Cookie-Richtlinie - Jotunheimen Husky Lodge","og_url":"https:\/\/www.jotunheimenhuskylodge.no\/de\/cookie-richtlinie\/","og_site_name":"Jotunheimen Husky Lodge","article_modified_time":"2019-12-23T09:25:40+00:00","twitter_card":"summary_large_image","schema":{"@context":"https:\/\/schema.org","@graph":[{"@type":"WebPage","@id":"https:\/\/www.jotunheimenhuskylodge.no\/de\/cookie-richtlinie\/","url":"https:\/\/www.jotunheimenhuskylodge.no\/de\/cookie-richtlinie\/","name":"Cookie-Richtlinie - Jotunheimen Husky Lodge","isPartOf":{"@id":"https:\/\/www.jotunheimenhuskylodge.no\/de\/#website"},"datePublished":"2019-12-23T09:22:47+00:00","dateModified":"2019-12-23T09:25:40+00:00","breadcrumb":{"@id":"https:\/\/www.jotunheimenhuskylodge.no\/de\/cookie-richtlinie\/#breadcrumb"},"inLanguage":"de","potentialAction":[{"@type":"ReadAction","target":["https:\/\/www.jotunheimenhuskylodge.no\/de\/cookie-richtlinie\/"]}]},{"@type":"BreadcrumbList","@id":"https:\/\/www.jotunheimenhuskylodge.no\/de\/cookie-richtlinie\/#breadcrumb","itemListElement":[{"@type":"ListItem","position":1,"name":"Hjem","item":"https:\/\/www.jotunheimenhuskylodge.no\/de\/"},{"@type":"ListItem","position":2,"name":"Cookie-Richtlinie"}]},{"@type":"WebSite","@id":"https:\/\/www.jotunheimenhuskylodge.no\/de\/#website","url":"https:\/\/www.jotunheimenhuskylodge.no\/de\/","name":"Jotunheimen Husky Lodge","description":"Din dr\u00f8m \u2013 v\u00e5r lidenskap","potentialAction":[{"@type":"SearchAction","target":{"@type":"EntryPoint","urlTemplate":"https:\/\/www.jotunheimenhuskylodge.no\/de\/?s={search_term_string}"},"query-input":{"@type":"PropertyValueSpecification","valueRequired":true,"valueName":"search_term_string"}}],"inLanguage":"de"}]}},"_links":{"self":[{"href":"https:\/\/www.jotunheimenhuskylodge.no\/de\/wp-json\/wp\/v2\/pages\/4906","targetHints":{"allow":["GET"]}}],"collection":[{"href":"https:\/\/www.jotunheimenhuskylodge.no\/de\/wp-json\/wp\/v2\/pages"}],"about":[{"href":"https:\/\/www.jotunheimenhuskylodge.no\/de\/wp-json\/wp\/v2\/types\/page"}],"author":[{"embeddable":true,"href":"https:\/\/www.jotunheimenhuskylodge.no\/de\/wp-json\/wp\/v2\/users\/8"}],"replies":[{"embeddable":true,"href":"https:\/\/www.jotunheimenhuskylodge.no\/de\/wp-json\/wp\/v2\/comments?post=4906"}],"version-history":[{"count":5,"href":"https:\/\/www.jotunheimenhuskylodge.no\/de\/wp-json\/wp\/v2\/pages\/4906\/revisions"}],"predecessor-version":[{"id":4913,"href":"https:\/\/www.jotunheimenhuskylodge.no\/de\/wp-json\/wp\/v2\/pages\/4906\/revisions\/4913"}],"wp:attachment":[{"href":"https:\/\/www.jotunheimenhuskylodge.no\/de\/wp-json\/wp\/v2\/media?parent=4906"}],"curies":[{"name":"wp","href":"https:\/\/api.w.org\/{rel}","templated":true}]}}