{"id":4260,"date":"2019-12-13T18:29:05","date_gmt":"2019-12-13T17:29:05","guid":{"rendered":"https:\/\/www.jotunheimenhuskylodge.no\/bergdorf-randsverk\/"},"modified":"2019-12-13T18:29:07","modified_gmt":"2019-12-13T17:29:07","slug":"bergdorf-randsverk","status":"publish","type":"page","link":"https:\/\/www.jotunheimenhuskylodge.no\/de\/bergdorf-randsverk\/","title":{"rendered":"Bergdorf Randsverk"},"content":{"rendered":"                <h2 class=\"c-gb-heading\">\r\n            Das Tor zur beliebtesten Gebirgslandschaft Nordeuropas        <\/h2>\r\n        <div class=\"c-gb-paragraph\">\r\n        <p><strong>750 Meter \u00fcber dem Meeresspiegel, wo sich Gudbrandsdalen und Valdres treffen, liegt das kleine und abwechslungsreiche Bergdorf Randsverk.<\/strong><\/p>\n<p>Hier finden Sie ein Caf\u00e9, ein Lebensmittelgesch\u00e4ft, eine Touristeninformation und einen Campingplatz sowie die Jotunheimen Husky Lodge. F\u00fcnf Minuten entfernt liegt die Lemonsj\u00f8 Alpinanlage. Im Umkreis von einer halben Stunde gibt es eine Reihe von exquisiten Restaurants.<\/p>\n<p>Rund um Randsverk liegen idyllische Kulturt\u00e4ler, weite Gebirgslandschaft, schillernde Bergseen, faszinierende Gletscher und die h\u00f6chsten Berge Nordeuropas. Besseggen, Glittertind und Galdh\u00f8piggen sind alle um uns herum und es ist nicht weit zum Jotunheimen Nationalpark. Direkt vor der Haust\u00fcr von Randsverk und der Jotunheimen Husky Lodge.<\/p>\n<p>Anreise:<\/p>\n<ul>\n<li>Von Lillehammer (S\u00fcden): Folgen Sie der E6 durch das Gudbrandsdalen nach Sjoa. Hier biegen Sie ab und folgen dem Fylkesvei 257 durch Heidal nach Randsverk.<\/li>\n<li>Von V\u00e5g\u00e5 (Norden): Folgen Sie dem Riksvei 51 nach Lemonsj\u00f8en und weiter nach Randsverk.<\/li>\n<li>Von Beitost\u00f8len (Westen): Nehmen Sie den Riksvei 51 \u00fcber Valdresflye und durch Sjodalen nach Randsverk.<\/li>\n<li>Expressbusse nach V\u00e5g\u00e5mo das ganze Jahr \u00fcber und nach Randsverk in der Hochsaison im Sommer und Winter.<\/li>\n<\/ul>\n            <\/div>\r\n","protected":false},"excerpt":{"rendered":"","protected":false},"author":8,"featured_media":12890,"parent":0,"menu_order":0,"comment_status":"closed","ping_status":"closed","template":"","meta":{"_acf_changed":false,"footnotes":""},"class_list":["post-4260","page","type-page","status-publish","has-post-thumbnail","hentry"],"acf":[],"yoast_head":"<!-- This site is optimized with the Yoast SEO plugin v27.3 - https:\/\/yoast.com\/product\/yoast-seo-wordpress\/ -->\n<title>Bergdorf Randsverk - Jotunheimen Husky Lodge<\/title>\n<meta name=\"description\" content=\"750 meter over havet, der Gudbrandsdalen og Valdres m\u00f8tes, ligger den vesle og innholdsrike fjellgrenda Randsverk. Her finner du Jotunheimen Husky Lodge.\" \/>\n<meta name=\"robots\" content=\"index, follow, max-snippet:-1, max-image-preview:large, max-video-preview:-1\" \/>\n<link rel=\"canonical\" href=\"https:\/\/www.jotunheimenhuskylodge.no\/de\/bergdorf-randsverk\/\" \/>\n<meta property=\"og:locale\" content=\"de_DE\" \/>\n<meta property=\"og:type\" content=\"article\" \/>\n<meta property=\"og:title\" content=\"Bergdorf Randsverk - Jotunheimen Husky Lodge\" \/>\n<meta property=\"og:description\" content=\"750 meter over havet, der Gudbrandsdalen og Valdres m\u00f8tes, ligger den vesle og innholdsrike fjellgrenda Randsverk. Her finner du Jotunheimen Husky Lodge.\" \/>\n<meta property=\"og:url\" content=\"https:\/\/www.jotunheimenhuskylodge.no\/de\/bergdorf-randsverk\/\" \/>\n<meta property=\"og:site_name\" content=\"Jotunheimen Husky Lodge\" \/>\n<meta property=\"article:modified_time\" content=\"2019-12-13T17:29:07+00:00\" \/>\n<meta name=\"twitter:card\" content=\"summary_large_image\" \/>\n<script type=\"application\/ld+json\" class=\"yoast-schema-graph\">{\"@context\":\"https:\\\/\\\/schema.org\",\"@graph\":[{\"@type\":\"WebPage\",\"@id\":\"https:\\\/\\\/www.jotunheimenhuskylodge.no\\\/de\\\/bergdorf-randsverk\\\/\",\"url\":\"https:\\\/\\\/www.jotunheimenhuskylodge.no\\\/de\\\/bergdorf-randsverk\\\/\",\"name\":\"Bergdorf Randsverk - Jotunheimen Husky Lodge\",\"isPartOf\":{\"@id\":\"https:\\\/\\\/www.jotunheimenhuskylodge.no\\\/de\\\/#website\"},\"primaryImageOfPage\":{\"@id\":\"https:\\\/\\\/www.jotunheimenhuskylodge.no\\\/de\\\/bergdorf-randsverk\\\/#primaryimage\"},\"image\":{\"@id\":\"https:\\\/\\\/www.jotunheimenhuskylodge.no\\\/de\\\/bergdorf-randsverk\\\/#primaryimage\"},\"thumbnailUrl\":\"https:\\\/\\\/www.jotunheimenhuskylodge.no\\\/wp-content\\\/uploads\\\/2023\\\/06\\\/forsiden-rotasjon-innkjoring.jpg\",\"datePublished\":\"2019-12-13T17:29:05+00:00\",\"dateModified\":\"2019-12-13T17:29:07+00:00\",\"description\":\"750 meter over havet, der Gudbrandsdalen og Valdres m\u00f8tes, ligger den vesle og innholdsrike fjellgrenda Randsverk. Her finner du Jotunheimen Husky Lodge.\",\"breadcrumb\":{\"@id\":\"https:\\\/\\\/www.jotunheimenhuskylodge.no\\\/de\\\/bergdorf-randsverk\\\/#breadcrumb\"},\"inLanguage\":\"de\",\"potentialAction\":[{\"@type\":\"ReadAction\",\"target\":[\"https:\\\/\\\/www.jotunheimenhuskylodge.no\\\/de\\\/bergdorf-randsverk\\\/\"]}]},{\"@type\":\"ImageObject\",\"inLanguage\":\"de\",\"@id\":\"https:\\\/\\\/www.jotunheimenhuskylodge.no\\\/de\\\/bergdorf-randsverk\\\/#primaryimage\",\"url\":\"https:\\\/\\\/www.jotunheimenhuskylodge.no\\\/wp-content\\\/uploads\\\/2023\\\/06\\\/forsiden-rotasjon-innkjoring.jpg\",\"contentUrl\":\"https:\\\/\\\/www.jotunheimenhuskylodge.no\\\/wp-content\\\/uploads\\\/2023\\\/06\\\/forsiden-rotasjon-innkjoring.jpg\",\"width\":1080,\"height\":608},{\"@type\":\"BreadcrumbList\",\"@id\":\"https:\\\/\\\/www.jotunheimenhuskylodge.no\\\/de\\\/bergdorf-randsverk\\\/#breadcrumb\",\"itemListElement\":[{\"@type\":\"ListItem\",\"position\":1,\"name\":\"Hjem\",\"item\":\"https:\\\/\\\/www.jotunheimenhuskylodge.no\\\/de\\\/\"},{\"@type\":\"ListItem\",\"position\":2,\"name\":\"Bergdorf Randsverk\"}]},{\"@type\":\"WebSite\",\"@id\":\"https:\\\/\\\/www.jotunheimenhuskylodge.no\\\/de\\\/#website\",\"url\":\"https:\\\/\\\/www.jotunheimenhuskylodge.no\\\/de\\\/\",\"name\":\"Jotunheimen Husky Lodge\",\"description\":\"Din dr\u00f8m \u2013 v\u00e5r lidenskap\",\"potentialAction\":[{\"@type\":\"SearchAction\",\"target\":{\"@type\":\"EntryPoint\",\"urlTemplate\":\"https:\\\/\\\/www.jotunheimenhuskylodge.no\\\/de\\\/?s={search_term_string}\"},\"query-input\":{\"@type\":\"PropertyValueSpecification\",\"valueRequired\":true,\"valueName\":\"search_term_string\"}}],\"inLanguage\":\"de\"}]}<\/script>\n<!-- \/ Yoast SEO plugin. -->","yoast_head_json":{"title":"Bergdorf Randsverk - Jotunheimen Husky Lodge","description":"750 meter over havet, der Gudbrandsdalen og Valdres m\u00f8tes, ligger den vesle og innholdsrike fjellgrenda Randsverk. Her finner du Jotunheimen Husky Lodge.","robots":{"index":"index","follow":"follow","max-snippet":"max-snippet:-1","max-image-preview":"max-image-preview:large","max-video-preview":"max-video-preview:-1"},"canonical":"https:\/\/www.jotunheimenhuskylodge.no\/de\/bergdorf-randsverk\/","og_locale":"de_DE","og_type":"article","og_title":"Bergdorf Randsverk - Jotunheimen Husky Lodge","og_description":"750 meter over havet, der Gudbrandsdalen og Valdres m\u00f8tes, ligger den vesle og innholdsrike fjellgrenda Randsverk. Her finner du Jotunheimen Husky Lodge.","og_url":"https:\/\/www.jotunheimenhuskylodge.no\/de\/bergdorf-randsverk\/","og_site_name":"Jotunheimen Husky Lodge","article_modified_time":"2019-12-13T17:29:07+00:00","twitter_card":"summary_large_image","schema":{"@context":"https:\/\/schema.org","@graph":[{"@type":"WebPage","@id":"https:\/\/www.jotunheimenhuskylodge.no\/de\/bergdorf-randsverk\/","url":"https:\/\/www.jotunheimenhuskylodge.no\/de\/bergdorf-randsverk\/","name":"Bergdorf Randsverk - Jotunheimen Husky Lodge","isPartOf":{"@id":"https:\/\/www.jotunheimenhuskylodge.no\/de\/#website"},"primaryImageOfPage":{"@id":"https:\/\/www.jotunheimenhuskylodge.no\/de\/bergdorf-randsverk\/#primaryimage"},"image":{"@id":"https:\/\/www.jotunheimenhuskylodge.no\/de\/bergdorf-randsverk\/#primaryimage"},"thumbnailUrl":"https:\/\/www.jotunheimenhuskylodge.no\/wp-content\/uploads\/2023\/06\/forsiden-rotasjon-innkjoring.jpg","datePublished":"2019-12-13T17:29:05+00:00","dateModified":"2019-12-13T17:29:07+00:00","description":"750 meter over havet, der Gudbrandsdalen og Valdres m\u00f8tes, ligger den vesle og innholdsrike fjellgrenda Randsverk. Her finner du Jotunheimen Husky Lodge.","breadcrumb":{"@id":"https:\/\/www.jotunheimenhuskylodge.no\/de\/bergdorf-randsverk\/#breadcrumb"},"inLanguage":"de","potentialAction":[{"@type":"ReadAction","target":["https:\/\/www.jotunheimenhuskylodge.no\/de\/bergdorf-randsverk\/"]}]},{"@type":"ImageObject","inLanguage":"de","@id":"https:\/\/www.jotunheimenhuskylodge.no\/de\/bergdorf-randsverk\/#primaryimage","url":"https:\/\/www.jotunheimenhuskylodge.no\/wp-content\/uploads\/2023\/06\/forsiden-rotasjon-innkjoring.jpg","contentUrl":"https:\/\/www.jotunheimenhuskylodge.no\/wp-content\/uploads\/2023\/06\/forsiden-rotasjon-innkjoring.jpg","width":1080,"height":608},{"@type":"BreadcrumbList","@id":"https:\/\/www.jotunheimenhuskylodge.no\/de\/bergdorf-randsverk\/#breadcrumb","itemListElement":[{"@type":"ListItem","position":1,"name":"Hjem","item":"https:\/\/www.jotunheimenhuskylodge.no\/de\/"},{"@type":"ListItem","position":2,"name":"Bergdorf Randsverk"}]},{"@type":"WebSite","@id":"https:\/\/www.jotunheimenhuskylodge.no\/de\/#website","url":"https:\/\/www.jotunheimenhuskylodge.no\/de\/","name":"Jotunheimen Husky Lodge","description":"Din dr\u00f8m \u2013 v\u00e5r lidenskap","potentialAction":[{"@type":"SearchAction","target":{"@type":"EntryPoint","urlTemplate":"https:\/\/www.jotunheimenhuskylodge.no\/de\/?s={search_term_string}"},"query-input":{"@type":"PropertyValueSpecification","valueRequired":true,"valueName":"search_term_string"}}],"inLanguage":"de"}]}},"_links":{"self":[{"href":"https:\/\/www.jotunheimenhuskylodge.no\/de\/wp-json\/wp\/v2\/pages\/4260","targetHints":{"allow":["GET"]}}],"collection":[{"href":"https:\/\/www.jotunheimenhuskylodge.no\/de\/wp-json\/wp\/v2\/pages"}],"about":[{"href":"https:\/\/www.jotunheimenhuskylodge.no\/de\/wp-json\/wp\/v2\/types\/page"}],"author":[{"embeddable":true,"href":"https:\/\/www.jotunheimenhuskylodge.no\/de\/wp-json\/wp\/v2\/users\/8"}],"replies":[{"embeddable":true,"href":"https:\/\/www.jotunheimenhuskylodge.no\/de\/wp-json\/wp\/v2\/comments?post=4260"}],"version-history":[{"count":5,"href":"https:\/\/www.jotunheimenhuskylodge.no\/de\/wp-json\/wp\/v2\/pages\/4260\/revisions"}],"predecessor-version":[{"id":4265,"href":"https:\/\/www.jotunheimenhuskylodge.no\/de\/wp-json\/wp\/v2\/pages\/4260\/revisions\/4265"}],"wp:featuredmedia":[{"embeddable":true,"href":"https:\/\/www.jotunheimenhuskylodge.no\/de\/wp-json\/wp\/v2\/media\/12890"}],"wp:attachment":[{"href":"https:\/\/www.jotunheimenhuskylodge.no\/de\/wp-json\/wp\/v2\/media?parent=4260"}],"curies":[{"name":"wp","href":"https:\/\/api.w.org\/{rel}","templated":true}]}}