{"id":4253,"date":"2019-12-13T18:25:34","date_gmt":"2019-12-13T17:25:34","guid":{"rendered":"https:\/\/www.jotunheimenhuskylodge.no\/jotunheimen-husky-lodge\/"},"modified":"2019-12-13T18:25:37","modified_gmt":"2019-12-13T17:25:37","slug":"jotunheimen-husky-lodge","status":"publish","type":"page","link":"https:\/\/www.jotunheimenhuskylodge.no\/de\/jotunheimen-husky-lodge\/","title":{"rendered":"Jotunheimen Husky Lodge"},"content":{"rendered":"        <div class=\"c-gb-media\">\r\n        <div class=\"c-gb-media__image-wrapper\">\r\n            <figure class=\"c-gb-media__image\">\r\n                <img decoding=\"async\" src=\"https:\/\/www.jotunheimenhuskylodge.no\/wp-content\/uploads\/2019\/11\/HuskyLodge-23-of-197-scaled-2560.jpg\" alt=\"\" \/>\r\n                            <\/figure>\r\n        <\/div>\r\n    <\/div>\r\n    <div class=\"c-gb-paragraph\">\r\n        <p>Gastgeber in der Jotunheimen Husky Lodge sind die dreij\u00e4hrige Vilja (2 Jahre), Mutter Trine und Vater \u00d8yvind.<\/p>\n<p>Wenn Sie zu eine Hunderschlittentour kommen, werden Sie von einem oder mehreren von uns begleitet!<\/p>\n<p>Mit der Erfahrung aus Hundeschlittenfahrten in Alaska, Spitzbergen, Alta und Dovrefjell \u00f6ffnen wir die T\u00fcren zu unserem Familienleben mit unserer eigenen Husky-Lodge im herrlichen und schneesicheren Jotunheimen.<\/p>\n            <\/div>\r\n        <div class=\"c-gb-media c-gb-media--alt\">\r\n        <div class=\"c-gb-media__image-wrapper\">\r\n            <figure class=\"c-gb-media__image\">\r\n                <img decoding=\"async\" src=\"https:\/\/www.jotunheimenhuskylodge.no\/wp-content\/uploads\/2019\/11\/HuskyLodge-147-of-197-scaled-2560.jpg\" alt=\"\" \/>\r\n                            <\/figure>\r\n        <\/div>\r\n    <\/div>\r\n            <h2 class=\"c-gb-heading\">\r\n            \u00d8yvind Jakobsen        <\/h2>\r\n        <div class=\"c-gb-paragraph\">\r\n        <p>Leiter, sowohl der Hunde als auch die Hundef\u00fchrer, in der Jotunheimen Husky Lodge und nimmt an den meisten Ausfl\u00fcgen teil. Kompetenter Fachmann, sowohl bei den Hunden als auch in der K\u00fcche!<\/p>\n            <\/div>\r\n        <div class=\"c-gb-media\">\r\n        <div class=\"c-gb-media__image-wrapper\">\r\n            <figure class=\"c-gb-media__image\">\r\n                <img decoding=\"async\" src=\"https:\/\/www.jotunheimenhuskylodge.no\/wp-content\/uploads\/2019\/11\/HuskyLodge-79-of-197-1-scaled-e1625855580762.jpg\" alt=\"\" \/>\r\n                            <\/figure>\r\n        <\/div>\r\n    <\/div>\r\n            <h2 class=\"c-gb-heading\">\r\n            Trine Marie Fl\u00e5tten        <\/h2>\r\n        <div class=\"c-gb-paragraph\">\r\n        <p>Bewirtschafterin der Jotunheimen Husky Lodge, Kleinkindmutter, Lehrer und Hundeschlittenf\u00fchrer mit langj\u00e4hriger Erfahrung aus ganz Nord-Skandinavien. Sie k\u00f6nnen sich gl\u00fccklich sch\u00e4tzen mit Trine auf Tour zu gehen!<\/p>\n            <\/div>\r\n        <div class=\"c-gb-media c-gb-media--alt\">\r\n        <div class=\"c-gb-media__image-wrapper\">\r\n            <figure class=\"c-gb-media__image\">\r\n                <img decoding=\"async\" src=\"https:\/\/www.jotunheimenhuskylodge.no\/wp-content\/uploads\/2019\/11\/HuskyLodge-103-of-197-scaled-2560.jpg\" alt=\"\" \/>\r\n                            <\/figure>\r\n        <\/div>\r\n    <\/div>\r\n            <h2 class=\"c-gb-heading\">\r\n            Vilja        <\/h2>\r\n        <div class=\"c-gb-paragraph\">\r\n        <p>Der Chef der Hundestation und der Sonnenstrahl der ganzen Husky-Lodge.<\/p>\n            <\/div>\r\n        <div class=\"c-gb-media\">\r\n        <div class=\"c-gb-media__image-wrapper\">\r\n            <figure class=\"c-gb-media__image\">\r\n                <img decoding=\"async\" src=\"https:\/\/www.jotunheimenhuskylodge.no\/wp-content\/uploads\/2019\/11\/paje-victoria-NMvfAxqy1sw-unsplash-scaled-2560.jpg\" alt=\"\" \/>\r\n                            <\/figure>\r\n        <\/div>\r\n    <\/div>\r\n            <h1 class=\"c-gb-heading\">\r\n            Die Gegend um die\r\nJotunheimen Husky Lodge        <\/h1>\r\n        <div class=\"c-gb-paragraph\">\r\n        <p>Die Jotunheimen Husky Lodge und das Wildniscamp befinden sich im n\u00f6rdlichsten der meistbesuchten Nationalparks Europas.<\/p>\n<p>Rund um uns herum haben wir abenteuerliche Natur, einzigartige Attraktionen und kulinarische Erlebnisse: Besseggen, Galdh\u00f8piggen, Rafting-Fluss Sjoa, Glittertind, Rondane, Brimiland, das Lebensmittel-Mekka Lom, das Seeparadies Lemonsj\u00f8en und der Glittersj\u00f6kull, um nur einige zu nennen.<\/p>\n<p>Die Lodge liegt in Randsverk im Norden des Gudbrandsdalen und bietet drei Selbstversorger-Apartments mit insgesamt 20 Betten. Direkt hinter der Lodge befindet sich das Wildniscamp und der Hundestation mit 30 verspielten Huskys, die gerne Ihre besten Freunde werden.<\/p>\n<p>Ob Sie Skifahren, Wandern, Schneeschuhwandern, Radfahren oder Hundeschlittenfahren m\u00f6chten &#8211; Sie finden kaum einen besseren Ausgangspunkt: In der Jotunheimen Husky Lodge liegt Ihnen Jotunheimen zu F\u00fc\u00dfen (oder zu Pfoten).<\/p>\n<p>Mitarbeiter:<\/p>\n<ul>\n<li><a href=\"https:\/\/raftingsjoa.no\" target=\"_blank\" rel=\"noopener\">Go Rafting Sjoa<\/a><\/li>\n<li><a href=\"http:\/\/sjodalenhyttetun.no\" target=\"_blank\" rel=\"noopener\">Sjodalen Hyttetun<\/a><\/li>\n<li><a href=\"https:\/\/gjendesheim.dnt.no\" target=\"_blank\" rel=\"noopener\">Gjendesheim<\/a><\/li>\n<\/ul>\n            <\/div>\r\n","protected":false},"excerpt":{"rendered":"","protected":false},"author":4,"featured_media":0,"parent":0,"menu_order":0,"comment_status":"closed","ping_status":"closed","template":"","meta":{"_acf_changed":false,"footnotes":""},"class_list":["post-4253","page","type-page","status-publish","hentry"],"acf":[],"yoast_head":"<!-- This site is optimized with the Yoast SEO plugin v27.3 - https:\/\/yoast.com\/product\/yoast-seo-wordpress\/ -->\n<title>Jotunheimen Husky Lodge - Jotunheimen Husky Lodge<\/title>\n<meta name=\"description\" content=\"Vertskapet p\u00e5 Jotunheimen Husky Lodge er Vilja, Trine og \u00d8yvind. Bli med oss p\u00e5 hundekj\u00f8ring i Sjodalen\u00a0eller andre deler av Jotunheimen.\" \/>\n<meta name=\"robots\" content=\"index, follow, max-snippet:-1, max-image-preview:large, max-video-preview:-1\" \/>\n<link rel=\"canonical\" href=\"https:\/\/www.jotunheimenhuskylodge.no\/de\/jotunheimen-husky-lodge\/\" \/>\n<meta property=\"og:locale\" content=\"de_DE\" \/>\n<meta property=\"og:type\" content=\"article\" \/>\n<meta property=\"og:title\" content=\"Jotunheimen Husky Lodge - Jotunheimen Husky Lodge\" \/>\n<meta property=\"og:description\" content=\"Vertskapet p\u00e5 Jotunheimen Husky Lodge er Vilja, Trine og \u00d8yvind. Bli med oss p\u00e5 hundekj\u00f8ring i Sjodalen\u00a0eller andre deler av Jotunheimen.\" \/>\n<meta property=\"og:url\" content=\"https:\/\/www.jotunheimenhuskylodge.no\/de\/jotunheimen-husky-lodge\/\" \/>\n<meta property=\"og:site_name\" content=\"Jotunheimen Husky Lodge\" \/>\n<meta property=\"article:modified_time\" content=\"2019-12-13T17:25:37+00:00\" \/>\n<meta property=\"og:image\" content=\"https:\/\/www.jotunheimenhuskylodge.no\/wp-content\/uploads\/2021\/02\/6Y5A9458.jpg\" \/>\n\t<meta property=\"og:image:width\" content=\"1920\" \/>\n\t<meta property=\"og:image:height\" content=\"1280\" \/>\n\t<meta property=\"og:image:type\" content=\"image\/jpeg\" \/>\n<meta name=\"twitter:card\" content=\"summary_large_image\" \/>\n<script type=\"application\/ld+json\" class=\"yoast-schema-graph\">{\"@context\":\"https:\\\/\\\/schema.org\",\"@graph\":[{\"@type\":\"WebPage\",\"@id\":\"https:\\\/\\\/www.jotunheimenhuskylodge.no\\\/de\\\/jotunheimen-husky-lodge\\\/\",\"url\":\"https:\\\/\\\/www.jotunheimenhuskylodge.no\\\/de\\\/jotunheimen-husky-lodge\\\/\",\"name\":\"Jotunheimen Husky Lodge - Jotunheimen Husky Lodge\",\"isPartOf\":{\"@id\":\"https:\\\/\\\/www.jotunheimenhuskylodge.no\\\/de\\\/#website\"},\"datePublished\":\"2019-12-13T17:25:34+00:00\",\"dateModified\":\"2019-12-13T17:25:37+00:00\",\"description\":\"Vertskapet p\u00e5 Jotunheimen Husky Lodge er Vilja, Trine og \u00d8yvind. Bli med oss p\u00e5 hundekj\u00f8ring i Sjodalen\u00a0eller andre deler av Jotunheimen.\",\"breadcrumb\":{\"@id\":\"https:\\\/\\\/www.jotunheimenhuskylodge.no\\\/de\\\/jotunheimen-husky-lodge\\\/#breadcrumb\"},\"inLanguage\":\"de\",\"potentialAction\":[{\"@type\":\"ReadAction\",\"target\":[\"https:\\\/\\\/www.jotunheimenhuskylodge.no\\\/de\\\/jotunheimen-husky-lodge\\\/\"]}]},{\"@type\":\"BreadcrumbList\",\"@id\":\"https:\\\/\\\/www.jotunheimenhuskylodge.no\\\/de\\\/jotunheimen-husky-lodge\\\/#breadcrumb\",\"itemListElement\":[{\"@type\":\"ListItem\",\"position\":1,\"name\":\"Hjem\",\"item\":\"https:\\\/\\\/www.jotunheimenhuskylodge.no\\\/de\\\/\"},{\"@type\":\"ListItem\",\"position\":2,\"name\":\"Jotunheimen Husky Lodge\"}]},{\"@type\":\"WebSite\",\"@id\":\"https:\\\/\\\/www.jotunheimenhuskylodge.no\\\/de\\\/#website\",\"url\":\"https:\\\/\\\/www.jotunheimenhuskylodge.no\\\/de\\\/\",\"name\":\"Jotunheimen Husky Lodge\",\"description\":\"Din dr\u00f8m \u2013 v\u00e5r lidenskap\",\"potentialAction\":[{\"@type\":\"SearchAction\",\"target\":{\"@type\":\"EntryPoint\",\"urlTemplate\":\"https:\\\/\\\/www.jotunheimenhuskylodge.no\\\/de\\\/?s={search_term_string}\"},\"query-input\":{\"@type\":\"PropertyValueSpecification\",\"valueRequired\":true,\"valueName\":\"search_term_string\"}}],\"inLanguage\":\"de\"}]}<\/script>\n<!-- \/ Yoast SEO plugin. -->","yoast_head_json":{"title":"Jotunheimen Husky Lodge - Jotunheimen Husky Lodge","description":"Vertskapet p\u00e5 Jotunheimen Husky Lodge er Vilja, Trine og \u00d8yvind. Bli med oss p\u00e5 hundekj\u00f8ring i Sjodalen\u00a0eller andre deler av Jotunheimen.","robots":{"index":"index","follow":"follow","max-snippet":"max-snippet:-1","max-image-preview":"max-image-preview:large","max-video-preview":"max-video-preview:-1"},"canonical":"https:\/\/www.jotunheimenhuskylodge.no\/de\/jotunheimen-husky-lodge\/","og_locale":"de_DE","og_type":"article","og_title":"Jotunheimen Husky Lodge - Jotunheimen Husky Lodge","og_description":"Vertskapet p\u00e5 Jotunheimen Husky Lodge er Vilja, Trine og \u00d8yvind. Bli med oss p\u00e5 hundekj\u00f8ring i Sjodalen\u00a0eller andre deler av Jotunheimen.","og_url":"https:\/\/www.jotunheimenhuskylodge.no\/de\/jotunheimen-husky-lodge\/","og_site_name":"Jotunheimen Husky Lodge","article_modified_time":"2019-12-13T17:25:37+00:00","og_image":[{"width":1920,"height":1280,"url":"https:\/\/www.jotunheimenhuskylodge.no\/wp-content\/uploads\/2021\/02\/6Y5A9458.jpg","type":"image\/jpeg"}],"twitter_card":"summary_large_image","schema":{"@context":"https:\/\/schema.org","@graph":[{"@type":"WebPage","@id":"https:\/\/www.jotunheimenhuskylodge.no\/de\/jotunheimen-husky-lodge\/","url":"https:\/\/www.jotunheimenhuskylodge.no\/de\/jotunheimen-husky-lodge\/","name":"Jotunheimen Husky Lodge - Jotunheimen Husky Lodge","isPartOf":{"@id":"https:\/\/www.jotunheimenhuskylodge.no\/de\/#website"},"datePublished":"2019-12-13T17:25:34+00:00","dateModified":"2019-12-13T17:25:37+00:00","description":"Vertskapet p\u00e5 Jotunheimen Husky Lodge er Vilja, Trine og \u00d8yvind. Bli med oss p\u00e5 hundekj\u00f8ring i Sjodalen\u00a0eller andre deler av Jotunheimen.","breadcrumb":{"@id":"https:\/\/www.jotunheimenhuskylodge.no\/de\/jotunheimen-husky-lodge\/#breadcrumb"},"inLanguage":"de","potentialAction":[{"@type":"ReadAction","target":["https:\/\/www.jotunheimenhuskylodge.no\/de\/jotunheimen-husky-lodge\/"]}]},{"@type":"BreadcrumbList","@id":"https:\/\/www.jotunheimenhuskylodge.no\/de\/jotunheimen-husky-lodge\/#breadcrumb","itemListElement":[{"@type":"ListItem","position":1,"name":"Hjem","item":"https:\/\/www.jotunheimenhuskylodge.no\/de\/"},{"@type":"ListItem","position":2,"name":"Jotunheimen Husky Lodge"}]},{"@type":"WebSite","@id":"https:\/\/www.jotunheimenhuskylodge.no\/de\/#website","url":"https:\/\/www.jotunheimenhuskylodge.no\/de\/","name":"Jotunheimen Husky Lodge","description":"Din dr\u00f8m \u2013 v\u00e5r lidenskap","potentialAction":[{"@type":"SearchAction","target":{"@type":"EntryPoint","urlTemplate":"https:\/\/www.jotunheimenhuskylodge.no\/de\/?s={search_term_string}"},"query-input":{"@type":"PropertyValueSpecification","valueRequired":true,"valueName":"search_term_string"}}],"inLanguage":"de"}]}},"_links":{"self":[{"href":"https:\/\/www.jotunheimenhuskylodge.no\/de\/wp-json\/wp\/v2\/pages\/4253","targetHints":{"allow":["GET"]}}],"collection":[{"href":"https:\/\/www.jotunheimenhuskylodge.no\/de\/wp-json\/wp\/v2\/pages"}],"about":[{"href":"https:\/\/www.jotunheimenhuskylodge.no\/de\/wp-json\/wp\/v2\/types\/page"}],"author":[{"embeddable":true,"href":"https:\/\/www.jotunheimenhuskylodge.no\/de\/wp-json\/wp\/v2\/users\/4"}],"replies":[{"embeddable":true,"href":"https:\/\/www.jotunheimenhuskylodge.no\/de\/wp-json\/wp\/v2\/comments?post=4253"}],"version-history":[{"count":5,"href":"https:\/\/www.jotunheimenhuskylodge.no\/de\/wp-json\/wp\/v2\/pages\/4253\/revisions"}],"predecessor-version":[{"id":4258,"href":"https:\/\/www.jotunheimenhuskylodge.no\/de\/wp-json\/wp\/v2\/pages\/4253\/revisions\/4258"}],"wp:attachment":[{"href":"https:\/\/www.jotunheimenhuskylodge.no\/de\/wp-json\/wp\/v2\/media?parent=4253"}],"curies":[{"name":"wp","href":"https:\/\/api.w.org\/{rel}","templated":true}]}}