{"id":4235,"date":"2019-12-13T18:17:19","date_gmt":"2019-12-13T17:17:19","guid":{"rendered":"https:\/\/www.jotunheimenhuskylodge.no\/tourengebiete\/"},"modified":"2019-12-13T18:17:22","modified_gmt":"2019-12-13T17:17:22","slug":"tourengebiete","status":"publish","type":"page","link":"https:\/\/www.jotunheimenhuskylodge.no\/de\/tourengebiete\/","title":{"rendered":"Tourengebiete"},"content":{"rendered":"        <div class=\"c-gb-media\">\r\n        <div class=\"c-gb-media__image-wrapper\">\r\n            <figure class=\"c-gb-media__image\">\r\n                <img decoding=\"async\" src=\"https:\/\/www.jotunheimenhuskylodge.no\/wp-content\/uploads\/2019\/11\/HuskyLodge-121-of-197-scaled-2560.jpg\" alt=\"\" \/>\r\n                            <\/figure>\r\n        <\/div>\r\n    <\/div>\r\n    <div class=\"c-gb-paragraph\">\r\n        <p>Die Jotunheimen Husky Lodge befindet sich in einem m\u00e4rchenhaften Bergkiefernwald in Randsverk in V\u00e5g\u00e5 &#8211; am Tor zum Jotunheimen und in der N\u00e4he des Erlebnisdorfes Heidalen. Ein m\u00e4rchenhafteres Gebiet zum Hundeschlittenfahren werden Sie lange suchen \u2013 Kommen Sie und lehrnen Sie es besser kennen!<\/p>\n            <\/div>\r\n            <h2 class=\"c-gb-heading c-gb-heading--alt\">\r\n            Valdresflye        <\/h2>\r\n            <div class=\"c-gb-media c-gb-media--alt\">\r\n        <div class=\"c-gb-media__image-wrapper\">\r\n            <figure class=\"c-gb-media__image\">\r\n                <img decoding=\"async\" src=\"https:\/\/www.jotunheimenhuskylodge.no\/wp-content\/uploads\/2019\/11\/P1012388_sharpen-scaled.jpg\" alt=\"\" \/>\r\n                                    <figcaption>Erleben Sie sich und Teamwork auf eine neue Art und Weise<\/figcaption>\r\n                            <\/figure>\r\n        <\/div>\r\n    <\/div>\r\n    <div class=\"c-gb-paragraph\">\r\n        Nordeuropas zweith\u00f6chster Pass bietet wunderbare M\u00f6glichkeiten zum Hundeschlittenfahren. Umgeben von 2000m-Gipfeln hat man das Gef\u00fchl, auf Norwegens Dach zu stehen; das Gel\u00e4nde ist sowohl leicht zu befahren als auch gro\u00dfartig.            <\/div>\r\n            <h2 class=\"c-gb-heading\">\r\n            Veodalen und Sm\u00e5dalen        <\/h2>\r\n            <div class=\"c-gb-media\">\r\n        <div class=\"c-gb-media__image-wrapper\">\r\n            <figure class=\"c-gb-media__image\">\r\n                <img decoding=\"async\" src=\"https:\/\/www.jotunheimenhuskylodge.no\/wp-content\/uploads\/2019\/11\/hund10.jpg\" alt=\"\" \/>\r\n                            <\/figure>\r\n        <\/div>\r\n    <\/div>\r\n    <div class=\"c-gb-paragraph\">\r\n        Zu beiden Seiten von Glittertind verlaufen diese beiden fantastischen Hochgebirgst\u00e4ler, hier sind Sie im Herzen vom Jotunheimen mit nur der Bergwelt als Begleiter. Auf den Hundeschlittenfahrten \u00fcbernachten wir hier in einem Zelt oder der Selbstbedienungsh\u00fctte Glitterheim.            <\/div>\r\n            <h2 class=\"c-gb-heading c-gb-heading--alt\">\r\n            Murudalen        <\/h2>\r\n            <div class=\"c-gb-media c-gb-media--alt\">\r\n        <div class=\"c-gb-media__image-wrapper\">\r\n            <figure class=\"c-gb-media__image\">\r\n                <img decoding=\"async\" src=\"https:\/\/www.jotunheimenhuskylodge.no\/wp-content\/uploads\/2019\/11\/AdobeStock_187189065-scaled.jpeg\" alt=\"\" \/>\r\n                            <\/figure>\r\n        <\/div>\r\n    <\/div>\r\n    <div class=\"c-gb-paragraph\">\r\n        Zwischen dem herrlichen Jotunheimen und dem abenteuerlichen Heidalen liegt das beschauliche Murudalen. Hier f\u00e4llt der Schnee bereits im Oktober und erm\u00f6glicht Hundeschlittentouren schon lange vor Weihnachten und wenn das Wetter im Hochgebirge zu rau wird.            <\/div>\r\n","protected":false},"excerpt":{"rendered":"","protected":false},"author":4,"featured_media":0,"parent":0,"menu_order":0,"comment_status":"closed","ping_status":"closed","template":"","meta":{"_acf_changed":false,"footnotes":""},"class_list":["post-4235","page","type-page","status-publish","hentry"],"acf":[],"yoast_head":"<!-- This site is optimized with the Yoast SEO plugin v27.3 - https:\/\/yoast.com\/product\/yoast-seo-wordpress\/ -->\n<title>Tourengebiete - Jotunheimen Husky Lodge<\/title>\n<meta name=\"description\" content=\"Jotunheimen Husky Lodge ligger i trolsk fjellfuruskog i Jotunheimen. Mer eventyrlige turomr\u00e5der for hundekj\u00f8ring skal du lete lenge etter.\" \/>\n<meta name=\"robots\" content=\"index, follow, max-snippet:-1, max-image-preview:large, max-video-preview:-1\" \/>\n<link rel=\"canonical\" href=\"https:\/\/www.jotunheimenhuskylodge.no\/de\/tourengebiete\/\" \/>\n<meta property=\"og:locale\" content=\"de_DE\" \/>\n<meta property=\"og:type\" content=\"article\" \/>\n<meta property=\"og:title\" content=\"Tourengebiete - Jotunheimen Husky Lodge\" \/>\n<meta property=\"og:description\" content=\"Jotunheimen Husky Lodge ligger i trolsk fjellfuruskog i Jotunheimen. Mer eventyrlige turomr\u00e5der for hundekj\u00f8ring skal du lete lenge etter.\" \/>\n<meta property=\"og:url\" content=\"https:\/\/www.jotunheimenhuskylodge.no\/de\/tourengebiete\/\" \/>\n<meta property=\"og:site_name\" content=\"Jotunheimen Husky Lodge\" \/>\n<meta property=\"article:modified_time\" content=\"2019-12-13T17:17:22+00:00\" \/>\n<meta name=\"twitter:card\" content=\"summary_large_image\" \/>\n<script type=\"application\/ld+json\" class=\"yoast-schema-graph\">{\"@context\":\"https:\\\/\\\/schema.org\",\"@graph\":[{\"@type\":\"WebPage\",\"@id\":\"https:\\\/\\\/www.jotunheimenhuskylodge.no\\\/de\\\/tourengebiete\\\/\",\"url\":\"https:\\\/\\\/www.jotunheimenhuskylodge.no\\\/de\\\/tourengebiete\\\/\",\"name\":\"Tourengebiete - Jotunheimen Husky Lodge\",\"isPartOf\":{\"@id\":\"https:\\\/\\\/www.jotunheimenhuskylodge.no\\\/de\\\/#website\"},\"datePublished\":\"2019-12-13T17:17:19+00:00\",\"dateModified\":\"2019-12-13T17:17:22+00:00\",\"description\":\"Jotunheimen Husky Lodge ligger i trolsk fjellfuruskog i Jotunheimen. Mer eventyrlige turomr\u00e5der for hundekj\u00f8ring skal du lete lenge etter.\",\"breadcrumb\":{\"@id\":\"https:\\\/\\\/www.jotunheimenhuskylodge.no\\\/de\\\/tourengebiete\\\/#breadcrumb\"},\"inLanguage\":\"de\",\"potentialAction\":[{\"@type\":\"ReadAction\",\"target\":[\"https:\\\/\\\/www.jotunheimenhuskylodge.no\\\/de\\\/tourengebiete\\\/\"]}]},{\"@type\":\"BreadcrumbList\",\"@id\":\"https:\\\/\\\/www.jotunheimenhuskylodge.no\\\/de\\\/tourengebiete\\\/#breadcrumb\",\"itemListElement\":[{\"@type\":\"ListItem\",\"position\":1,\"name\":\"Hjem\",\"item\":\"https:\\\/\\\/www.jotunheimenhuskylodge.no\\\/de\\\/\"},{\"@type\":\"ListItem\",\"position\":2,\"name\":\"Tourengebiete\"}]},{\"@type\":\"WebSite\",\"@id\":\"https:\\\/\\\/www.jotunheimenhuskylodge.no\\\/de\\\/#website\",\"url\":\"https:\\\/\\\/www.jotunheimenhuskylodge.no\\\/de\\\/\",\"name\":\"Jotunheimen Husky Lodge\",\"description\":\"Din dr\u00f8m \u2013 v\u00e5r lidenskap\",\"potentialAction\":[{\"@type\":\"SearchAction\",\"target\":{\"@type\":\"EntryPoint\",\"urlTemplate\":\"https:\\\/\\\/www.jotunheimenhuskylodge.no\\\/de\\\/?s={search_term_string}\"},\"query-input\":{\"@type\":\"PropertyValueSpecification\",\"valueRequired\":true,\"valueName\":\"search_term_string\"}}],\"inLanguage\":\"de\"}]}<\/script>\n<!-- \/ Yoast SEO plugin. -->","yoast_head_json":{"title":"Tourengebiete - Jotunheimen Husky Lodge","description":"Jotunheimen Husky Lodge ligger i trolsk fjellfuruskog i Jotunheimen. Mer eventyrlige turomr\u00e5der for hundekj\u00f8ring skal du lete lenge etter.","robots":{"index":"index","follow":"follow","max-snippet":"max-snippet:-1","max-image-preview":"max-image-preview:large","max-video-preview":"max-video-preview:-1"},"canonical":"https:\/\/www.jotunheimenhuskylodge.no\/de\/tourengebiete\/","og_locale":"de_DE","og_type":"article","og_title":"Tourengebiete - Jotunheimen Husky Lodge","og_description":"Jotunheimen Husky Lodge ligger i trolsk fjellfuruskog i Jotunheimen. Mer eventyrlige turomr\u00e5der for hundekj\u00f8ring skal du lete lenge etter.","og_url":"https:\/\/www.jotunheimenhuskylodge.no\/de\/tourengebiete\/","og_site_name":"Jotunheimen Husky Lodge","article_modified_time":"2019-12-13T17:17:22+00:00","twitter_card":"summary_large_image","schema":{"@context":"https:\/\/schema.org","@graph":[{"@type":"WebPage","@id":"https:\/\/www.jotunheimenhuskylodge.no\/de\/tourengebiete\/","url":"https:\/\/www.jotunheimenhuskylodge.no\/de\/tourengebiete\/","name":"Tourengebiete - Jotunheimen Husky Lodge","isPartOf":{"@id":"https:\/\/www.jotunheimenhuskylodge.no\/de\/#website"},"datePublished":"2019-12-13T17:17:19+00:00","dateModified":"2019-12-13T17:17:22+00:00","description":"Jotunheimen Husky Lodge ligger i trolsk fjellfuruskog i Jotunheimen. Mer eventyrlige turomr\u00e5der for hundekj\u00f8ring skal du lete lenge etter.","breadcrumb":{"@id":"https:\/\/www.jotunheimenhuskylodge.no\/de\/tourengebiete\/#breadcrumb"},"inLanguage":"de","potentialAction":[{"@type":"ReadAction","target":["https:\/\/www.jotunheimenhuskylodge.no\/de\/tourengebiete\/"]}]},{"@type":"BreadcrumbList","@id":"https:\/\/www.jotunheimenhuskylodge.no\/de\/tourengebiete\/#breadcrumb","itemListElement":[{"@type":"ListItem","position":1,"name":"Hjem","item":"https:\/\/www.jotunheimenhuskylodge.no\/de\/"},{"@type":"ListItem","position":2,"name":"Tourengebiete"}]},{"@type":"WebSite","@id":"https:\/\/www.jotunheimenhuskylodge.no\/de\/#website","url":"https:\/\/www.jotunheimenhuskylodge.no\/de\/","name":"Jotunheimen Husky Lodge","description":"Din dr\u00f8m \u2013 v\u00e5r lidenskap","potentialAction":[{"@type":"SearchAction","target":{"@type":"EntryPoint","urlTemplate":"https:\/\/www.jotunheimenhuskylodge.no\/de\/?s={search_term_string}"},"query-input":{"@type":"PropertyValueSpecification","valueRequired":true,"valueName":"search_term_string"}}],"inLanguage":"de"}]}},"_links":{"self":[{"href":"https:\/\/www.jotunheimenhuskylodge.no\/de\/wp-json\/wp\/v2\/pages\/4235","targetHints":{"allow":["GET"]}}],"collection":[{"href":"https:\/\/www.jotunheimenhuskylodge.no\/de\/wp-json\/wp\/v2\/pages"}],"about":[{"href":"https:\/\/www.jotunheimenhuskylodge.no\/de\/wp-json\/wp\/v2\/types\/page"}],"author":[{"embeddable":true,"href":"https:\/\/www.jotunheimenhuskylodge.no\/de\/wp-json\/wp\/v2\/users\/4"}],"replies":[{"embeddable":true,"href":"https:\/\/www.jotunheimenhuskylodge.no\/de\/wp-json\/wp\/v2\/comments?post=4235"}],"version-history":[{"count":5,"href":"https:\/\/www.jotunheimenhuskylodge.no\/de\/wp-json\/wp\/v2\/pages\/4235\/revisions"}],"predecessor-version":[{"id":4240,"href":"https:\/\/www.jotunheimenhuskylodge.no\/de\/wp-json\/wp\/v2\/pages\/4235\/revisions\/4240"}],"wp:attachment":[{"href":"https:\/\/www.jotunheimenhuskylodge.no\/de\/wp-json\/wp\/v2\/media?parent=4235"}],"curies":[{"name":"wp","href":"https:\/\/api.w.org\/{rel}","templated":true}]}}