{"id":4222,"date":"2019-12-13T18:11:35","date_gmt":"2019-12-13T17:11:35","guid":{"rendered":"https:\/\/www.jotunheimenhuskylodge.no\/mahlzeiten\/"},"modified":"2023-02-24T09:32:06","modified_gmt":"2023-02-24T08:32:06","slug":"mahlzeiten","status":"publish","type":"page","link":"https:\/\/www.jotunheimenhuskylodge.no\/de\/mahlzeiten\/","title":{"rendered":"Mahlzeiten"},"content":{"rendered":"        <div class=\"c-gb-media\">\r\n        <div class=\"c-gb-media__image-wrapper\">\r\n            <figure class=\"c-gb-media__image\">\r\n                <img decoding=\"async\" src=\"https:\/\/www.jotunheimenhuskylodge.no\/wp-content\/uploads\/2019\/11\/alexey-ruban-Dac1Yw8u3No-unsplash-scaled.jpg\" alt=\"\" \/>\r\n                            <\/figure>\r\n        <\/div>\r\n    <\/div>\r\n\n\n            <h2 class=\"c-gb-heading\">\r\n            Reinsdyr fra Valdresflye, elg fra furuskogen, \u00f8rret fra fjellvann.        <\/h2>\r\n    \n\n    <div class=\"c-gb-paragraph\">\r\n        <h4>I matfatet Jotunheimen er r\u00e5varene ureiste og smakene en opplevelse i seg selv \u2013 og aldri smaker m\u00e5ltidet bedre enn etter en dag bak hundesleden.<\/h4>\n<p>P\u00e5 hundekj\u00f8ring med Jotunheimen Husky Lodge blir du servert m\u00e5ltider tilberedt over b\u00e5let \u2013 enten ute i p\u00e5 tur i storsl\u00e5tte Jotunheimen eller trolsk furuskog, eller i den trivelige og lune grillhytta p\u00e5 Jotunheimen Husky Lodge.<\/p>\n<p><em><a href=\"https:\/\/www.jotunheimenhuskylodge.no\/grillhytta-ly-varme-og-balmat\/\">Les mer om grillhytta her!<\/a><\/em><\/p>\n<p>R\u00e5varene henter vi gjerne fra b\u00f8nder og jegere i fjellbygdene rundt Jotunheimen. Kj\u00f8kkensjef \u00d8yvind Jakobsen, som har lang erfaring over grytene p\u00e5 Dovrefjell, Alta og Svalbard.<\/p>\n<p>Under gjesteopphold i leilighetene p\u00e5 selve lodgen, er det lagt opp til at gjestene tilbereder sine egen m\u00e5ltider p\u00e5 kj\u00f8kkenet i leiligheten.<\/p>\n<p>\u00d8nsker du \u00e5 f\u00e5 middagen servert, anbefaler vi p\u00e5 det varmeste et bes\u00f8k hos uts\u00f8kte serveringssteder i nabolaget v\u00e5rt:<\/p>\n<ul>\n<li><a href=\"https:\/\/www.hindseter.no\/\">Hinds\u00e6ter<\/a><\/li>\n<li><a href=\"https:\/\/www.brimiland.no\/\">Brimiland<\/a><\/li>\n<li><a href=\"https:\/\/bessheim.no\/\">Bessheim<\/a><\/li>\n<li><a href=\"https:\/\/lemonsjoe.no\/nb\/hjem\/\">Lemonsj\u00f8 Fjellstue<\/a><\/li>\n<li><a href=\"https:\/\/randsverk.no\">Randsverk Camping<\/a><\/li>\n<li><a href=\"https:\/\/gjendesheim.dnt.no\/matopplevelser\/\">Gjendesheim turisthytte<\/a><\/li>\n<\/ul>\n            <\/div>\r\n","protected":false},"excerpt":{"rendered":"","protected":false},"author":8,"featured_media":0,"parent":0,"menu_order":0,"comment_status":"closed","ping_status":"closed","template":"","meta":{"_acf_changed":false,"footnotes":""},"class_list":["post-4222","page","type-page","status-publish","hentry"],"acf":[],"yoast_head":"<!-- This site is optimized with the Yoast SEO plugin v27.3 - https:\/\/yoast.com\/product\/yoast-seo-wordpress\/ -->\n<title>Mahlzeiten - Jotunheimen Husky Lodge<\/title>\n<meta name=\"description\" content=\"Im Jotunheimen-Speisegericht sind die Zutaten nicht gereist und die Aromen sind ein Erlebnis f\u00fcr sich - und das Essen schmeckt nie besser als nach einem Tag hinter dem Hundeschlitten.\" \/>\n<meta name=\"robots\" content=\"index, follow, max-snippet:-1, max-image-preview:large, max-video-preview:-1\" \/>\n<link rel=\"canonical\" href=\"https:\/\/www.jotunheimenhuskylodge.no\/de\/mahlzeiten\/\" \/>\n<meta property=\"og:locale\" content=\"de_DE\" \/>\n<meta property=\"og:type\" content=\"article\" \/>\n<meta property=\"og:title\" content=\"Mahlzeiten - Jotunheimen Husky Lodge\" \/>\n<meta property=\"og:description\" content=\"Im Jotunheimen-Speisegericht sind die Zutaten nicht gereist und die Aromen sind ein Erlebnis f\u00fcr sich - und das Essen schmeckt nie besser als nach einem Tag hinter dem Hundeschlitten.\" \/>\n<meta property=\"og:url\" content=\"https:\/\/www.jotunheimenhuskylodge.no\/de\/mahlzeiten\/\" \/>\n<meta property=\"og:site_name\" content=\"Jotunheimen Husky Lodge\" \/>\n<meta property=\"article:modified_time\" content=\"2023-02-24T08:32:06+00:00\" \/>\n<meta name=\"twitter:card\" content=\"summary_large_image\" \/>\n<script type=\"application\/ld+json\" class=\"yoast-schema-graph\">{\"@context\":\"https:\\\/\\\/schema.org\",\"@graph\":[{\"@type\":\"WebPage\",\"@id\":\"https:\\\/\\\/www.jotunheimenhuskylodge.no\\\/de\\\/mahlzeiten\\\/\",\"url\":\"https:\\\/\\\/www.jotunheimenhuskylodge.no\\\/de\\\/mahlzeiten\\\/\",\"name\":\"Mahlzeiten - Jotunheimen Husky Lodge\",\"isPartOf\":{\"@id\":\"https:\\\/\\\/www.jotunheimenhuskylodge.no\\\/de\\\/#website\"},\"datePublished\":\"2019-12-13T17:11:35+00:00\",\"dateModified\":\"2023-02-24T08:32:06+00:00\",\"description\":\"Im Jotunheimen-Speisegericht sind die Zutaten nicht gereist und die Aromen sind ein Erlebnis f\u00fcr sich - und das Essen schmeckt nie besser als nach einem Tag hinter dem Hundeschlitten.\",\"breadcrumb\":{\"@id\":\"https:\\\/\\\/www.jotunheimenhuskylodge.no\\\/de\\\/mahlzeiten\\\/#breadcrumb\"},\"inLanguage\":\"de\",\"potentialAction\":[{\"@type\":\"ReadAction\",\"target\":[\"https:\\\/\\\/www.jotunheimenhuskylodge.no\\\/de\\\/mahlzeiten\\\/\"]}]},{\"@type\":\"BreadcrumbList\",\"@id\":\"https:\\\/\\\/www.jotunheimenhuskylodge.no\\\/de\\\/mahlzeiten\\\/#breadcrumb\",\"itemListElement\":[{\"@type\":\"ListItem\",\"position\":1,\"name\":\"Hjem\",\"item\":\"https:\\\/\\\/www.jotunheimenhuskylodge.no\\\/de\\\/\"},{\"@type\":\"ListItem\",\"position\":2,\"name\":\"Mahlzeiten\"}]},{\"@type\":\"WebSite\",\"@id\":\"https:\\\/\\\/www.jotunheimenhuskylodge.no\\\/de\\\/#website\",\"url\":\"https:\\\/\\\/www.jotunheimenhuskylodge.no\\\/de\\\/\",\"name\":\"Jotunheimen Husky Lodge\",\"description\":\"Din dr\u00f8m \u2013 v\u00e5r lidenskap\",\"potentialAction\":[{\"@type\":\"SearchAction\",\"target\":{\"@type\":\"EntryPoint\",\"urlTemplate\":\"https:\\\/\\\/www.jotunheimenhuskylodge.no\\\/de\\\/?s={search_term_string}\"},\"query-input\":{\"@type\":\"PropertyValueSpecification\",\"valueRequired\":true,\"valueName\":\"search_term_string\"}}],\"inLanguage\":\"de\"}]}<\/script>\n<!-- \/ Yoast SEO plugin. -->","yoast_head_json":{"title":"Mahlzeiten - Jotunheimen Husky Lodge","description":"Im Jotunheimen-Speisegericht sind die Zutaten nicht gereist und die Aromen sind ein Erlebnis f\u00fcr sich - und das Essen schmeckt nie besser als nach einem Tag hinter dem Hundeschlitten.","robots":{"index":"index","follow":"follow","max-snippet":"max-snippet:-1","max-image-preview":"max-image-preview:large","max-video-preview":"max-video-preview:-1"},"canonical":"https:\/\/www.jotunheimenhuskylodge.no\/de\/mahlzeiten\/","og_locale":"de_DE","og_type":"article","og_title":"Mahlzeiten - Jotunheimen Husky Lodge","og_description":"Im Jotunheimen-Speisegericht sind die Zutaten nicht gereist und die Aromen sind ein Erlebnis f\u00fcr sich - und das Essen schmeckt nie besser als nach einem Tag hinter dem Hundeschlitten.","og_url":"https:\/\/www.jotunheimenhuskylodge.no\/de\/mahlzeiten\/","og_site_name":"Jotunheimen Husky Lodge","article_modified_time":"2023-02-24T08:32:06+00:00","twitter_card":"summary_large_image","schema":{"@context":"https:\/\/schema.org","@graph":[{"@type":"WebPage","@id":"https:\/\/www.jotunheimenhuskylodge.no\/de\/mahlzeiten\/","url":"https:\/\/www.jotunheimenhuskylodge.no\/de\/mahlzeiten\/","name":"Mahlzeiten - Jotunheimen Husky Lodge","isPartOf":{"@id":"https:\/\/www.jotunheimenhuskylodge.no\/de\/#website"},"datePublished":"2019-12-13T17:11:35+00:00","dateModified":"2023-02-24T08:32:06+00:00","description":"Im Jotunheimen-Speisegericht sind die Zutaten nicht gereist und die Aromen sind ein Erlebnis f\u00fcr sich - und das Essen schmeckt nie besser als nach einem Tag hinter dem Hundeschlitten.","breadcrumb":{"@id":"https:\/\/www.jotunheimenhuskylodge.no\/de\/mahlzeiten\/#breadcrumb"},"inLanguage":"de","potentialAction":[{"@type":"ReadAction","target":["https:\/\/www.jotunheimenhuskylodge.no\/de\/mahlzeiten\/"]}]},{"@type":"BreadcrumbList","@id":"https:\/\/www.jotunheimenhuskylodge.no\/de\/mahlzeiten\/#breadcrumb","itemListElement":[{"@type":"ListItem","position":1,"name":"Hjem","item":"https:\/\/www.jotunheimenhuskylodge.no\/de\/"},{"@type":"ListItem","position":2,"name":"Mahlzeiten"}]},{"@type":"WebSite","@id":"https:\/\/www.jotunheimenhuskylodge.no\/de\/#website","url":"https:\/\/www.jotunheimenhuskylodge.no\/de\/","name":"Jotunheimen Husky Lodge","description":"Din dr\u00f8m \u2013 v\u00e5r lidenskap","potentialAction":[{"@type":"SearchAction","target":{"@type":"EntryPoint","urlTemplate":"https:\/\/www.jotunheimenhuskylodge.no\/de\/?s={search_term_string}"},"query-input":{"@type":"PropertyValueSpecification","valueRequired":true,"valueName":"search_term_string"}}],"inLanguage":"de"}]}},"_links":{"self":[{"href":"https:\/\/www.jotunheimenhuskylodge.no\/de\/wp-json\/wp\/v2\/pages\/4222","targetHints":{"allow":["GET"]}}],"collection":[{"href":"https:\/\/www.jotunheimenhuskylodge.no\/de\/wp-json\/wp\/v2\/pages"}],"about":[{"href":"https:\/\/www.jotunheimenhuskylodge.no\/de\/wp-json\/wp\/v2\/types\/page"}],"author":[{"embeddable":true,"href":"https:\/\/www.jotunheimenhuskylodge.no\/de\/wp-json\/wp\/v2\/users\/8"}],"replies":[{"embeddable":true,"href":"https:\/\/www.jotunheimenhuskylodge.no\/de\/wp-json\/wp\/v2\/comments?post=4222"}],"version-history":[{"count":5,"href":"https:\/\/www.jotunheimenhuskylodge.no\/de\/wp-json\/wp\/v2\/pages\/4222\/revisions"}],"predecessor-version":[{"id":12566,"href":"https:\/\/www.jotunheimenhuskylodge.no\/de\/wp-json\/wp\/v2\/pages\/4222\/revisions\/12566"}],"wp:attachment":[{"href":"https:\/\/www.jotunheimenhuskylodge.no\/de\/wp-json\/wp\/v2\/media?parent=4222"}],"curies":[{"name":"wp","href":"https:\/\/api.w.org\/{rel}","templated":true}]}}