{"id":13286,"date":"2025-11-03T10:32:02","date_gmt":"2025-11-03T09:32:02","guid":{"rendered":"https:\/\/www.jotunheimenhuskylodge.no\/stjernetur\/"},"modified":"2025-12-01T19:16:41","modified_gmt":"2025-12-01T18:16:41","slug":"stjernetur","status":"publish","type":"page","link":"https:\/\/www.jotunheimenhuskylodge.no\/de\/stjernetur\/","title":{"rendered":"Sledetur blant stjerner og galakser"},"content":{"rendered":"    <div class=\"c-gb-paragraph\">\r\n        <p><strong>Opplev et eventyr du sent vil glemme! Fem timers guidet tur som kombinerer det beste fra h\u00f8yfjell og astronomi \u2013 med hundekj\u00f8ring gjennom Jotunheimens vinterlandskap, astroguiding under stjernehimmelen og servering av varm lokalmat. <\/strong><\/p>\n<p><strong>Turen ledes av erfarne guider fra Jotunheimen Husky Lodge og Fjellr\u00e5d \u2013 spesialister p\u00e5 hundekj\u00f8ring og stjernehimmelen over Jotunheimen.<\/strong><\/p>\n<h2>Turbeskrivelse<\/h2>\n<p>Vi starter med en varm velkomst og gjennomgang av kveldens opplevelser. Her f\u00e5r du en introduksjon til b\u00e5de hundekj\u00f8ring og hva du kan forvente \u00e5 se p\u00e5 himmelen denne kvelden. V\u00e5re guider l\u00e6rer deg hvordan du gj\u00f8r klar hundespannet, setter hundene i trekk og styrer sleden p\u00e5 en trygg og dyrevennlig m\u00e5te.<\/p>\n<p>N\u00e5r alt er klart, legger vi ut p\u00e5 sledetur inn i det vinterstille landskapet \u2013 gjennom skog, over sn\u00f8dekte myrer og opp i \u00e5pent fjellterreng. Underveis sl\u00e5r vi av hodelyktene og lar nattem\u00f8rket og stjernelyset ta over. Dette er et av Europas m\u00f8rkeste omr\u00e5der \u2013 perfekt for stjernekikking og Dark Sky-opplevelser.<\/p>\n<p>Med oss p\u00e5 turen har vi profesjonelle astroguides fra Fjellr\u00e5d AS, som med stjernekikkerter og laserpekere veileder deg gjennom nattehimmelen. Kanskje ser du Orion-nebulaen, Andromedagalaksen \u2013 eller om du er heldig \u2013 nordlys som danser over fjellene.<\/p>\n<p>Etter en god stund under stjernene lar vi hundene ta oss hjem igjen hvor vi tar en velfortjent hvil i en lun leirplass. Her serveres varm, lokal mat og varm drikke, mens b\u00e5let knitrer og hundene hviler. Det er ogs\u00e5 mulig \u00e5 stille sp\u00f8rsm\u00e5l til b\u00e5de hundef\u00f8rer og astroguide og l\u00e6re mer om hunder og universets mysterier.<\/p>\n            <\/div>\r\n\n\n\r\n<section class=\"l-card l-card--lightgreen\">\r\n    <div class=\"l-card__content\">\r\n        <div class=\"c-card\">\r\n            <div class=\"c-card__inner\">\r\n                <h2 class=\"c-card__title\">\r\n                    Tider                <\/h2>\r\n                <div class=\"c-card__content c-wysiwyg\">\r\n                    <ul>\n<li>3. januar 2026 kl. 1700 \u2013 2200 \u2013 opplev fullm\u00e5ne og superm\u00e5ne \u2013 1 av 3 muligheter i 2026<\/li>\n<li>\u00a04. januar 2026 kl. 1700 \u2013 2200 \u2013 fullm\u00e5ne\/superm\u00e5ne i tillegg<\/li>\n<li>10. januar 2026 kl. 1700 \u2013 2200<\/li>\n<\/ul>\n<p>&nbsp;<\/p>\n                <\/div>\r\n                            <\/div>\r\n        <\/div>\r\n    <\/div>\r\n    <div class=\"l-card__image\">\r\n        <div class=\"l-card__decor l-card__decor--top-left\">\r\n        <\/div>\r\n        <img decoding=\"async\" src=\"https:\/\/www.jotunheimenhuskylodge.no\/wp-content\/uploads\/2023\/02\/Det-ville-ekstra-Friluftshuset-2.png\" alt=\"Det ville ekstra Friluftshuset (2)\" \/>\r\n    <\/div>\r\n<\/section>\r\n\n\n\r\n<section class=\"l-card l-card--lightblue l-card--alt\">\r\n    <div class=\"l-card__content\">\r\n        <div class=\"c-card\">\r\n            <div class=\"c-card__inner\">\r\n                <h2 class=\"c-card__title\">\r\n                                    <\/h2>\r\n                <div class=\"c-card__content c-wysiwyg\">\r\n                    <p><strong>Hvor:<\/strong> Randsverk i V\u00e5g\u00e5 kommune nord i Gudbrandsdalen &#8211; porten til Jotunheimen nasjonalpark og n\u00e6rliggende fjellomr\u00e5der<br \/>\n<strong>For hvem:<\/strong> Deg som vil oppleve noe ekte, stille og storsl\u00e5tt \u2013 med eller uten tidligere<br \/>\nerfaring<br \/>\n<strong>Utstyr:<\/strong> Ta med varme kl\u00e6r, vinterst\u00f8vler og godt hum\u00f8r \u2013 vi hjelper med resten!<br \/>\nLodgen leier ogs\u00e5 ut varmedresser for de som har behov for dette under turen.<\/p>\n                <\/div>\r\n                            <\/div>\r\n        <\/div>\r\n    <\/div>\r\n    <div class=\"l-card__image\">\r\n        <div class=\"l-card__decor l-card__decor--top-right\">\r\n        <\/div>\r\n        <img decoding=\"async\" src=\"https:\/\/www.jotunheimenhuskylodge.no\/wp-content\/uploads\/2023\/03\/245951292_4848239668543439_1844310636274845499_n.jpg\" alt=\"245951292_4848239668543439_1844310636274845499_n\" \/>\r\n    <\/div>\r\n<\/section>\r\n\n\n\r\n<section class=\"l-card l-card--lightblue\">\r\n    <div class=\"l-card__content\">\r\n        <div class=\"c-card\">\r\n            <div class=\"c-card__inner\">\r\n                <h2 class=\"c-card__title\">\r\n                    Pris                <\/h2>\r\n                <div class=\"c-card__content c-wysiwyg\">\r\n                    <p><strong>Kveldstur inkludert m\u00e5ltid og guiding:<\/strong><\/p>\n<ul>\n<li>5 timer hundekj\u00f8ring med eget spann<\/li>\n<li>Guiding<\/li>\n<li>Varm lunsj<\/li>\n<li>NOK 3 450,-<\/li>\n<\/ul>\n<p><strong>2-dagers tur: <\/strong><\/p>\n<ul>\n<li>2 dager hundekj\u00f8ring med eget spann<\/li>\n<li>Overnatting<\/li>\n<li>Guiding<\/li>\n<li>Alle m\u00e5ltider<\/li>\n<li>NOK 13 500,- (fra februar 2026)<\/li>\n<\/ul>\n<p><strong>3-dagers tur:<\/strong>\u00a0NOK 22 500 (fra februar 2026)<\/p>\n<p>Maksimalt 8 personer pr. tur. For st\u00f8rre grupper , lengre turer, ta kontakt.<\/p>\n                <\/div>\r\n                            <\/div>\r\n        <\/div>\r\n    <\/div>\r\n    <div class=\"l-card__image\">\r\n        <div class=\"l-card__decor l-card__decor--top-left\">\r\n        <\/div>\r\n        <img decoding=\"async\" src=\"https:\/\/www.jotunheimenhuskylodge.no\/wp-content\/uploads\/2023\/02\/Det-ville-ekstra-Friluftshuset-3.png\" alt=\"Det ville ekstra Friluftshuset (3)\" \/>\r\n    <\/div>\r\n<\/section>\r\n\n\n\r\n<section class=\"l-card l-card--lightblue l-card--alt\">\r\n    <div class=\"l-card__content\">\r\n        <div class=\"c-card\">\r\n            <div class=\"c-card__inner\">\r\n                <h2 class=\"c-card__title\">\r\n                    P\u00e5melding og sp\u00f8rsm\u00e5l                <\/h2>\r\n                <div class=\"c-card__content c-wysiwyg\">\r\n                    <p><strong>Jotunheimen Husky Lodge<\/strong><br \/>\nSjodalsvegen 201, 2683 Randsverk<br \/>\nE-post: <a href=\"mailto:post@jotunheimenhuskylodge.no\">post@jotunheimenhuskylodge.no<\/a><br \/>\nMobil: +47 920 97 942<br \/>\nNettside: <a href=\"http:\/\/www.jotunheimenhuskylodge.no\">www.jotunheimenhuskylodge.no<\/a><\/p>\n<p><strong>Fjellr\u00e5d sertifisert astroguide<\/strong><br \/>\nSn\u00f8heimvegen 136, 2661 Hjerkinn<br \/>\nE-post: <a href=\"mailto:post@fjellraad.no\">post@fjellraad.no<\/a><br \/>\nMobil: +47\u00a0990 97 517<\/p>\n                <\/div>\r\n                            <\/div>\r\n        <\/div>\r\n    <\/div>\r\n    <div class=\"l-card__image\">\r\n        <div class=\"l-card__decor l-card__decor--top-right\">\r\n        <\/div>\r\n        <img decoding=\"async\" src=\"https:\/\/www.jotunheimenhuskylodge.no\/wp-content\/uploads\/2023\/03\/image00022-scaled.jpeg\" alt=\"image00022\" \/>\r\n    <\/div>\r\n<\/section>\r\n","protected":false},"excerpt":{"rendered":"","protected":false},"author":6,"featured_media":13260,"parent":0,"menu_order":0,"comment_status":"closed","ping_status":"closed","template":"","meta":{"_acf_changed":false,"footnotes":""},"class_list":["post-13286","page","type-page","status-publish","has-post-thumbnail","hentry"],"acf":[],"yoast_head":"<!-- This site is optimized with the Yoast SEO plugin v27.3 - https:\/\/yoast.com\/product\/yoast-seo-wordpress\/ -->\n<title>Sledetur blant stjerner og galakser - Jotunheimen Husky Lodge<\/title>\n<meta name=\"description\" content=\"Velkommen til Camp Husky \u2013 to d\u00f8gn tett p\u00e5 firbeinte turvenner fra Jotunheimen Husky Lodge i noen av de flotteste omgivelsene Jotunheimen har \u00e5 by p\u00e5. Perfekt for eventyrlystne turfamilier!\" \/>\n<meta name=\"robots\" content=\"index, follow, max-snippet:-1, max-image-preview:large, max-video-preview:-1\" \/>\n<link rel=\"canonical\" href=\"https:\/\/www.jotunheimenhuskylodge.no\/de\/stjernetur\/\" \/>\n<meta property=\"og:locale\" content=\"de_DE\" \/>\n<meta property=\"og:type\" content=\"article\" \/>\n<meta property=\"og:title\" content=\"Sledetur blant stjerner og galakser - Jotunheimen Husky Lodge\" \/>\n<meta property=\"og:description\" content=\"Velkommen til Camp Husky \u2013 to d\u00f8gn tett p\u00e5 firbeinte turvenner fra Jotunheimen Husky Lodge i noen av de flotteste omgivelsene Jotunheimen har \u00e5 by p\u00e5. Perfekt for eventyrlystne turfamilier!\" \/>\n<meta property=\"og:url\" content=\"https:\/\/www.jotunheimenhuskylodge.no\/de\/stjernetur\/\" \/>\n<meta property=\"og:site_name\" content=\"Jotunheimen Husky Lodge\" \/>\n<meta property=\"article:modified_time\" content=\"2025-12-01T18:16:41+00:00\" \/>\n<meta property=\"og:image\" content=\"https:\/\/www.jotunheimenhuskylodge.no\/wp-content\/uploads\/2025\/11\/Det-ville-ekstra-Markedsforing-1.png\" \/>\n\t<meta property=\"og:image:width\" content=\"1659\" \/>\n\t<meta property=\"og:image:height\" content=\"1080\" \/>\n\t<meta property=\"og:image:type\" content=\"image\/png\" \/>\n<meta name=\"twitter:card\" content=\"summary_large_image\" \/>\n<meta name=\"twitter:label1\" content=\"Gesch\u00e4tzte Lesezeit\" \/>\n\t<meta name=\"twitter:data1\" content=\"1\u00a0Minute\" \/>\n<script type=\"application\/ld+json\" class=\"yoast-schema-graph\">{\"@context\":\"https:\\\/\\\/schema.org\",\"@graph\":[{\"@type\":\"WebPage\",\"@id\":\"https:\\\/\\\/www.jotunheimenhuskylodge.no\\\/de\\\/stjernetur\\\/\",\"url\":\"https:\\\/\\\/www.jotunheimenhuskylodge.no\\\/de\\\/stjernetur\\\/\",\"name\":\"Sledetur blant stjerner og galakser - Jotunheimen Husky Lodge\",\"isPartOf\":{\"@id\":\"https:\\\/\\\/www.jotunheimenhuskylodge.no\\\/de\\\/#website\"},\"primaryImageOfPage\":{\"@id\":\"https:\\\/\\\/www.jotunheimenhuskylodge.no\\\/de\\\/stjernetur\\\/#primaryimage\"},\"image\":{\"@id\":\"https:\\\/\\\/www.jotunheimenhuskylodge.no\\\/de\\\/stjernetur\\\/#primaryimage\"},\"thumbnailUrl\":\"https:\\\/\\\/www.jotunheimenhuskylodge.no\\\/wp-content\\\/uploads\\\/2025\\\/11\\\/Det-ville-ekstra-Markedsforing-1.png\",\"datePublished\":\"2025-11-03T09:32:02+00:00\",\"dateModified\":\"2025-12-01T18:16:41+00:00\",\"description\":\"Velkommen til Camp Husky \u2013 to d\u00f8gn tett p\u00e5 firbeinte turvenner fra Jotunheimen Husky Lodge i noen av de flotteste omgivelsene Jotunheimen har \u00e5 by p\u00e5. Perfekt for eventyrlystne turfamilier!\",\"breadcrumb\":{\"@id\":\"https:\\\/\\\/www.jotunheimenhuskylodge.no\\\/de\\\/stjernetur\\\/#breadcrumb\"},\"inLanguage\":\"de\",\"potentialAction\":[{\"@type\":\"ReadAction\",\"target\":[\"https:\\\/\\\/www.jotunheimenhuskylodge.no\\\/de\\\/stjernetur\\\/\"]}]},{\"@type\":\"ImageObject\",\"inLanguage\":\"de\",\"@id\":\"https:\\\/\\\/www.jotunheimenhuskylodge.no\\\/de\\\/stjernetur\\\/#primaryimage\",\"url\":\"https:\\\/\\\/www.jotunheimenhuskylodge.no\\\/wp-content\\\/uploads\\\/2025\\\/11\\\/Det-ville-ekstra-Markedsforing-1.png\",\"contentUrl\":\"https:\\\/\\\/www.jotunheimenhuskylodge.no\\\/wp-content\\\/uploads\\\/2025\\\/11\\\/Det-ville-ekstra-Markedsforing-1.png\",\"width\":1659,\"height\":1080},{\"@type\":\"BreadcrumbList\",\"@id\":\"https:\\\/\\\/www.jotunheimenhuskylodge.no\\\/de\\\/stjernetur\\\/#breadcrumb\",\"itemListElement\":[{\"@type\":\"ListItem\",\"position\":1,\"name\":\"Hjem\",\"item\":\"https:\\\/\\\/www.jotunheimenhuskylodge.no\\\/de\\\/\"},{\"@type\":\"ListItem\",\"position\":2,\"name\":\"Sledetur blant stjerner og galakser\"}]},{\"@type\":\"WebSite\",\"@id\":\"https:\\\/\\\/www.jotunheimenhuskylodge.no\\\/de\\\/#website\",\"url\":\"https:\\\/\\\/www.jotunheimenhuskylodge.no\\\/de\\\/\",\"name\":\"Jotunheimen Husky Lodge\",\"description\":\"Din dr\u00f8m \u2013 v\u00e5r lidenskap\",\"potentialAction\":[{\"@type\":\"SearchAction\",\"target\":{\"@type\":\"EntryPoint\",\"urlTemplate\":\"https:\\\/\\\/www.jotunheimenhuskylodge.no\\\/de\\\/?s={search_term_string}\"},\"query-input\":{\"@type\":\"PropertyValueSpecification\",\"valueRequired\":true,\"valueName\":\"search_term_string\"}}],\"inLanguage\":\"de\"}]}<\/script>\n<!-- \/ Yoast SEO plugin. -->","yoast_head_json":{"title":"Sledetur blant stjerner og galakser - Jotunheimen Husky Lodge","description":"Velkommen til Camp Husky \u2013 to d\u00f8gn tett p\u00e5 firbeinte turvenner fra Jotunheimen Husky Lodge i noen av de flotteste omgivelsene Jotunheimen har \u00e5 by p\u00e5. Perfekt for eventyrlystne turfamilier!","robots":{"index":"index","follow":"follow","max-snippet":"max-snippet:-1","max-image-preview":"max-image-preview:large","max-video-preview":"max-video-preview:-1"},"canonical":"https:\/\/www.jotunheimenhuskylodge.no\/de\/stjernetur\/","og_locale":"de_DE","og_type":"article","og_title":"Sledetur blant stjerner og galakser - Jotunheimen Husky Lodge","og_description":"Velkommen til Camp Husky \u2013 to d\u00f8gn tett p\u00e5 firbeinte turvenner fra Jotunheimen Husky Lodge i noen av de flotteste omgivelsene Jotunheimen har \u00e5 by p\u00e5. Perfekt for eventyrlystne turfamilier!","og_url":"https:\/\/www.jotunheimenhuskylodge.no\/de\/stjernetur\/","og_site_name":"Jotunheimen Husky Lodge","article_modified_time":"2025-12-01T18:16:41+00:00","og_image":[{"width":1659,"height":1080,"url":"https:\/\/www.jotunheimenhuskylodge.no\/wp-content\/uploads\/2025\/11\/Det-ville-ekstra-Markedsforing-1.png","type":"image\/png"}],"twitter_card":"summary_large_image","twitter_misc":{"Gesch\u00e4tzte Lesezeit":"1\u00a0Minute"},"schema":{"@context":"https:\/\/schema.org","@graph":[{"@type":"WebPage","@id":"https:\/\/www.jotunheimenhuskylodge.no\/de\/stjernetur\/","url":"https:\/\/www.jotunheimenhuskylodge.no\/de\/stjernetur\/","name":"Sledetur blant stjerner og galakser - Jotunheimen Husky Lodge","isPartOf":{"@id":"https:\/\/www.jotunheimenhuskylodge.no\/de\/#website"},"primaryImageOfPage":{"@id":"https:\/\/www.jotunheimenhuskylodge.no\/de\/stjernetur\/#primaryimage"},"image":{"@id":"https:\/\/www.jotunheimenhuskylodge.no\/de\/stjernetur\/#primaryimage"},"thumbnailUrl":"https:\/\/www.jotunheimenhuskylodge.no\/wp-content\/uploads\/2025\/11\/Det-ville-ekstra-Markedsforing-1.png","datePublished":"2025-11-03T09:32:02+00:00","dateModified":"2025-12-01T18:16:41+00:00","description":"Velkommen til Camp Husky \u2013 to d\u00f8gn tett p\u00e5 firbeinte turvenner fra Jotunheimen Husky Lodge i noen av de flotteste omgivelsene Jotunheimen har \u00e5 by p\u00e5. Perfekt for eventyrlystne turfamilier!","breadcrumb":{"@id":"https:\/\/www.jotunheimenhuskylodge.no\/de\/stjernetur\/#breadcrumb"},"inLanguage":"de","potentialAction":[{"@type":"ReadAction","target":["https:\/\/www.jotunheimenhuskylodge.no\/de\/stjernetur\/"]}]},{"@type":"ImageObject","inLanguage":"de","@id":"https:\/\/www.jotunheimenhuskylodge.no\/de\/stjernetur\/#primaryimage","url":"https:\/\/www.jotunheimenhuskylodge.no\/wp-content\/uploads\/2025\/11\/Det-ville-ekstra-Markedsforing-1.png","contentUrl":"https:\/\/www.jotunheimenhuskylodge.no\/wp-content\/uploads\/2025\/11\/Det-ville-ekstra-Markedsforing-1.png","width":1659,"height":1080},{"@type":"BreadcrumbList","@id":"https:\/\/www.jotunheimenhuskylodge.no\/de\/stjernetur\/#breadcrumb","itemListElement":[{"@type":"ListItem","position":1,"name":"Hjem","item":"https:\/\/www.jotunheimenhuskylodge.no\/de\/"},{"@type":"ListItem","position":2,"name":"Sledetur blant stjerner og galakser"}]},{"@type":"WebSite","@id":"https:\/\/www.jotunheimenhuskylodge.no\/de\/#website","url":"https:\/\/www.jotunheimenhuskylodge.no\/de\/","name":"Jotunheimen Husky Lodge","description":"Din dr\u00f8m \u2013 v\u00e5r lidenskap","potentialAction":[{"@type":"SearchAction","target":{"@type":"EntryPoint","urlTemplate":"https:\/\/www.jotunheimenhuskylodge.no\/de\/?s={search_term_string}"},"query-input":{"@type":"PropertyValueSpecification","valueRequired":true,"valueName":"search_term_string"}}],"inLanguage":"de"}]}},"_links":{"self":[{"href":"https:\/\/www.jotunheimenhuskylodge.no\/de\/wp-json\/wp\/v2\/pages\/13286","targetHints":{"allow":["GET"]}}],"collection":[{"href":"https:\/\/www.jotunheimenhuskylodge.no\/de\/wp-json\/wp\/v2\/pages"}],"about":[{"href":"https:\/\/www.jotunheimenhuskylodge.no\/de\/wp-json\/wp\/v2\/types\/page"}],"author":[{"embeddable":true,"href":"https:\/\/www.jotunheimenhuskylodge.no\/de\/wp-json\/wp\/v2\/users\/6"}],"replies":[{"embeddable":true,"href":"https:\/\/www.jotunheimenhuskylodge.no\/de\/wp-json\/wp\/v2\/comments?post=13286"}],"version-history":[{"count":1,"href":"https:\/\/www.jotunheimenhuskylodge.no\/de\/wp-json\/wp\/v2\/pages\/13286\/revisions"}],"predecessor-version":[{"id":13288,"href":"https:\/\/www.jotunheimenhuskylodge.no\/de\/wp-json\/wp\/v2\/pages\/13286\/revisions\/13288"}],"wp:featuredmedia":[{"embeddable":true,"href":"https:\/\/www.jotunheimenhuskylodge.no\/de\/wp-json\/wp\/v2\/media\/13260"}],"wp:attachment":[{"href":"https:\/\/www.jotunheimenhuskylodge.no\/de\/wp-json\/wp\/v2\/media?parent=13286"}],"curies":[{"name":"wp","href":"https:\/\/api.w.org\/{rel}","templated":true}]}}