{"id":12610,"date":"2023-03-02T09:50:40","date_gmt":"2023-03-02T08:50:40","guid":{"rendered":"https:\/\/www.jotunheimenhuskylodge.no\/?page_id=12610"},"modified":"2025-12-01T19:56:42","modified_gmt":"2025-12-01T18:56:42","slug":"front","status":"publish","type":"page","link":"https:\/\/www.jotunheimenhuskylodge.no\/de\/","title":{"rendered":"Front"},"content":{"rendered":"\r\n        <section class=\"l-hero\">\r\n        <ul class=\"l-hero__slides\">\r\n                                            <li class=\"c-hero swiper-slide\" style=\"background-image: url('https:\/\/www.jotunheimenhuskylodge.no\/wp-content\/uploads\/2021\/02\/6Y5A9458.jpg');\">\r\n                    <div class=\"c-hero__content\">\r\n                        <div class=\"l-inner\">\r\n                            <div class=\"c-hero__title c-wysiwyg\">\r\n                                <h1 style=\"text-align: left;\">Ihr Traum \u2013 unsere Leidenschaft<\/h1>\n<h3 style=\"text-align: left;\">Im Jotunheimen Husky Lodge bieten wir Hundeschlittentouren in Nordeuropa an Die bekannteste Gebirgsregion \u2013 das ganze Jahr \u00fcber!<\/h3>\n<p>In der Lodge \u00fcbernachten Sie in hochwertigen Apartments, mit Wanderbegeisterten und verspielten Schlittenhunden als\u00a0 n\u00e4chster Nachbarschaft. Die Wildnis ruft!<\/p>\n                            <\/div>\r\n                        <\/div>\r\n                    <\/div>\r\n                    <div class=\"c-hero__decor\">\r\n                    <\/div>\r\n                    <div class=\"c-hero__gradient\">\r\n                    <\/div>\r\n                <\/li>\r\n                    <\/ul>\r\n            <\/section>\r\n\n\n\r\n<section class=\"l-card l-card--lightblue\">\r\n    <div class=\"l-card__content\">\r\n        <div class=\"c-card\">\r\n            <div class=\"c-card__inner\">\r\n                <h2 class=\"c-card__title\">\r\n                    Buchen Sie jetzt das Winterabenteuer!                <\/h2>\r\n                <div class=\"c-card__content c-wysiwyg\">\r\n                    <p>Huskys sind fantastische Tiere. Jotunheimen ist ein m\u00e4rchenhaftes Gebirgsgebiet. In der Husky-Lodge leben wir in engem Einklang mit beidem und m\u00f6chten, dass Sie die Hunde, die Bergwelt und unseren Alltag im beliebtesten Gebirgsgebiet Nordeuropas erleben.<\/p>\n<p>Den ganzen Winter \u00fcber \u2013 von November bis weit in den Mai \u2013 bieten wir:<\/p>\n<ul>\n<li>Halbtagesausfl\u00fcge<\/li>\n<li>Ganzt\u00e4gige Schlittenfahrten mit Ihrem eigenen Husky-Gespann<\/li>\n<li>Abendausfl\u00fcge mit Sternenbeobachtung<\/li>\n<li>Lange Expeditionen in Jotunheimen \u2013 leicht erreichbar aus ganz S\u00fcdnorwegen und Skandinavien!<\/li>\n<\/ul>\n                <\/div>\r\n                                    <a href=\"https:\/\/online.bookvisit.com\/extras?channelid=57c1231e-b7af-454f-a874-5903b1c2bf73&#038;langid=3\" class=\"c-card__cta c-btn\">\r\n                        <span class=\"c-label\">\r\n                            Hundeschlitten fahren buchen                        <\/span>\r\n                    <\/a>\r\n                            <\/div>\r\n        <\/div>\r\n    <\/div>\r\n    <div class=\"l-card__image\">\r\n        <div class=\"l-card__decor l-card__decor--bottom-left\">\r\n        <\/div>\r\n        <img decoding=\"async\" src=\"https:\/\/www.jotunheimenhuskylodge.no\/wp-content\/uploads\/2019\/11\/hund7-1024x768_2.jpg\" alt=\"hund7-1024x768_2\" \/>\r\n    <\/div>\r\n<\/section>\r\n\n\n\r\n<section class=\"l-card l-card--lightblue l-card--alt\">\r\n    <div class=\"l-card__content\">\r\n        <div class=\"c-card\">\r\n            <div class=\"c-card__inner\">\r\n                <h2 class=\"c-card__title\">\r\n                    Neu! Hundeschlittenfahrt bei Winternacht mit Sternenbeobachtung                <\/h2>\r\n                <div class=\"c-card__content c-wysiwyg\">\r\n                    <p>Ein Abenteuer, das Sie nie vergessen werden! Nehmen Sie an einer f\u00fcnfst\u00fcndigen gef\u00fchrten Tour teil, die die besten winterlichen Outdoor-Aktivit\u00e4ten mit Astronomie verbindet \u2013 mit Hundeschlittenfahrten durch die Winterlandschaft von Jotunheimen, astronomischer F\u00fchrung unter dem Sternenhimmel und der Bereitstellung warmer lokaler Speisen.<\/p>\n<p>Die Tour wird im Januar und Februar angeboten.<\/p>\n                <\/div>\r\n                            <\/div>\r\n        <\/div>\r\n    <\/div>\r\n    <div class=\"l-card__image\">\r\n        <div class=\"l-card__decor l-card__decor--bottom-right\">\r\n        <\/div>\r\n        <img decoding=\"async\" src=\"https:\/\/www.jotunheimenhuskylodge.no\/wp-content\/uploads\/2025\/11\/Det-ville-ekstra-Markedsforing-1.png\" alt=\"Det ville ekstra Markedsf\u00f8ring\" \/>\r\n    <\/div>\r\n<\/section>\r\n\n\n\r\n<section class=\"l-card l-card--lightblue\">\r\n    <div class=\"l-card__content\">\r\n        <div class=\"c-card\">\r\n            <div class=\"c-card__inner\">\r\n                <h2 class=\"c-card__title\">\r\n                    \u00dcbernachtung                <\/h2>\r\n                <div class=\"c-card__content c-wysiwyg\">\r\n                    <p>Gibt es ein besseres Gef\u00fchl, als im Jotunheimen aufzuwachen, umgeben von m\u00e4rchenhaften Kiefernw\u00e4ldern, herrlichen Bergen und guten Freunden auf zwei und vier Beinen? Die Jotunheimen Husky Lodge besteht aus drei ger\u00e4umigen Selbstversorger-Apartments mit insgesamt 20 Betten.<\/p>\n                <\/div>\r\n                                    <a href=\"https:\/\/online.bookvisit.com\/accommodation\/list?channelId=57c1231e-b7af-454f-a874-5903b1c2bf73\" class=\"c-card__cta c-btn\">\r\n                        <span class=\"c-label\">\r\n                            Unterkunft buchen                        <\/span>\r\n                    <\/a>\r\n                            <\/div>\r\n        <\/div>\r\n    <\/div>\r\n    <div class=\"l-card__image\">\r\n        <div class=\"l-card__decor l-card__decor--bottom-left\">\r\n        <\/div>\r\n        <img decoding=\"async\" src=\"https:\/\/www.jotunheimenhuskylodge.no\/wp-content\/uploads\/2023\/02\/image00014-scaled.jpeg\" alt=\"image00014\" \/>\r\n    <\/div>\r\n<\/section>\r\n\n\n\r\n<section class=\"l-card l-card--lightgreen l-card--alt\">\r\n    <div class=\"l-card__content\">\r\n        <div class=\"c-card\">\r\n            <div class=\"c-card__inner\">\r\n                <h2 class=\"c-card__title\">\r\n                    Gruppenreisen                <\/h2>\r\n                <div class=\"c-card__content c-wysiwyg\">\r\n                    <p>In der Jotunheimen Husky Lodge leben wir f\u00fcr Teamwork. 30 Huskys dazu zu bringen sich in die gleiche Richtung zu bewegen, ist anspruchsvoll &#8211; und macht extrem viel Spa\u00df. Ein bisschen wie einen Betrieb zu f\u00fchren oder einen Arbeitsplatz. Wenn Sie den Jotunheimen auf eine etwas andere Art und Weise erleben m\u00f6chten, passen wir das Arrangement gerne an Ihre W\u00fcnsche an.<\/p>\n                <\/div>\r\n                                    <a href=\"https:\/\/www.jotunheimenhuskylodge.no\/de\/gruppen\/\" class=\"c-card__cta c-btn c-btn--alt\">\r\n                        <span class=\"c-label\">\r\n                            Mehr \u00fcber Gruppenreisen                        <\/span>\r\n                    <\/a>\r\n                            <\/div>\r\n        <\/div>\r\n    <\/div>\r\n    <div class=\"l-card__image\">\r\n        <div class=\"l-card__decor l-card__decor--bottom-right\">\r\n        <\/div>\r\n        <img decoding=\"async\" src=\"https:\/\/www.jotunheimenhuskylodge.no\/wp-content\/uploads\/2021\/02\/6Y5A9458-1.jpg\" alt=\"6Y5A9458\" \/>\r\n    <\/div>\r\n<\/section>\r\n\n\n\r\n<section class=\"l-card l-card--lighterblue l-card--alt\">\r\n    <div class=\"l-card__content\">\r\n        <div class=\"c-card\">\r\n            <div class=\"c-card__inner\">\r\n                <h2 class=\"c-card__title\">\r\n                    Ihr Traum \u2013 unsere Leidenschaft                <\/h2>\r\n                <div class=\"c-card__content c-wysiwyg\">\r\n                    <p>Bei einer Hundeschlittenfahrt oder \u00dcbernachtung in der Jotunheimen Husky Lodge sind Sie in den besten H\u00e4nden. Gastgeber sind das team Vilja (7 Jahre), Baby Billie Mutter Trine und Vater \u00d8yvind.<\/p>\n<p>Mit der Erfahrung aus Hundeschlittenfahrten in Alaska, Spitzbergen, Alta und Dovrefjell \u00f6ffnen wir die T\u00fcren zu unserem Familienleben mitt unserer eigenen Husky-Lodge im herrlichen und schneesicheren Jotunheimen. Wenn Sie zu eine Hunderschlittentour kommen, werden Sie von einem oder mehreren von uns begleitet!<\/p>\n                <\/div>\r\n                                    <a href=\"https:\/\/www.jotunheimenhuskylodge.no\/de\/jotunheimen-husky-lodge\/\" class=\"c-card__cta c-btn\">\r\n                        <span class=\"c-label\">\r\n                            Lernen Sie uns kennen                        <\/span>\r\n                    <\/a>\r\n                            <\/div>\r\n        <\/div>\r\n    <\/div>\r\n    <div class=\"l-card__image\">\r\n        <div class=\"l-card__decor l-card__decor--bottom-right\">\r\n        <\/div>\r\n        <img decoding=\"async\" src=\"https:\/\/www.jotunheimenhuskylodge.no\/wp-content\/uploads\/2019\/11\/Guidene-scaled.jpg\" alt=\"\" \/>\r\n    <\/div>\r\n<\/section>\r\n\n\n\r\n<section class=\"l-card l-card--lighterblue\">\r\n    <div class=\"l-card__content\">\r\n        <div class=\"c-card\">\r\n            <div class=\"c-card__inner\">\r\n                <h2 class=\"c-card__title\">\r\n                    Sommerabenteuer in der Jotunheimen Husky Lodge                <\/h2>\r\n                <div class=\"c-card__content c-wysiwyg\">\r\n                    <p><strong>Wir hei\u00dfen G\u00e4ste willkommen, die das Wandern und Hunde das ganze Jahr \u00fcber lieben! In den Sommermonaten bieten wir Hundeschlittenfahrten mit einem Wagen an \u2013 und t\u00e4glich Welpenkuscheln im Hundezwinger an der Lodge!<\/strong><\/p>\n                <\/div>\r\n                                    <a href=\"https:\/\/online.bookvisit.com\/accommodation?channelid=57c1231e-b7af-454f-a874-5903b1c2bf73\" class=\"c-card__cta c-btn\">\r\n                        <span class=\"c-label\">\r\n                            Buchen Sie Ihren Aufenthalt                        <\/span>\r\n                    <\/a>\r\n                            <\/div>\r\n        <\/div>\r\n    <\/div>\r\n    <div class=\"l-card__image\">\r\n        <div class=\"l-card__decor l-card__decor--bottom-left\">\r\n        <\/div>\r\n        <img decoding=\"async\" src=\"https:\/\/www.jotunheimenhuskylodge.no\/wp-content\/uploads\/2022\/06\/6Y5A9705.jpg\" alt=\"6Y5A9705\" \/>\r\n    <\/div>\r\n<\/section>\r\n\n\n\r\n<section class=\"l-card l-card--lighterblue l-card--alt\">\r\n    <div class=\"l-card__content\">\r\n        <div class=\"c-card\">\r\n            <div class=\"c-card__inner\">\r\n                <h2 class=\"c-card__title\">\r\n                    Kutschfahrt mit Huskys                <\/h2>\r\n                <div class=\"c-card__content c-wysiwyg\">\r\n                    <p>Erleben Sie die Sommervariante des Hundeschlittenfahrens mit dem Schlitten im Winter. Wir lassen Sie mit uns die Huskys anspannen und dann mit Ihrer eigenen Kutsche, gel\u00e4ndeg\u00e4ngigen R\u00e4dern und vierbeinigen Traktion in H\u00fclle und F\u00fclle auf eine wenige Kilometer lange Fahrt gehen.<\/p>\n<p>Eine andere Art von Wandererlebnis, bei dem Sie sowohl Hunden als auch den herrlichen Bergen von Jotunheimen nahe kommen.<\/p>\n                <\/div>\r\n                                    <a href=\"https:\/\/online.bookvisit.com\/our-extras\/list?channelId=57c1231e-b7af-454f-a874-5903b1c2bf73\" class=\"c-card__cta c-btn\">\r\n                        <span class=\"c-label\">\r\n                            Siehe unsere Touren                        <\/span>\r\n                    <\/a>\r\n                            <\/div>\r\n        <\/div>\r\n    <\/div>\r\n    <div class=\"l-card__image\">\r\n        <div class=\"l-card__decor l-card__decor--bottom-right\">\r\n        <\/div>\r\n        <img decoding=\"async\" src=\"https:\/\/www.jotunheimenhuskylodge.no\/wp-content\/uploads\/2024\/10\/Skjermbilde-2024-10-31-081950.jpg\" alt=\"Skjermbilde 2024-10-31 081950\" \/>\r\n    <\/div>\r\n<\/section>\r\n\n\n\r\n<section class=\"l-card l-card--lighterblue\">\r\n    <div class=\"l-card__content\">\r\n        <div class=\"c-card\">\r\n            <div class=\"c-card__inner\">\r\n                <h2 class=\"c-card__title\">\r\n                    Welpenkuscheln                <\/h2>\r\n                <div class=\"c-card__content c-wysiwyg\">\r\n                    <p>Jeden Tag in diesem Sommer laden wir Sie zu einem Welpenkuscheln innerhalb und au\u00dferhalb des Hundehofs in der Jotunheimen Husky Lodge ein. Perfekter Hochlandspa\u00df f\u00fcr alle, die Welpen lieben!<\/p>\n<ul>\n<li>9 \u2013 11 Uhr: Welpenkuscheln und F\u00fcttern f\u00fcr \u00dcbernachtungsg\u00e4ste<\/li>\n<li>10 \u2013 14 Uhr: Welpenkuscheln f\u00fcr G\u00e4ste bei Tagesbesuchen<\/li>\n<li>19 \u2013 21 Uhr: Welpenkuscheln und F\u00fcttern f\u00fcr \u00dcbernachtungsg\u00e4ste<\/li>\n<\/ul>\n<p>200 NOK\/Person f\u00fcr Besucher.<\/p>\n<p>PS! Jeden Tag machen wir einen lustigen Spaziergang mit einer verspielten, vierbeinigen Gesellschaft. Online Buchung.<\/p>\n                <\/div>\r\n                                    <a href=\"https:\/\/online.bookvisit.com\/our-extras\/list?channelId=57c1231e-b7af-454f-a874-5903b1c2bf73\" class=\"c-card__cta c-btn\">\r\n                        <span class=\"c-label\">\r\n                            Siehe unsere Touren                        <\/span>\r\n                    <\/a>\r\n                            <\/div>\r\n        <\/div>\r\n    <\/div>\r\n    <div class=\"l-card__image\">\r\n        <div class=\"l-card__decor l-card__decor--bottom-left\">\r\n        <\/div>\r\n        <img decoding=\"async\" src=\"https:\/\/www.jotunheimenhuskylodge.no\/wp-content\/uploads\/2020\/05\/FullSizeR1_05-scaled.jpg\" alt=\"FullSizeR1_05\" \/>\r\n    <\/div>\r\n<\/section>\r\n\n\n\r\n<section class=\"l-card l-card--lighterblue l-card--alt\">\r\n    <div class=\"l-card__content\">\r\n        <div class=\"c-card\">\r\n            <div class=\"c-card__inner\">\r\n                <h2 class=\"c-card__title\">\r\n                    Gipfelwanderung mit Huskys | Rindhovda und Trollh\u00f8e                <\/h2>\r\n                <div class=\"c-card__content c-wysiwyg\">\r\n                    <p>In der Jotunheimen Husky Lodge leben wir in der N\u00e4he von etwa f\u00fcnfzig Wanderbegeisterten \u2013 und Jotunheimen selbst. M\u00f6chten Sie an einer Reise mit Zwei- und Vierbeinern teilnehmen?<\/p>\n<p>Jeden Samstag und Sonntag nehmen wir einige der Huskys mit auf eine Gipfeltour. F\u00fchlen Sie sich frei, sich uns anzuschlie\u00dfen!<\/p>\n                <\/div>\r\n                                    <a href=\"https:\/\/online.bookvisit.com\/our-extras\/list?channelId=57c1231e-b7af-454f-a874-5903b1c2bf73\" class=\"c-card__cta c-btn\">\r\n                        <span class=\"c-label\">\r\n                            Siehe unsere Touren                        <\/span>\r\n                    <\/a>\r\n                            <\/div>\r\n        <\/div>\r\n    <\/div>\r\n    <div class=\"l-card__image\">\r\n        <div class=\"l-card__decor l-card__decor--bottom-right\">\r\n        <\/div>\r\n        <img decoding=\"async\" src=\"https:\/\/www.jotunheimenhuskylodge.no\/wp-content\/uploads\/2024\/07\/374531351_789410373184741_4051389785377743705_n.jpg\" alt=\"374531351_789410373184741_4051389785377743705_n\" \/>\r\n    <\/div>\r\n<\/section>\r\n\n\n\n<figure class=\"wp-block-video\"><video height=\"720\" style=\"aspect-ratio: 1280 \/ 720;\" width=\"1280\" controls src=\"https:\/\/www.jotunheimenhuskylodge.no\/wp-content\/uploads\/2021\/10\/10000000_574645767014860_4635411469685403637_n.mp4\"><\/video><\/figure>\n","protected":false},"excerpt":{"rendered":"","protected":false},"author":8,"featured_media":9239,"parent":0,"menu_order":0,"comment_status":"closed","ping_status":"closed","template":"","meta":{"_acf_changed":false,"footnotes":""},"class_list":["post-12610","page","type-page","status-publish","has-post-thumbnail","hentry"],"acf":[],"yoast_head":"<!-- This site is optimized with the Yoast SEO plugin v27.3 - https:\/\/yoast.com\/product\/yoast-seo-wordpress\/ -->\n<title>Front - Jotunheimen Husky Lodge<\/title>\n<meta name=\"robots\" content=\"index, follow, max-snippet:-1, max-image-preview:large, max-video-preview:-1\" \/>\n<link rel=\"canonical\" href=\"https:\/\/www.jotunheimenhuskylodge.no\/de\/\" \/>\n<meta property=\"og:locale\" content=\"de_DE\" \/>\n<meta property=\"og:type\" content=\"article\" \/>\n<meta property=\"og:title\" content=\"Front - Jotunheimen Husky Lodge\" \/>\n<meta property=\"og:url\" content=\"https:\/\/www.jotunheimenhuskylodge.no\/de\/\" \/>\n<meta property=\"og:site_name\" content=\"Jotunheimen Husky Lodge\" \/>\n<meta property=\"article:modified_time\" content=\"2025-12-01T18:56:42+00:00\" \/>\n<meta property=\"og:image\" content=\"https:\/\/www.jotunheimenhuskylodge.no\/wp-content\/uploads\/2021\/02\/6Y5A9458.jpg\" \/>\n\t<meta property=\"og:image:width\" content=\"1920\" \/>\n\t<meta property=\"og:image:height\" content=\"1280\" \/>\n\t<meta property=\"og:image:type\" content=\"image\/jpeg\" \/>\n<meta name=\"twitter:card\" content=\"summary_large_image\" \/>\n<meta name=\"twitter:label1\" content=\"Gesch\u00e4tzte Lesezeit\" \/>\n\t<meta name=\"twitter:data1\" content=\"1\u00a0Minute\" \/>\n<script type=\"application\/ld+json\" class=\"yoast-schema-graph\">{\"@context\":\"https:\\\/\\\/schema.org\",\"@graph\":[{\"@type\":\"WebPage\",\"@id\":\"https:\\\/\\\/www.jotunheimenhuskylodge.no\\\/de\\\/\",\"url\":\"https:\\\/\\\/www.jotunheimenhuskylodge.no\\\/de\\\/\",\"name\":\"Front - Jotunheimen Husky Lodge\",\"isPartOf\":{\"@id\":\"https:\\\/\\\/www.jotunheimenhuskylodge.no\\\/de\\\/#website\"},\"primaryImageOfPage\":{\"@id\":\"https:\\\/\\\/www.jotunheimenhuskylodge.no\\\/de\\\/#primaryimage\"},\"image\":{\"@id\":\"https:\\\/\\\/www.jotunheimenhuskylodge.no\\\/de\\\/#primaryimage\"},\"thumbnailUrl\":\"https:\\\/\\\/www.jotunheimenhuskylodge.no\\\/wp-content\\\/uploads\\\/2021\\\/02\\\/6Y5A9458.jpg\",\"datePublished\":\"2023-03-02T08:50:40+00:00\",\"dateModified\":\"2025-12-01T18:56:42+00:00\",\"breadcrumb\":{\"@id\":\"https:\\\/\\\/www.jotunheimenhuskylodge.no\\\/de\\\/#breadcrumb\"},\"inLanguage\":\"de\",\"potentialAction\":[{\"@type\":\"ReadAction\",\"target\":[\"https:\\\/\\\/www.jotunheimenhuskylodge.no\\\/de\\\/\"]}]},{\"@type\":\"ImageObject\",\"inLanguage\":\"de\",\"@id\":\"https:\\\/\\\/www.jotunheimenhuskylodge.no\\\/de\\\/#primaryimage\",\"url\":\"https:\\\/\\\/www.jotunheimenhuskylodge.no\\\/wp-content\\\/uploads\\\/2021\\\/02\\\/6Y5A9458.jpg\",\"contentUrl\":\"https:\\\/\\\/www.jotunheimenhuskylodge.no\\\/wp-content\\\/uploads\\\/2021\\\/02\\\/6Y5A9458.jpg\",\"width\":1920,\"height\":1280},{\"@type\":\"BreadcrumbList\",\"@id\":\"https:\\\/\\\/www.jotunheimenhuskylodge.no\\\/de\\\/#breadcrumb\",\"itemListElement\":[{\"@type\":\"ListItem\",\"position\":1,\"name\":\"Hjem\",\"item\":\"https:\\\/\\\/www.jotunheimenhuskylodge.no\\\/de\\\/\"},{\"@type\":\"ListItem\",\"position\":2,\"name\":\"Front\"}]},{\"@type\":\"WebSite\",\"@id\":\"https:\\\/\\\/www.jotunheimenhuskylodge.no\\\/de\\\/#website\",\"url\":\"https:\\\/\\\/www.jotunheimenhuskylodge.no\\\/de\\\/\",\"name\":\"Jotunheimen Husky Lodge\",\"description\":\"Din dr\u00f8m \u2013 v\u00e5r lidenskap\",\"potentialAction\":[{\"@type\":\"SearchAction\",\"target\":{\"@type\":\"EntryPoint\",\"urlTemplate\":\"https:\\\/\\\/www.jotunheimenhuskylodge.no\\\/de\\\/?s={search_term_string}\"},\"query-input\":{\"@type\":\"PropertyValueSpecification\",\"valueRequired\":true,\"valueName\":\"search_term_string\"}}],\"inLanguage\":\"de\"}]}<\/script>\n<!-- \/ Yoast SEO plugin. -->","yoast_head_json":{"title":"Front - Jotunheimen Husky Lodge","robots":{"index":"index","follow":"follow","max-snippet":"max-snippet:-1","max-image-preview":"max-image-preview:large","max-video-preview":"max-video-preview:-1"},"canonical":"https:\/\/www.jotunheimenhuskylodge.no\/de\/","og_locale":"de_DE","og_type":"article","og_title":"Front - Jotunheimen Husky Lodge","og_url":"https:\/\/www.jotunheimenhuskylodge.no\/de\/","og_site_name":"Jotunheimen Husky Lodge","article_modified_time":"2025-12-01T18:56:42+00:00","og_image":[{"width":1920,"height":1280,"url":"https:\/\/www.jotunheimenhuskylodge.no\/wp-content\/uploads\/2021\/02\/6Y5A9458.jpg","type":"image\/jpeg"}],"twitter_card":"summary_large_image","twitter_misc":{"Gesch\u00e4tzte Lesezeit":"1\u00a0Minute"},"schema":{"@context":"https:\/\/schema.org","@graph":[{"@type":"WebPage","@id":"https:\/\/www.jotunheimenhuskylodge.no\/de\/","url":"https:\/\/www.jotunheimenhuskylodge.no\/de\/","name":"Front - Jotunheimen Husky Lodge","isPartOf":{"@id":"https:\/\/www.jotunheimenhuskylodge.no\/de\/#website"},"primaryImageOfPage":{"@id":"https:\/\/www.jotunheimenhuskylodge.no\/de\/#primaryimage"},"image":{"@id":"https:\/\/www.jotunheimenhuskylodge.no\/de\/#primaryimage"},"thumbnailUrl":"https:\/\/www.jotunheimenhuskylodge.no\/wp-content\/uploads\/2021\/02\/6Y5A9458.jpg","datePublished":"2023-03-02T08:50:40+00:00","dateModified":"2025-12-01T18:56:42+00:00","breadcrumb":{"@id":"https:\/\/www.jotunheimenhuskylodge.no\/de\/#breadcrumb"},"inLanguage":"de","potentialAction":[{"@type":"ReadAction","target":["https:\/\/www.jotunheimenhuskylodge.no\/de\/"]}]},{"@type":"ImageObject","inLanguage":"de","@id":"https:\/\/www.jotunheimenhuskylodge.no\/de\/#primaryimage","url":"https:\/\/www.jotunheimenhuskylodge.no\/wp-content\/uploads\/2021\/02\/6Y5A9458.jpg","contentUrl":"https:\/\/www.jotunheimenhuskylodge.no\/wp-content\/uploads\/2021\/02\/6Y5A9458.jpg","width":1920,"height":1280},{"@type":"BreadcrumbList","@id":"https:\/\/www.jotunheimenhuskylodge.no\/de\/#breadcrumb","itemListElement":[{"@type":"ListItem","position":1,"name":"Hjem","item":"https:\/\/www.jotunheimenhuskylodge.no\/de\/"},{"@type":"ListItem","position":2,"name":"Front"}]},{"@type":"WebSite","@id":"https:\/\/www.jotunheimenhuskylodge.no\/de\/#website","url":"https:\/\/www.jotunheimenhuskylodge.no\/de\/","name":"Jotunheimen Husky Lodge","description":"Din dr\u00f8m \u2013 v\u00e5r lidenskap","potentialAction":[{"@type":"SearchAction","target":{"@type":"EntryPoint","urlTemplate":"https:\/\/www.jotunheimenhuskylodge.no\/de\/?s={search_term_string}"},"query-input":{"@type":"PropertyValueSpecification","valueRequired":true,"valueName":"search_term_string"}}],"inLanguage":"de"}]}},"_links":{"self":[{"href":"https:\/\/www.jotunheimenhuskylodge.no\/de\/wp-json\/wp\/v2\/pages\/12610","targetHints":{"allow":["GET"]}}],"collection":[{"href":"https:\/\/www.jotunheimenhuskylodge.no\/de\/wp-json\/wp\/v2\/pages"}],"about":[{"href":"https:\/\/www.jotunheimenhuskylodge.no\/de\/wp-json\/wp\/v2\/types\/page"}],"author":[{"embeddable":true,"href":"https:\/\/www.jotunheimenhuskylodge.no\/de\/wp-json\/wp\/v2\/users\/8"}],"replies":[{"embeddable":true,"href":"https:\/\/www.jotunheimenhuskylodge.no\/de\/wp-json\/wp\/v2\/comments?post=12610"}],"version-history":[{"count":27,"href":"https:\/\/www.jotunheimenhuskylodge.no\/de\/wp-json\/wp\/v2\/pages\/12610\/revisions"}],"predecessor-version":[{"id":13319,"href":"https:\/\/www.jotunheimenhuskylodge.no\/de\/wp-json\/wp\/v2\/pages\/12610\/revisions\/13319"}],"wp:featuredmedia":[{"embeddable":true,"href":"https:\/\/www.jotunheimenhuskylodge.no\/de\/wp-json\/wp\/v2\/media\/9239"}],"wp:attachment":[{"href":"https:\/\/www.jotunheimenhuskylodge.no\/de\/wp-json\/wp\/v2\/media?parent=12610"}],"curies":[{"name":"wp","href":"https:\/\/api.w.org\/{rel}","templated":true}]}}