{"id":12582,"date":"2023-02-24T09:49:05","date_gmt":"2023-02-24T08:49:05","guid":{"rendered":"https:\/\/www.jotunheimenhuskylodge.no\/grillhuette-unterschlupf-waerme-und-lagerfeueressen\/"},"modified":"2023-02-24T09:49:06","modified_gmt":"2023-02-24T08:49:06","slug":"grillhuette-unterschlupf-waerme-und-lagerfeueressen","status":"publish","type":"page","link":"https:\/\/www.jotunheimenhuskylodge.no\/de\/grillhuette-unterschlupf-waerme-und-lagerfeueressen\/","title":{"rendered":"Grillh\u00fctte &#8211; Unterschlupf, W\u00e4rme und Lagerfeueressen"},"content":{"rendered":"        <div class=\"c-gb-media\">\r\n        <div class=\"c-gb-media__image-wrapper\">\r\n            <figure class=\"c-gb-media__image\">\r\n                <img decoding=\"async\" src=\"https:\/\/www.jotunheimenhuskylodge.no\/wp-content\/uploads\/2021\/10\/246875932_1224749154682410_3830638101937031157_n.jpg\" alt=\"\" \/>\r\n                            <\/figure>\r\n        <\/div>\r\n    <\/div>\r\n<h5>Willkommen in der Grillh\u00fctte, unserem kleinen Wohnzimmer aus Massivholz aus Jotunheimen!<\/h5>\n<p>Die Mahlzeiten in der Jotunheimen Husky Lodge werden am Kamin in der Grillh\u00fctte serviert, die flei\u00dfigen Hundeausf\u00fchrern Schutz, Ruhe und W\u00e4rme bietet. Die Mahlzeiten bestehen aus regionalen Zutaten und werden von Hundef\u00fchrer \u00d8yvind, einem ausgebildeten Wildkoch, zubereitet.<\/p>\n<p>Die Grillh\u00fctte ist aus Massivholz aus unverwachsener Bergkiefer aus Jotunheimen gebaut, bietet Platz f\u00fcr bis zu 16 Personen und befindet sich auf dem Gel\u00e4nde der Jotunheimen Husky Lodge.<\/p>\n<p>M\u00f6chten Sie ein besonderes kulinarisches Erlebnis? Setzen Sie sich mit uns in Verbindung und wir stellen Ihnen ein Men\u00fc zusammen, das das Husky-Abenteuer kr\u00f6nt.<\/p>\n<p>Lesen Sie hier mehr \u00fcber die Mahlzeiten in der Jotunheimen Husky Lodge!<\/p>\n\n<figure class=\"wp-block-gallery columns-3 is-cropped wp-block-gallery-1 is-layout-flex wp-block-gallery-is-layout-flex\"><ul class=\"blocks-gallery-grid\"><li class=\"blocks-gallery-item\"><figure><img loading=\"lazy\" decoding=\"async\" width=\"819\" height=\"1024\" src=\"https:\/\/www.jotunheimenhuskylodge.no\/wp-content\/uploads\/2021\/10\/244475598_1224749151349077_8582708216225173627_n-819x1024.jpg\" alt=\"\" data-id=\"11041\" data-full-url=\"https:\/\/www.jotunheimenhuskylodge.no\/wp-content\/uploads\/2021\/10\/244475598_1224749151349077_8582708216225173627_n.jpg\" data-link=\"https:\/\/www.jotunheimenhuskylodge.no\/grillhytta-ly-varme-og-balmat\/attachment\/244475598_1224749151349077_8582708216225173627_n\/\" class=\"wp-image-11041\" srcset=\"https:\/\/www.jotunheimenhuskylodge.no\/wp-content\/uploads\/2021\/10\/244475598_1224749151349077_8582708216225173627_n-819x1024.jpg 819w, https:\/\/www.jotunheimenhuskylodge.no\/wp-content\/uploads\/2021\/10\/244475598_1224749151349077_8582708216225173627_n-600x750.jpg 600w, https:\/\/www.jotunheimenhuskylodge.no\/wp-content\/uploads\/2021\/10\/244475598_1224749151349077_8582708216225173627_n-240x300.jpg 240w, https:\/\/www.jotunheimenhuskylodge.no\/wp-content\/uploads\/2021\/10\/244475598_1224749151349077_8582708216225173627_n-768x960.jpg 768w, https:\/\/www.jotunheimenhuskylodge.no\/wp-content\/uploads\/2021\/10\/244475598_1224749151349077_8582708216225173627_n-1229x1536.jpg 1229w, https:\/\/www.jotunheimenhuskylodge.no\/wp-content\/uploads\/2021\/10\/244475598_1224749151349077_8582708216225173627_n.jpg 1440w\" sizes=\"auto, (max-width: 819px) 100vw, 819px\" \/><\/figure><\/li><li class=\"blocks-gallery-item\"><figure><img loading=\"lazy\" decoding=\"async\" width=\"819\" height=\"1024\" src=\"https:\/\/www.jotunheimenhuskylodge.no\/wp-content\/uploads\/2021\/10\/246597796_1224749161349076_4923776413114841000_n-819x1024.jpg\" alt=\"\" data-id=\"11044\" data-full-url=\"https:\/\/www.jotunheimenhuskylodge.no\/wp-content\/uploads\/2021\/10\/246597796_1224749161349076_4923776413114841000_n.jpg\" data-link=\"https:\/\/www.jotunheimenhuskylodge.no\/grillhytta-ly-varme-og-balmat\/attachment\/246597796_1224749161349076_4923776413114841000_n\/\" class=\"wp-image-11044\" srcset=\"https:\/\/www.jotunheimenhuskylodge.no\/wp-content\/uploads\/2021\/10\/246597796_1224749161349076_4923776413114841000_n-819x1024.jpg 819w, https:\/\/www.jotunheimenhuskylodge.no\/wp-content\/uploads\/2021\/10\/246597796_1224749161349076_4923776413114841000_n-600x750.jpg 600w, https:\/\/www.jotunheimenhuskylodge.no\/wp-content\/uploads\/2021\/10\/246597796_1224749161349076_4923776413114841000_n-240x300.jpg 240w, https:\/\/www.jotunheimenhuskylodge.no\/wp-content\/uploads\/2021\/10\/246597796_1224749161349076_4923776413114841000_n-768x960.jpg 768w, https:\/\/www.jotunheimenhuskylodge.no\/wp-content\/uploads\/2021\/10\/246597796_1224749161349076_4923776413114841000_n-1229x1536.jpg 1229w, https:\/\/www.jotunheimenhuskylodge.no\/wp-content\/uploads\/2021\/10\/246597796_1224749161349076_4923776413114841000_n.jpg 1440w\" sizes=\"auto, (max-width: 819px) 100vw, 819px\" \/><\/figure><\/li><li class=\"blocks-gallery-item\"><figure><img loading=\"lazy\" decoding=\"async\" width=\"819\" height=\"1024\" src=\"https:\/\/www.jotunheimenhuskylodge.no\/wp-content\/uploads\/2021\/10\/246875932_1224749154682410_3830638101937031157_n-1-819x1024.jpg\" alt=\"\" data-id=\"11050\" data-full-url=\"https:\/\/www.jotunheimenhuskylodge.no\/wp-content\/uploads\/2021\/10\/246875932_1224749154682410_3830638101937031157_n-1.jpg\" data-link=\"https:\/\/www.jotunheimenhuskylodge.no\/grillhytta-ly-varme-og-balmat\/attachment\/246875932_1224749154682410_3830638101937031157_n-1\/\" class=\"wp-image-11050\" srcset=\"https:\/\/www.jotunheimenhuskylodge.no\/wp-content\/uploads\/2021\/10\/246875932_1224749154682410_3830638101937031157_n-1-819x1024.jpg 819w, https:\/\/www.jotunheimenhuskylodge.no\/wp-content\/uploads\/2021\/10\/246875932_1224749154682410_3830638101937031157_n-1-600x750.jpg 600w, https:\/\/www.jotunheimenhuskylodge.no\/wp-content\/uploads\/2021\/10\/246875932_1224749154682410_3830638101937031157_n-1-240x300.jpg 240w, https:\/\/www.jotunheimenhuskylodge.no\/wp-content\/uploads\/2021\/10\/246875932_1224749154682410_3830638101937031157_n-1-768x960.jpg 768w, https:\/\/www.jotunheimenhuskylodge.no\/wp-content\/uploads\/2021\/10\/246875932_1224749154682410_3830638101937031157_n-1-1229x1536.jpg 1229w, https:\/\/www.jotunheimenhuskylodge.no\/wp-content\/uploads\/2021\/10\/246875932_1224749154682410_3830638101937031157_n-1.jpg 1440w\" sizes=\"auto, (max-width: 819px) 100vw, 819px\" \/><\/figure><\/li><li class=\"blocks-gallery-item\"><figure><img loading=\"lazy\" decoding=\"async\" width=\"819\" height=\"1024\" src=\"https:\/\/www.jotunheimenhuskylodge.no\/wp-content\/uploads\/2021\/10\/247364354_1224749158015743_1896116946437317348_n-819x1024.jpg\" alt=\"\" data-id=\"11053\" data-full-url=\"https:\/\/www.jotunheimenhuskylodge.no\/wp-content\/uploads\/2021\/10\/247364354_1224749158015743_1896116946437317348_n.jpg\" data-link=\"https:\/\/www.jotunheimenhuskylodge.no\/grillhytta-ly-varme-og-balmat\/attachment\/247364354_1224749158015743_1896116946437317348_n\/\" class=\"wp-image-11053\" srcset=\"https:\/\/www.jotunheimenhuskylodge.no\/wp-content\/uploads\/2021\/10\/247364354_1224749158015743_1896116946437317348_n-819x1024.jpg 819w, https:\/\/www.jotunheimenhuskylodge.no\/wp-content\/uploads\/2021\/10\/247364354_1224749158015743_1896116946437317348_n-600x750.jpg 600w, https:\/\/www.jotunheimenhuskylodge.no\/wp-content\/uploads\/2021\/10\/247364354_1224749158015743_1896116946437317348_n-240x300.jpg 240w, https:\/\/www.jotunheimenhuskylodge.no\/wp-content\/uploads\/2021\/10\/247364354_1224749158015743_1896116946437317348_n-768x960.jpg 768w, https:\/\/www.jotunheimenhuskylodge.no\/wp-content\/uploads\/2021\/10\/247364354_1224749158015743_1896116946437317348_n-1229x1536.jpg 1229w, https:\/\/www.jotunheimenhuskylodge.no\/wp-content\/uploads\/2021\/10\/247364354_1224749158015743_1896116946437317348_n.jpg 1440w\" sizes=\"auto, (max-width: 819px) 100vw, 819px\" \/><\/figure><\/li><\/ul><\/figure>","protected":false},"excerpt":{"rendered":"<p>Willkommen in der Grillh\u00fctte, unserem kleinen Wohnzimmer aus Massivholz aus Jotunheimen! Die Mahlzeiten in der Jotunheimen Husky Lodge werden am Kamin in der Grillh\u00fctte serviert, die flei\u00dfigen Hundeausf\u00fchrern Schutz, Ruhe und W\u00e4rme bietet. Die Mahlzeiten bestehen aus regionalen Zutaten und werden von Hundef\u00fchrer \u00d8yvind, einem ausgebildeten Wildkoch, zubereitet. Die Grillh\u00fctte ist aus Massivholz aus unverwachsener [&hellip;]<\/p>\n","protected":false},"author":4,"featured_media":0,"parent":0,"menu_order":0,"comment_status":"closed","ping_status":"closed","template":"","meta":{"_acf_changed":false,"footnotes":""},"class_list":["post-12582","page","type-page","status-publish","hentry"],"acf":[],"yoast_head":"<!-- This site is optimized with the Yoast SEO plugin v27.6 - https:\/\/yoast.com\/product\/yoast-seo-wordpress\/ -->\n<title>Grillh\u00fctte - Unterschlupf, W\u00e4rme und Lagerfeueressen - Jotunheimen Husky Lodge<\/title>\n<meta name=\"robots\" content=\"index, follow, max-snippet:-1, max-image-preview:large, max-video-preview:-1\" \/>\n<link rel=\"canonical\" href=\"https:\/\/www.jotunheimenhuskylodge.no\/de\/grillhuette-unterschlupf-waerme-und-lagerfeueressen\/\" \/>\n<meta property=\"og:locale\" content=\"de_DE\" \/>\n<meta property=\"og:type\" content=\"article\" \/>\n<meta property=\"og:title\" content=\"Grillh\u00fctte - Unterschlupf, W\u00e4rme und Lagerfeueressen - Jotunheimen Husky Lodge\" \/>\n<meta property=\"og:description\" content=\"Willkommen in der Grillh\u00fctte, unserem kleinen Wohnzimmer aus Massivholz aus Jotunheimen! Die Mahlzeiten in der Jotunheimen Husky Lodge werden am Kamin in der Grillh\u00fctte serviert, die flei\u00dfigen Hundeausf\u00fchrern Schutz, Ruhe und W\u00e4rme bietet. Die Mahlzeiten bestehen aus regionalen Zutaten und werden von Hundef\u00fchrer \u00d8yvind, einem ausgebildeten Wildkoch, zubereitet. Die Grillh\u00fctte ist aus Massivholz aus unverwachsener [&hellip;]\" \/>\n<meta property=\"og:url\" content=\"https:\/\/www.jotunheimenhuskylodge.no\/de\/grillhuette-unterschlupf-waerme-und-lagerfeueressen\/\" \/>\n<meta property=\"og:site_name\" content=\"Jotunheimen Husky Lodge\" \/>\n<meta property=\"article:modified_time\" content=\"2023-02-24T08:49:06+00:00\" \/>\n<meta property=\"og:image\" content=\"https:\/\/www.jotunheimenhuskylodge.no\/wp-content\/uploads\/2021\/10\/244475598_1224749151349077_8582708216225173627_n-819x1024.jpg\" \/>\n<meta name=\"twitter:card\" content=\"summary_large_image\" \/>\n<meta name=\"twitter:label1\" content=\"Gesch\u00e4tzte Lesezeit\" \/>\n\t<meta name=\"twitter:data1\" content=\"1\u00a0Minute\" \/>\n<script type=\"application\/ld+json\" class=\"yoast-schema-graph\">{\"@context\":\"https:\\\/\\\/schema.org\",\"@graph\":[{\"@type\":\"WebPage\",\"@id\":\"https:\\\/\\\/www.jotunheimenhuskylodge.no\\\/de\\\/grillhuette-unterschlupf-waerme-und-lagerfeueressen\\\/\",\"url\":\"https:\\\/\\\/www.jotunheimenhuskylodge.no\\\/de\\\/grillhuette-unterschlupf-waerme-und-lagerfeueressen\\\/\",\"name\":\"Grillh\u00fctte - Unterschlupf, W\u00e4rme und Lagerfeueressen - Jotunheimen Husky Lodge\",\"isPartOf\":{\"@id\":\"https:\\\/\\\/www.jotunheimenhuskylodge.no\\\/de\\\/#website\"},\"primaryImageOfPage\":{\"@id\":\"https:\\\/\\\/www.jotunheimenhuskylodge.no\\\/de\\\/grillhuette-unterschlupf-waerme-und-lagerfeueressen\\\/#primaryimage\"},\"image\":{\"@id\":\"https:\\\/\\\/www.jotunheimenhuskylodge.no\\\/de\\\/grillhuette-unterschlupf-waerme-und-lagerfeueressen\\\/#primaryimage\"},\"thumbnailUrl\":\"https:\\\/\\\/www.jotunheimenhuskylodge.no\\\/wp-content\\\/uploads\\\/2021\\\/10\\\/244475598_1224749151349077_8582708216225173627_n-819x1024.jpg\",\"datePublished\":\"2023-02-24T08:49:05+00:00\",\"dateModified\":\"2023-02-24T08:49:06+00:00\",\"breadcrumb\":{\"@id\":\"https:\\\/\\\/www.jotunheimenhuskylodge.no\\\/de\\\/grillhuette-unterschlupf-waerme-und-lagerfeueressen\\\/#breadcrumb\"},\"inLanguage\":\"de\",\"potentialAction\":[{\"@type\":\"ReadAction\",\"target\":[\"https:\\\/\\\/www.jotunheimenhuskylodge.no\\\/de\\\/grillhuette-unterschlupf-waerme-und-lagerfeueressen\\\/\"]}]},{\"@type\":\"ImageObject\",\"inLanguage\":\"de\",\"@id\":\"https:\\\/\\\/www.jotunheimenhuskylodge.no\\\/de\\\/grillhuette-unterschlupf-waerme-und-lagerfeueressen\\\/#primaryimage\",\"url\":\"https:\\\/\\\/www.jotunheimenhuskylodge.no\\\/wp-content\\\/uploads\\\/2021\\\/10\\\/244475598_1224749151349077_8582708216225173627_n-819x1024.jpg\",\"contentUrl\":\"https:\\\/\\\/www.jotunheimenhuskylodge.no\\\/wp-content\\\/uploads\\\/2021\\\/10\\\/244475598_1224749151349077_8582708216225173627_n-819x1024.jpg\"},{\"@type\":\"BreadcrumbList\",\"@id\":\"https:\\\/\\\/www.jotunheimenhuskylodge.no\\\/de\\\/grillhuette-unterschlupf-waerme-und-lagerfeueressen\\\/#breadcrumb\",\"itemListElement\":[{\"@type\":\"ListItem\",\"position\":1,\"name\":\"Hjem\",\"item\":\"https:\\\/\\\/www.jotunheimenhuskylodge.no\\\/de\\\/\"},{\"@type\":\"ListItem\",\"position\":2,\"name\":\"Grillh\u00fctte &#8211; Unterschlupf, W\u00e4rme und Lagerfeueressen\"}]},{\"@type\":\"WebSite\",\"@id\":\"https:\\\/\\\/www.jotunheimenhuskylodge.no\\\/de\\\/#website\",\"url\":\"https:\\\/\\\/www.jotunheimenhuskylodge.no\\\/de\\\/\",\"name\":\"Jotunheimen Husky Lodge\",\"description\":\"Din dr\u00f8m \u2013 v\u00e5r lidenskap\",\"potentialAction\":[{\"@type\":\"SearchAction\",\"target\":{\"@type\":\"EntryPoint\",\"urlTemplate\":\"https:\\\/\\\/www.jotunheimenhuskylodge.no\\\/de\\\/?s={search_term_string}\"},\"query-input\":{\"@type\":\"PropertyValueSpecification\",\"valueRequired\":true,\"valueName\":\"search_term_string\"}}],\"inLanguage\":\"de\"}]}<\/script>\n<!-- \/ Yoast SEO plugin. -->","yoast_head_json":{"title":"Grillh\u00fctte - Unterschlupf, W\u00e4rme und Lagerfeueressen - Jotunheimen Husky Lodge","robots":{"index":"index","follow":"follow","max-snippet":"max-snippet:-1","max-image-preview":"max-image-preview:large","max-video-preview":"max-video-preview:-1"},"canonical":"https:\/\/www.jotunheimenhuskylodge.no\/de\/grillhuette-unterschlupf-waerme-und-lagerfeueressen\/","og_locale":"de_DE","og_type":"article","og_title":"Grillh\u00fctte - Unterschlupf, W\u00e4rme und Lagerfeueressen - Jotunheimen Husky Lodge","og_description":"Willkommen in der Grillh\u00fctte, unserem kleinen Wohnzimmer aus Massivholz aus Jotunheimen! Die Mahlzeiten in der Jotunheimen Husky Lodge werden am Kamin in der Grillh\u00fctte serviert, die flei\u00dfigen Hundeausf\u00fchrern Schutz, Ruhe und W\u00e4rme bietet. Die Mahlzeiten bestehen aus regionalen Zutaten und werden von Hundef\u00fchrer \u00d8yvind, einem ausgebildeten Wildkoch, zubereitet. Die Grillh\u00fctte ist aus Massivholz aus unverwachsener [&hellip;]","og_url":"https:\/\/www.jotunheimenhuskylodge.no\/de\/grillhuette-unterschlupf-waerme-und-lagerfeueressen\/","og_site_name":"Jotunheimen Husky Lodge","article_modified_time":"2023-02-24T08:49:06+00:00","og_image":[{"url":"https:\/\/www.jotunheimenhuskylodge.no\/wp-content\/uploads\/2021\/10\/244475598_1224749151349077_8582708216225173627_n-819x1024.jpg","type":"","width":"","height":""}],"twitter_card":"summary_large_image","twitter_misc":{"Gesch\u00e4tzte Lesezeit":"1\u00a0Minute"},"schema":{"@context":"https:\/\/schema.org","@graph":[{"@type":"WebPage","@id":"https:\/\/www.jotunheimenhuskylodge.no\/de\/grillhuette-unterschlupf-waerme-und-lagerfeueressen\/","url":"https:\/\/www.jotunheimenhuskylodge.no\/de\/grillhuette-unterschlupf-waerme-und-lagerfeueressen\/","name":"Grillh\u00fctte - Unterschlupf, W\u00e4rme und Lagerfeueressen - Jotunheimen Husky Lodge","isPartOf":{"@id":"https:\/\/www.jotunheimenhuskylodge.no\/de\/#website"},"primaryImageOfPage":{"@id":"https:\/\/www.jotunheimenhuskylodge.no\/de\/grillhuette-unterschlupf-waerme-und-lagerfeueressen\/#primaryimage"},"image":{"@id":"https:\/\/www.jotunheimenhuskylodge.no\/de\/grillhuette-unterschlupf-waerme-und-lagerfeueressen\/#primaryimage"},"thumbnailUrl":"https:\/\/www.jotunheimenhuskylodge.no\/wp-content\/uploads\/2021\/10\/244475598_1224749151349077_8582708216225173627_n-819x1024.jpg","datePublished":"2023-02-24T08:49:05+00:00","dateModified":"2023-02-24T08:49:06+00:00","breadcrumb":{"@id":"https:\/\/www.jotunheimenhuskylodge.no\/de\/grillhuette-unterschlupf-waerme-und-lagerfeueressen\/#breadcrumb"},"inLanguage":"de","potentialAction":[{"@type":"ReadAction","target":["https:\/\/www.jotunheimenhuskylodge.no\/de\/grillhuette-unterschlupf-waerme-und-lagerfeueressen\/"]}]},{"@type":"ImageObject","inLanguage":"de","@id":"https:\/\/www.jotunheimenhuskylodge.no\/de\/grillhuette-unterschlupf-waerme-und-lagerfeueressen\/#primaryimage","url":"https:\/\/www.jotunheimenhuskylodge.no\/wp-content\/uploads\/2021\/10\/244475598_1224749151349077_8582708216225173627_n-819x1024.jpg","contentUrl":"https:\/\/www.jotunheimenhuskylodge.no\/wp-content\/uploads\/2021\/10\/244475598_1224749151349077_8582708216225173627_n-819x1024.jpg"},{"@type":"BreadcrumbList","@id":"https:\/\/www.jotunheimenhuskylodge.no\/de\/grillhuette-unterschlupf-waerme-und-lagerfeueressen\/#breadcrumb","itemListElement":[{"@type":"ListItem","position":1,"name":"Hjem","item":"https:\/\/www.jotunheimenhuskylodge.no\/de\/"},{"@type":"ListItem","position":2,"name":"Grillh\u00fctte &#8211; Unterschlupf, W\u00e4rme und Lagerfeueressen"}]},{"@type":"WebSite","@id":"https:\/\/www.jotunheimenhuskylodge.no\/de\/#website","url":"https:\/\/www.jotunheimenhuskylodge.no\/de\/","name":"Jotunheimen Husky Lodge","description":"Din dr\u00f8m \u2013 v\u00e5r lidenskap","potentialAction":[{"@type":"SearchAction","target":{"@type":"EntryPoint","urlTemplate":"https:\/\/www.jotunheimenhuskylodge.no\/de\/?s={search_term_string}"},"query-input":{"@type":"PropertyValueSpecification","valueRequired":true,"valueName":"search_term_string"}}],"inLanguage":"de"}]}},"_links":{"self":[{"href":"https:\/\/www.jotunheimenhuskylodge.no\/de\/wp-json\/wp\/v2\/pages\/12582","targetHints":{"allow":["GET"]}}],"collection":[{"href":"https:\/\/www.jotunheimenhuskylodge.no\/de\/wp-json\/wp\/v2\/pages"}],"about":[{"href":"https:\/\/www.jotunheimenhuskylodge.no\/de\/wp-json\/wp\/v2\/types\/page"}],"author":[{"embeddable":true,"href":"https:\/\/www.jotunheimenhuskylodge.no\/de\/wp-json\/wp\/v2\/users\/4"}],"replies":[{"embeddable":true,"href":"https:\/\/www.jotunheimenhuskylodge.no\/de\/wp-json\/wp\/v2\/comments?post=12582"}],"version-history":[{"count":1,"href":"https:\/\/www.jotunheimenhuskylodge.no\/de\/wp-json\/wp\/v2\/pages\/12582\/revisions"}],"predecessor-version":[{"id":12583,"href":"https:\/\/www.jotunheimenhuskylodge.no\/de\/wp-json\/wp\/v2\/pages\/12582\/revisions\/12583"}],"wp:attachment":[{"href":"https:\/\/www.jotunheimenhuskylodge.no\/de\/wp-json\/wp\/v2\/media?parent=12582"}],"curies":[{"name":"wp","href":"https:\/\/api.w.org\/{rel}","templated":true}]}}